{"id":7362,"date":"2013-05-31T08:44:43","date_gmt":"2013-05-31T08:44:43","guid":{"rendered":"https:\/\/www.sprachschule-aktiv-regensburg.de\/home\/"},"modified":"2026-03-15T09:01:22","modified_gmt":"2026-03-15T09:01:22","slug":"home","status":"publish","type":"page","link":"https:\/\/www.sprachschule-aktiv-regensburg.de\/tr\/","title":{"rendered":"Home"},"content":{"rendered":"<p>[vc_row full_width=&#8221;stretch_row_content_no_spaces&#8221;][vc_column][vc_single_image image=&#8221;9221&#8243; img_size=&#8221;full&#8221; alignment=&#8221;center&#8221;][\/vc_column][\/vc_row][vc_row css=&#8221;.vc_custom_1489569322649{padding-top: 30px !important;padding-bottom: 20px !important;}&#8221;][vc_column][vc_column_text]<\/p>\n<h1>Regensburg&#8217;da Almanca \u00f6\u011frenin: Yeni ba\u015flayanlar ve ileri seviyedeki \u00f6\u011frenciler i\u00e7in Almanca kursu<\/h1>\n<p>Regensburg&#8217;daki Almanca dil okulumuz, t\u00fcm d\u00fcnyadan kat\u0131l\u0131mc\u0131lara, yeni ba\u015flayanlar ve ileri d\u00fczey \u00f6\u011frenciler i\u00e7in Almanca kurslar\u0131 sunar. Konu\u015fuldu\u011fu \u00fclkede yabanc\u0131 dil \u00f6\u011frenmek en iyi yoldur. Almanya&#8217;da Almanca \u00f6\u011frenmek, yeni dil becerileri edinmenin veya Almanca&#8217;n\u0131z\u0131 iyile\u015ftirmenin en h\u0131zl\u0131 ve en etkili yoludur.[\/vc_column_text][\/vc_column][\/vc_row][vc_row full_width=&#8221;stretch_row&#8221; css=&#8221;.vc_custom_1489569295748{padding-top: 40px !important;padding-bottom: 40px !important;background-color: #f9f9f9 !important;}&#8221;][vc_column][vc_column_text]<\/p>\n<h2>A1, A2, B1, B2, C1, C2 i\u00e7in Almanca Yo\u011funlast\u0131r\u0131lm\u0131s Kurslar\u0131m\u0131z<\/h2>\n<p>[\/vc_column_text][vc_row_inner][vc_column_inner width=&#8221;1\/2&#8243;][vc_video link=&#8221;https:\/\/www.youtube.com\/embed\/xOuc5QMA6iM&#8221;][\/vc_column_inner][vc_column_inner width=&#8221;1\/2&#8243;][vc_column_text]Zaman \u00e7izelgesi, fiyatlar ve kurs ba\u015flang\u0131c\u0131:<br \/>\n&#8211; Almanca Yo\u011funla\u015ft\u0131r\u0131lm\u0131\u015f Kursu<br \/>\nTarihler: Pazartesiden cumaya 09: 00-12: 00<br \/>\nYeni ba\u015flayanlar i\u00e7in ba\u015flang\u0131\u00e7 kursu: her ay\u0131n ilk Pazartesi g\u00fcn\u00fc<br \/>\nIleri seviye dersin ba\u015flang\u0131c\u0131: Her Pazartesi g\u00fcn\u00fc<\/p>\n<p>Fiyatlar\u0131:<\/p>\n<ul>\n<li>1 hafta: 199 \u20ac<\/li>\n<li>2 hafta: 349\u00a0 \u20ac<\/li>\n<li>3 hafta: 449 \u20ac<\/li>\n<li>4 hafta (ayl\u0131k): 499 \u20ac<\/li>\n<li>\u0130ki ay veya daha fazla rezervasyon yaparsan\u0131z, ayda 449 \u20ac \u00f6dersiniz.<\/li>\n<\/ul>\n<p>[\/vc_column_text][\/vc_column_inner][\/vc_row_inner][\/vc_column][\/vc_row][vc_row full_width=&#8221;stretch_row&#8221; equal_height=&#8221;yes&#8221; content_placement=&#8221;middle&#8221; tc_enable_overlay=&#8221;true&#8221; css=&#8221;.vc_custom_1489569764739{padding-top: 30px !important;padding-bottom: 30px !important;}&#8221; el_class=&#8221;action-box m-b-none theme-bg-color&#8221;][vc_column width=&#8221;2\/3&#8243; css=&#8221;.vc_custom_1489228440142{padding-right: 20px !important;}&#8221;][vc_column_text]<\/p>\n<h3 class=\"text-white\">Regensburg&#8217;da Almanca \u00f6\u011frenin. Bize ula\u015f\u0131n!<\/h3>\n<p class=\"text-white\">Yeni ba\u015flayanlar ve ileri seviyedeki \u00f6\u011frenciler i\u00e7in Almanca kursu.<\/p>\n<p>[\/vc_column_text][\/vc_column][vc_column width=&#8221;1\/3&#8243;][vc_column_text]<a class=\"whyaweb-kontakt\" href=\"#\">Bize ula\u015f\u0131n<\/a>[\/vc_column_text][\/vc_column][\/vc_row][vc_row css=&#8221;.vc_custom_1489569850167{padding-top: 40px !important;padding-bottom: 40px !important;}&#8221;][vc_column][vc_column_text]<\/p>\n<h2>En fazla 7 kat\u0131l\u0131mc\u0131yla k\u00fc\u00e7\u00fck gruplar halinde Almanca kurslar\u0131<\/h2>\n<p>Yabanc\u0131 dil olarak Almanca \u00f6\u011frenmek isteyen herkes, dil okulumuzda dogru adrestedir. Y\u0131llar\u0131n tecr\u00fcbesiyle \u00f6zel e\u011fitim alm\u0131\u015f personelimiz Almanca dilbilgisi, kelime bilgisi ve \u00f6zel kurallar\u0131n bulundu\u011fu konulari \u00f6\u011frenmek isteyen herkes i\u00e7in kolayla\u015ft\u0131racak bir sistem geli\u015ftirdi. Sadece \u00f6\u011frencilerimize e\u011fitimli Almanca \u00f6\u011fretmenleri garanti etmekle kalm\u0131yoruz, ayn\u0131 zamanda k\u00fc\u00e7\u00fck s\u0131n\u0131flarda ders veriyoruz. \u00c7\u00fcnk\u00fc k\u00fc\u00e7\u00fck grupta bilgi ak\u0131s\u0131 en iyi sekilde isliyor ve dil ancak bu \u015fekilde yo\u011fun ve e\u011flenceli bir \u015fekilde \u00f6\u011frenilebilir. Bu hem yani baslayan hem de geli\u015fmi\u015f Almanca \u00f6\u011frencileri i\u00e7in ge\u00e7erlidir.<\/p>\n<h2>Regensburg&#8217;daki Almanca dil okulu<\/h2>\n<p>Regensburg&#8217;daki Almanca dil okulumuz \u00e7ok merkezi bir konumdad\u0131r. Bizi 93047 Regensburg&#8217;daki St. -Georgen-Platz 10&#8217;da bulacaks\u0131n\u0131z. Dil okulumuz yeni ba\u015flayanlar i\u00e7in A1 s\u0131n\u0131f\u0131, ileri seviye \u00f6\u011frenciler i\u00e7in B1\u2019den C2 s\u0131n\u0131f\u0131na kadar Almanca dersleri sunmaktad\u0131r. Buna ek olarak, Is Almancas\u0131 dil kursu, Ekonomi Almancas\u0131 veya bir Almanca s\u0131nav\u0131 haz\u0131rl\u0131k kursu gibi \u00e7e\u015fitli seceneklerden birini tercih edebilirsiniz.<br \/>\nBiraz Almanca biliyorsan\u0131z veya sadece dil becerilerinizi m\u00fckemmelle\u015ftirmek istiyorsan\u0131z, her zaman do\u011fru Almanca dil kursunu Aktiv Regensburg Dil Okulu\u2019nda bulacaks\u0131n\u0131z. Hangi dil seviyesinde oldu\u011funuzdan emin de\u011filseniz, \u00fccretsiz olarak bir seviye tespit testi yapabilir ve uygun dil kursunu bulabilirsiniz.<\/p>\n<p>Baz\u0131 \u00f6zel konularda Almanca \u00f6\u011fretmek tabii ki bizim i\u00e7in sorun de\u011fildir. \u00d6rne\u011fin \u0130\u015f D\u00fcnyas\u0131 Almancas\u0131 \u0130\u015f D\u00fcnyas\u0131 Almancas\u0131, Ekonomi Almancasi veya T\u0131p Almancas\u0131 \u00f6grenebilirsiniz. Ayr\u0131ca, s\u0131navlara haz\u0131rl\u0131k amac\u0131yla Almanca kurslar\u0131 d\u00fczenliyoruz, \u00f6r. &#8220;Almanca Dili Diplomas\u0131&#8221; , TELC, DTZ veya TestDaf \/ DSH gibi&#8230;<\/p>\n<p>Almanca kursuyna yaz\u0131lmaktaki hedefinize g\u00f6re dil okulumuzda her zaman en uygun Almanca dil kurslar\u0131n\u0131 bulacaks\u0131n\u0131z!<br \/>\n[\/vc_column_text][\/vc_column][\/vc_row][vc_row full_width=&#8221;stretch_row&#8221; css=&#8221;.vc_custom_1489569924832{padding-top: 40px !important;padding-bottom: 40px !important;background-color: #f9f9f9 !important;}&#8221;][vc_column][vc_column_text]<\/p>\n<h2>Regensburg&#8217;ta konaklama ve e\u011flence ile Almanca \u00f6\u011frenin<\/h2>\n<p>Bir dil gezisi, do\u011frudan Almanya&#8217;da Almanca \u00f6\u011frenebilece\u011finiz anlam\u0131na gelir ve Almanca dersleri ve konaklama yerleri i\u00e7erir. Regensburg&#8217;da bizim Almanca kursumuza gelmek isterseniz ve Regensburg&#8217;da konaklama bulmak isterseniz size yard\u0131mc\u0131 olmaktan mutluluk duyar\u0131z. Sizi g\u00f6rmeyi d\u00f6rt g\u00f6zle bekleyen bir\u00e7ok ev sahibi aileye temaslar\u0131m\u0131z var. Bu, Alman dili ve gelenekleriyle do\u011frudan temas kurman\u0131n en iyi yoludur. Bununla birlikte, yaln\u0131z ya\u015famak istiyorsan\u0131z, bir gen\u00e7lik yurdunda veya bir otelde konaklama bulman\u0131za yard\u0131mc\u0131 olabiliriz &#8211; dil \u00f6\u011frenimi geziniz s\u0131ras\u0131nda daima yan\u0131n\u0131zday\u0131z.<br \/>\nRegensburg&#8217;da b\u00f6yle bir dil gezisinin bir par\u00e7as\u0131 olarak bir\u00e7ok gezi organize ediyoruz ve \u00e7e\u015fitli bo\u015f zaman etkinlikleri sunuyoruz. B\u00f6ylece organizasyon konusunda endi\u015felenmeden, kolayca Almanca \u00f6\u011frenebilir ve Regensburg&#8217;u ya\u015fayabilirsiniz. Dil kursu Aktiv Regensburg&#8217;u ziyaret edin ve unutulmaz bir deneyim ya\u015fay\u0131n!<\/p>\n<h2>Neredeyiz\uff1f<\/h2>\n<p>[\/vc_column_text][vc_gmaps link=&#8221;#E-8_JTNDaWZyYW1lJTIwc3R5bGUlM0QlMjJib3JkZXIlM0ElMjAwJTNCJTIyJTIwc3JjJTNEJTIyaHR0cHMlM0ElMkYlMkZ3d3cuZ29vZ2xlLmNvbSUyRm1hcHMlMkZlbWJlZCUzRnBiJTNEJTIxMW0xNCUyMTFtOCUyMTFtMyUyMTFkMTA0NjYuNzY4NzI0NzMwMTElMjEyZDEyLjA5NjQzMjIlMjEzZDQ5LjAxNjQ0MDklMjEzbTIlMjExaTEwMjQlMjEyaTc2OCUyMTRmMTMuMSUyMTNtMyUyMTFtMiUyMTFzMHgwJTI1M0EweDlkMDY4NmI0MzRiYjI2Y2YlMjEyc1NwcmFjaHNjaHVsZSUyQkFrdGl2JTJCUmVnZW5zYnVyZyUyMTVlMCUyMTNtMiUyMTFzZGUlMjEyc2RlJTIxNHYxNDUzODc5MDkzMDIxJTIyJTIwd2lkdGglM0QlMjIxMDAlMjUlMjIlMjBoZWlnaHQlM0QlMjIzMDAlMjIlMjBmcmFtZWJvcmRlciUzRCUyMjAlMjIlMjBhbGxvd2Z1bGxzY3JlZW4lM0QlMjJhbGxvd2Z1bGxzY3JlZW4lMjIlM0UlM0MlMkZpZnJhbWUlM0U=&#8221;][\/vc_column][\/vc_row]<\/p>\n","protected":false},"excerpt":{"rendered":"<p>[vc_row full_width=&#8221;stretch_row_content_no_spaces&#8221;][vc_column][vc_single_image image=&#8221;9221&#8243; img_size=&#8221;full&#8221; alignment=&#8221;center&#8221;][\/vc_column][\/vc_row][vc_row css=&#8221;.vc_custom_1489569322649{padding-top: 30px !important;padding-bottom: 20px !important;}&#8221;][vc_column][vc_column_text] Regensburg&#8217;da Almanca \u00f6\u011frenin: Yeni ba\u015flayanlar ve ileri seviyedeki \u00f6\u011frenciler i\u00e7in Almanca kursu Regensburg&#8217;daki Almanca dil okulumuz, t\u00fcm d\u00fcnyadan kat\u0131l\u0131mc\u0131lara, yeni ba\u015flayanlar ve ileri d\u00fczey \u00f6\u011frenciler i\u00e7in Almanca kurslar\u0131 sunar. Konu\u015fuldu\u011fu \u00fclkede yabanc\u0131 dil \u00f6\u011frenmek en iyi yoldur. Almanya&#8217;da Almanca \u00f6\u011frenmek, yeni dil becerileri edinmenin veya&hellip; <a class=\"read-more\" href=\"https:\/\/www.sprachschule-aktiv-regensburg.de\/tr\/\" title=\"Read Home\">Read more &raquo;<\/a><\/p>\n","protected":false},"author":2,"featured_media":0,"parent":0,"menu_order":0,"comment_status":"closed","ping_status":"closed","template":"templates\/page-vc_compatible.php","meta":{"footnotes":""},"class_list":["post-7362","page","type-page","status-publish","hentry"],"yoast_head":"<!-- This site is optimized with the Yoast SEO plugin v27.1.1 - https:\/\/yoast.com\/product\/yoast-seo-wordpress\/ -->\n<title>Regensburg&#039;da Almanca \u00f6\u011frenin - Dil okulu - Sprachschule Aktiv<\/title>\n<meta name=\"description\" content=\"Regensburg&#039;daki Almanca dil okulumuz, t\u00fcm d\u00fcnyadan kat\u0131l\u0131mc\u0131lara, yeni ba\u015flayanlar ve ileri d\u00fczey \u00f6\u011frenciler i\u00e7in Almanca kurslar\u0131 sunar.\" \/>\n<meta name=\"robots\" content=\"index, follow, max-snippet:-1, max-image-preview:large, max-video-preview:-1\" \/>\n<link rel=\"canonical\" href=\"https:\/\/www.sprachschule-aktiv-regensburg.de\/tr\/\" \/>\n<meta property=\"og:locale\" content=\"tr_TR\" \/>\n<meta property=\"og:type\" content=\"article\" \/>\n<meta property=\"og:title\" content=\"Regensburg&#039;da Almanca \u00f6\u011frenin - Dil okulu - Sprachschule Aktiv\" \/>\n<meta property=\"og:description\" content=\"Regensburg&#039;daki Almanca dil okulumuz, t\u00fcm d\u00fcnyadan kat\u0131l\u0131mc\u0131lara, yeni ba\u015flayanlar ve ileri d\u00fczey \u00f6\u011frenciler i\u00e7in Almanca kurslar\u0131 sunar.\" \/>\n<meta property=\"og:url\" content=\"https:\/\/www.sprachschule-aktiv-regensburg.de\/tr\/\" \/>\n<meta property=\"og:site_name\" content=\"Sprachschule Aktiv Regensburg\" \/>\n<meta property=\"article:modified_time\" content=\"2026-03-15T09:01:22+00:00\" \/>\n<meta name=\"twitter:card\" content=\"summary_large_image\" \/>\n<meta name=\"twitter:label1\" content=\"Tahmini okuma s\u00fcresi\" \/>\n\t<meta name=\"twitter:data1\" content=\"4 dakika\" \/>\n<script type=\"application\/ld+json\" class=\"yoast-schema-graph\">{\"@context\":\"https:\/\/schema.org\",\"@graph\":[{\"@type\":\"WebPage\",\"@id\":\"https:\/\/www.sprachschule-aktiv-regensburg.de\/tr\/\",\"url\":\"https:\/\/www.sprachschule-aktiv-regensburg.de\/tr\/\",\"name\":\"Regensburg'da Almanca \u00f6\u011frenin - Dil okulu - Sprachschule Aktiv\",\"isPartOf\":{\"@id\":\"https:\/\/www.sprachschule-aktiv-regensburg.de\/#website\"},\"datePublished\":\"2013-05-31T08:44:43+00:00\",\"dateModified\":\"2026-03-15T09:01:22+00:00\",\"description\":\"Regensburg'daki Almanca dil okulumuz, t\u00fcm d\u00fcnyadan kat\u0131l\u0131mc\u0131lara, yeni ba\u015flayanlar ve ileri d\u00fczey \u00f6\u011frenciler i\u00e7in Almanca kurslar\u0131 sunar.\",\"breadcrumb\":{\"@id\":\"https:\/\/www.sprachschule-aktiv-regensburg.de\/tr\/#breadcrumb\"},\"inLanguage\":\"tr\",\"potentialAction\":[{\"@type\":\"ReadAction\",\"target\":[\"https:\/\/www.sprachschule-aktiv-regensburg.de\/tr\/\"]}]},{\"@type\":\"BreadcrumbList\",\"@id\":\"https:\/\/www.sprachschule-aktiv-regensburg.de\/tr\/#breadcrumb\",\"itemListElement\":[{\"@type\":\"ListItem\",\"position\":1,\"name\":\"Home\",\"item\":\"https:\/\/www.sprachschule-aktiv-regensburg.de\/tr\/\"},{\"@type\":\"ListItem\",\"position\":2,\"name\":\"Home\"}]},{\"@type\":\"WebSite\",\"@id\":\"https:\/\/www.sprachschule-aktiv-regensburg.de\/#website\",\"url\":\"https:\/\/www.sprachschule-aktiv-regensburg.de\/\",\"name\":\"Sprachschule Aktiv Regensburg\",\"description\":\"\",\"potentialAction\":[{\"@type\":\"SearchAction\",\"target\":{\"@type\":\"EntryPoint\",\"urlTemplate\":\"https:\/\/www.sprachschule-aktiv-regensburg.de\/?s={search_term_string}\"},\"query-input\":{\"@type\":\"PropertyValueSpecification\",\"valueRequired\":true,\"valueName\":\"search_term_string\"}}],\"inLanguage\":\"tr\"}]}<\/script>\n<!-- \/ Yoast SEO plugin. -->","yoast_head_json":{"title":"Regensburg'da Almanca \u00f6\u011frenin - Dil okulu - Sprachschule Aktiv","description":"Regensburg'daki Almanca dil okulumuz, t\u00fcm d\u00fcnyadan kat\u0131l\u0131mc\u0131lara, yeni ba\u015flayanlar ve ileri d\u00fczey \u00f6\u011frenciler i\u00e7in Almanca kurslar\u0131 sunar.","robots":{"index":"index","follow":"follow","max-snippet":"max-snippet:-1","max-image-preview":"max-image-preview:large","max-video-preview":"max-video-preview:-1"},"canonical":"https:\/\/www.sprachschule-aktiv-regensburg.de\/tr\/","og_locale":"tr_TR","og_type":"article","og_title":"Regensburg'da Almanca \u00f6\u011frenin - Dil okulu - Sprachschule Aktiv","og_description":"Regensburg'daki Almanca dil okulumuz, t\u00fcm d\u00fcnyadan kat\u0131l\u0131mc\u0131lara, yeni ba\u015flayanlar ve ileri d\u00fczey \u00f6\u011frenciler i\u00e7in Almanca kurslar\u0131 sunar.","og_url":"https:\/\/www.sprachschule-aktiv-regensburg.de\/tr\/","og_site_name":"Sprachschule Aktiv Regensburg","article_modified_time":"2026-03-15T09:01:22+00:00","twitter_card":"summary_large_image","twitter_misc":{"Tahmini okuma s\u00fcresi":"4 dakika"},"schema":{"@context":"https:\/\/schema.org","@graph":[{"@type":"WebPage","@id":"https:\/\/www.sprachschule-aktiv-regensburg.de\/tr\/","url":"https:\/\/www.sprachschule-aktiv-regensburg.de\/tr\/","name":"Regensburg'da Almanca \u00f6\u011frenin - Dil okulu - Sprachschule Aktiv","isPartOf":{"@id":"https:\/\/www.sprachschule-aktiv-regensburg.de\/#website"},"datePublished":"2013-05-31T08:44:43+00:00","dateModified":"2026-03-15T09:01:22+00:00","description":"Regensburg'daki Almanca dil okulumuz, t\u00fcm d\u00fcnyadan kat\u0131l\u0131mc\u0131lara, yeni ba\u015flayanlar ve ileri d\u00fczey \u00f6\u011frenciler i\u00e7in Almanca kurslar\u0131 sunar.","breadcrumb":{"@id":"https:\/\/www.sprachschule-aktiv-regensburg.de\/tr\/#breadcrumb"},"inLanguage":"tr","potentialAction":[{"@type":"ReadAction","target":["https:\/\/www.sprachschule-aktiv-regensburg.de\/tr\/"]}]},{"@type":"BreadcrumbList","@id":"https:\/\/www.sprachschule-aktiv-regensburg.de\/tr\/#breadcrumb","itemListElement":[{"@type":"ListItem","position":1,"name":"Home","item":"https:\/\/www.sprachschule-aktiv-regensburg.de\/tr\/"},{"@type":"ListItem","position":2,"name":"Home"}]},{"@type":"WebSite","@id":"https:\/\/www.sprachschule-aktiv-regensburg.de\/#website","url":"https:\/\/www.sprachschule-aktiv-regensburg.de\/","name":"Sprachschule Aktiv Regensburg","description":"","potentialAction":[{"@type":"SearchAction","target":{"@type":"EntryPoint","urlTemplate":"https:\/\/www.sprachschule-aktiv-regensburg.de\/?s={search_term_string}"},"query-input":{"@type":"PropertyValueSpecification","valueRequired":true,"valueName":"search_term_string"}}],"inLanguage":"tr"}]}},"_links":{"self":[{"href":"https:\/\/www.sprachschule-aktiv-regensburg.de\/tr\/wp-json\/wp\/v2\/pages\/7362","targetHints":{"allow":["GET"]}}],"collection":[{"href":"https:\/\/www.sprachschule-aktiv-regensburg.de\/tr\/wp-json\/wp\/v2\/pages"}],"about":[{"href":"https:\/\/www.sprachschule-aktiv-regensburg.de\/tr\/wp-json\/wp\/v2\/types\/page"}],"author":[{"embeddable":true,"href":"https:\/\/www.sprachschule-aktiv-regensburg.de\/tr\/wp-json\/wp\/v2\/users\/2"}],"replies":[{"embeddable":true,"href":"https:\/\/www.sprachschule-aktiv-regensburg.de\/tr\/wp-json\/wp\/v2\/comments?post=7362"}],"version-history":[{"count":13,"href":"https:\/\/www.sprachschule-aktiv-regensburg.de\/tr\/wp-json\/wp\/v2\/pages\/7362\/revisions"}],"predecessor-version":[{"id":7364,"href":"https:\/\/www.sprachschule-aktiv-regensburg.de\/tr\/wp-json\/wp\/v2\/pages\/7362\/revisions\/7364"}],"wp:attachment":[{"href":"https:\/\/www.sprachschule-aktiv-regensburg.de\/tr\/wp-json\/wp\/v2\/media?parent=7362"}],"curies":[{"name":"wp","href":"https:\/\/api.w.org\/{rel}","templated":true}]}}