{"id":7527,"date":"2013-05-31T08:44:43","date_gmt":"2013-05-31T08:44:43","guid":{"rendered":"https:\/\/www.sprachschule-aktiv-regensburg.de\/home\/"},"modified":"2026-03-15T08:59:16","modified_gmt":"2026-03-15T08:59:16","slug":"home","status":"publish","type":"page","link":"https:\/\/www.sprachschule-aktiv-regensburg.de\/sr\/","title":{"rendered":"Home"},"content":{"rendered":"<p>[vc_row full_width=&#8221;stretch_row_content_no_spaces&#8221;][vc_column][vc_single_image image=&#8221;9219&#8243; img_size=&#8221;full&#8221; alignment=&#8221;center&#8221;][\/vc_column][\/vc_row][vc_row css=&#8221;.vc_custom_1489569322649{padding-top: 30px !important;padding-bottom: 20px !important;}&#8221;][vc_column][vc_column_text]<\/p>\n<h1>U\u010denje nema\u010dkog u Regensburgu: kursevi za po\u010detnike i napredni kursevi<\/h1>\n<p>Na\u0161a \u0161kola nema\u010dkog jezika u Regensburgu dala je sebi zadatak da polaznicima iz celog sveta ponudi raznovrsnu ponudu kurseva nema\u010dkog jezika za po\u010detnike i one koji usavr\u0161avaju nema\u010dki jezik. Jedva da postoji bolji na\u010din nego u\u010diti strani jezik u zemlji u kojoj se on i govori. U\u010denje nema\u010dkog jezika u Nema\u010dkoj je najbr\u017ea i najefektivnija metoda da steknete znanje jezika ili da va\u0161e znanje nema\u010dkog jezika pobolj\u0161ate u najkra\u0107em roku.[\/vc_column_text][\/vc_column][\/vc_row][vc_row full_width=&#8221;stretch_row&#8221; css=&#8221;.vc_custom_1489569295748{padding-top: 40px !important;padding-bottom: 40px !important;background-color: #f9f9f9 !important;}&#8221;][vc_column][vc_column_text]<\/p>\n<h2>Na\u0161i intenzivni kursevi nema\u010dkog jezika za A1, A2, B1, B2, C1, C2<\/h2>\n<p>[\/vc_column_text][vc_row_inner][vc_column_inner width=&#8221;1\/2&#8243;][vc_video link=&#8221;https:\/\/www.youtube.com\/embed\/xOuc5QMA6iM&#8221;][\/vc_column_inner][vc_column_inner width=&#8221;1\/2&#8243;][vc_column_text]Plan nastave, cene i po\u010detak kursa:<\/p>\n<p><strong>Intenzivan kurs nema\u010dkog jezika: <\/strong><br \/>\ntermini: ponedeljak \u2013 petak od 9.00h do 12.00h<br \/>\nKurs nema\u010dkog jezika za po\u010detnike: svakog prvog ponedeljka u mesecu<br \/>\nPo\u010detak kursa za polaznike sa predznanjem: priklju\u010divanje mogu\u0107e svakog ponedeljka<br \/>\nCene:<\/p>\n<ul>\n<li>1 nedelja 199 evra<\/li>\n<li>2 nedelje 349 evra<\/li>\n<li>3 nedelje 449 evra<\/li>\n<li>4 nedelje (mese\u010dno): 499 evra<\/li>\n<li>Ako rezervirate dva mjeseca ili vi\u0161e, pla\u0107ate 449 \u20ac mjese\u010dno.<\/li>\n<\/ul>\n<p>[\/vc_column_text][\/vc_column_inner][\/vc_row_inner][\/vc_column][\/vc_row][vc_row full_width=&#8221;stretch_row&#8221; equal_height=&#8221;yes&#8221; content_placement=&#8221;middle&#8221; tc_enable_overlay=&#8221;true&#8221; css=&#8221;.vc_custom_1489569764739{padding-top: 30px !important;padding-bottom: 30px !important;}&#8221; el_class=&#8221;action-box m-b-none theme-bg-color&#8221;][vc_column width=&#8221;2\/3&#8243; css=&#8221;.vc_custom_1489228440142{padding-right: 20px !important;}&#8221;][vc_column_text]<\/p>\n<h3 class=\"text-white\">Da li vam je potrebno vi\u0161e informacija? Kontaktirajte nas<\/h3>\n<p class=\"text-white\">U\u010denje nema\u010dkog u Regensburgu: kursevi nema\u010dkog za po\u010detnike i one koji \u017eele da usavr\u0161e nema\u010dki jezik<\/p>\n<p>[\/vc_column_text][\/vc_column][vc_column width=&#8221;1\/3&#8243;][vc_column_text]<a class=\"whyaweb-kontakt\" href=\"#\">Kontakt<\/a>[\/vc_column_text][\/vc_column][\/vc_row][vc_row css=&#8221;.vc_custom_1489569850167{padding-top: 40px !important;padding-bottom: 40px !important;}&#8221;][vc_column][vc_column_text]<\/p>\n<h2>Kursevi nema\u010dkog u malim grupama do najvi\u0161e sedam polaznika<\/h2>\n<p>Ko \u017eeli da nau\u010di nema\u010dki kao strani jezik, zbrinut je u na\u0161oj \u0161koli na najbolji mogu\u0107i na\u010din. Na\u0161e dugogodi\u0161nje iskustvo i posebno obu\u010deni saradnici razvili su sistem uz koji svako, ko je spreman da u\u010di, d\u017eunglu nema\u010dke gramatike, vokabulara, vremena i posebnih pravila razja\u0161njava u najkra\u0107em roku. Garantujemo na\u0161im polaznicima ne samo da \u0107e ih podu\u010davati isklju\u010divo \u0161kolovani nema\u010dki predava\u010di nego i da \u0107e se ova nastava odr\u017eavati naravno samo u malim grupama. U malim grupama razmena je najjednostavnija, samo tako se mo\u017ee u\u010diti intenzivno i istovremeno kroz igru. To va\u017ei kako za po\u010detne kurseve tako i za one u\u010denike nema\u010dkog koji usavr\u0161avaju znanje jezika.<\/p>\n<h2>Na\u0161a \u0161kola nema\u010dkog jezika u Regensburgu<\/h2>\n<p>Na\u0161a \u0161kola nema\u010dkog jezika u Regensburgu nalazi se u centru grada. Na\u0107i \u0107ete nas na trgu St.- Georgen \u2013 Platz broj deset u Regensburgu. Na\u0161a \u0161kola jezika nudi kurseve za po\u010detnike (nivo A1), preko nivoa B1 do kurseva za usavr\u0161avanje jezika na C1 nivou. Pored toga mo\u017eete mo\u017eete birati kurs po tematici, primera radi kurs poslovnog nema\u010dkog, ekonomski nema\u010dki ili kurs nema\u010dkog za pripremu ispita.<\/p>\n<p>Potpuno je svejedno, da li po\u010dinjete od po\u010detka, imate ve\u0107 neko predznanje nema\u010dkog ili samo \u017eelite da usavr\u0161ite va\u0161e znanje jezika, u \u0161koli jezika Aktiv u Regensburgu na\u0107i \u0107ete uvek odgovaraju\u0107i kurs nema\u010dkog jezika. Ako niste sigurni na kojem ste nivou mo\u017eete potpuno besplatno uraditi uvodni test i preporu\u010di\u0107emo vam odgovaraju\u0107i kurs.<\/p>\n<p>U\u010denje nema\u010dkog sa posebnom tematikom nije nam naravno nikakav problem, imamo kurseve na kojima primera radi mo\u017eete da u\u010dite poslovni nema\u010dki, ekonomski nema\u010dki ili nema\u010dki za medicinsku struku. Pored toga organizujemo nema\u010dke kurseve kao pripremu za ispite, primera radi da bi ste dobili ,,Deutsche Sprachdiplom\u201d , sertifikat TELC, DTZ ili Test DAF\/DSH. Bez obrira kojim ciljevima te\u017eite \u2013 u na\u0161oj \u0161koli jezika na\u0107i \u0107ete uvek odgovaraju\u0107i kurs nema\u010dkog jezika![\/vc_column_text][\/vc_column][\/vc_row][vc_row full_width=&#8221;stretch_row&#8221; css=&#8221;.vc_custom_1489569924832{padding-top: 40px !important;padding-bottom: 40px !important;background-color: #f9f9f9 !important;}&#8221;][vc_column][vc_column_text]<\/p>\n<h2>U\u010denje nema\u010dkog jezika u Regensburgu sa obezbe\u0111enim sme\u0161tajem i slobodnim vremenom<\/h2>\n<p>Jezi\u010dko putovanje zna\u010di, da nema\u010dki jezik mo\u017eete u\u010diti direktno u nema\u010dkoj i uklju\u010duje nastavu na nema\u010dkom jeziku i sme\u0161taj. Ako \u017eelite da kod nas u Regensburgu poha\u0111ate kurs nema\u010dkog jezika, stojimo vam rado na raspolaganju i poma\u017eemo vam da prema svojoj \u017eelji prona\u0111ete sme\u0161taj u Regensburgu. Imamo kontakte sa velikim brojem porodica koje nude sme\u0161taj i koje vam se raduju. Ovo je najbolja mogu\u0107nost, da do\u017eivite neposredan kontakt sa jezikom i nema\u010dkim obi\u010dajima. Ukoliko \u017eelite da \u017eivite sami, poma\u017eemo vam da na\u0111ete sme\u0161taj u hostelu ili hotelu \u2013 uvek smo na va\u0161oj strani.<\/p>\n<p>U okvirima ovakvog jezi\u010dkog putovanja u Regensburgu organizujemo mnoge izlete i nudimo \u0161iroki spektar slobodnih aktivnosti. Tako mo\u017eete bez brige o organizaciji da bezbri\u017eno u\u010dite nema\u010dki jezik i do\u017eivite Regensburg. Posetite na\u0161u \u0161kolu jezika Aktiv u Regensburgu i omogu\u0107ite sebi jedno nezaboravno iskustvo!<\/p>\n<h2>Gdje smo?<\/h2>\n<p>[\/vc_column_text][vc_gmaps link=&#8221;#E-8_JTNDaWZyYW1lJTIwc3R5bGUlM0QlMjJib3JkZXIlM0ElMjAwJTNCJTIyJTIwc3JjJTNEJTIyaHR0cHMlM0ElMkYlMkZ3d3cuZ29vZ2xlLmNvbSUyRm1hcHMlMkZlbWJlZCUzRnBiJTNEJTIxMW0xNCUyMTFtOCUyMTFtMyUyMTFkMTA0NjYuNzY4NzI0NzMwMTElMjEyZDEyLjA5NjQzMjIlMjEzZDQ5LjAxNjQ0MDklMjEzbTIlMjExaTEwMjQlMjEyaTc2OCUyMTRmMTMuMSUyMTNtMyUyMTFtMiUyMTFzMHgwJTI1M0EweDlkMDY4NmI0MzRiYjI2Y2YlMjEyc1NwcmFjaHNjaHVsZSUyQkFrdGl2JTJCUmVnZW5zYnVyZyUyMTVlMCUyMTNtMiUyMTFzZGUlMjEyc2RlJTIxNHYxNDUzODc5MDkzMDIxJTIyJTIwd2lkdGglM0QlMjIxMDAlMjUlMjIlMjBoZWlnaHQlM0QlMjIzMDAlMjIlMjBmcmFtZWJvcmRlciUzRCUyMjAlMjIlMjBhbGxvd2Z1bGxzY3JlZW4lM0QlMjJhbGxvd2Z1bGxzY3JlZW4lMjIlM0UlM0MlMkZpZnJhbWUlM0U=&#8221;][\/vc_column][\/vc_row]<\/p>\n","protected":false},"excerpt":{"rendered":"<p>[vc_row full_width=&#8221;stretch_row_content_no_spaces&#8221;][vc_column][vc_single_image image=&#8221;9219&#8243; img_size=&#8221;full&#8221; alignment=&#8221;center&#8221;][\/vc_column][\/vc_row][vc_row css=&#8221;.vc_custom_1489569322649{padding-top: 30px !important;padding-bottom: 20px !important;}&#8221;][vc_column][vc_column_text] U\u010denje nema\u010dkog u Regensburgu: kursevi za po\u010detnike i napredni kursevi Na\u0161a \u0161kola nema\u010dkog jezika u Regensburgu dala je sebi zadatak da polaznicima iz celog sveta ponudi raznovrsnu ponudu kurseva nema\u010dkog jezika za po\u010detnike i one koji usavr\u0161avaju nema\u010dki jezik. Jedva da postoji bolji na\u010din nego&hellip; <a class=\"read-more\" href=\"https:\/\/www.sprachschule-aktiv-regensburg.de\/sr\/\" title=\"Read Home\">Read more &raquo;<\/a><\/p>\n","protected":false},"author":2,"featured_media":0,"parent":0,"menu_order":0,"comment_status":"closed","ping_status":"closed","template":"templates\/page-vc_compatible.php","meta":{"footnotes":""},"class_list":["post-7527","page","type-page","status-publish","hentry"],"yoast_head":"<!-- This site is optimized with the Yoast SEO plugin v27.1.1 - https:\/\/yoast.com\/product\/yoast-seo-wordpress\/ -->\n<title>U\u010denje nema\u010dkog u Regensburgu: kursevi za po\u010detnike<\/title>\n<meta name=\"description\" content=\"Na\u0161a \u0161kola nema\u010dkog jezika u Regensburgu dala je sebi zadatak da polaznicima iz celog sveta ponudi raznovrsnu ponudu kurseva nema\u010dkog jezika za po\u010detnike i one koji usavr\u0161avaju nema\u010dki jezik.\" \/>\n<meta name=\"robots\" content=\"index, follow, max-snippet:-1, max-image-preview:large, max-video-preview:-1\" \/>\n<link rel=\"canonical\" href=\"https:\/\/www.sprachschule-aktiv-regensburg.de\/sr\/\" \/>\n<meta property=\"og:locale\" content=\"sr_RS\" \/>\n<meta property=\"og:type\" content=\"article\" \/>\n<meta property=\"og:title\" content=\"U\u010denje nema\u010dkog u Regensburgu: kursevi za po\u010detnike\" \/>\n<meta property=\"og:description\" content=\"Na\u0161a \u0161kola nema\u010dkog jezika u Regensburgu dala je sebi zadatak da polaznicima iz celog sveta ponudi raznovrsnu ponudu kurseva nema\u010dkog jezika za po\u010detnike i one koji usavr\u0161avaju nema\u010dki jezik.\" \/>\n<meta property=\"og:url\" content=\"https:\/\/www.sprachschule-aktiv-regensburg.de\/sr\/\" \/>\n<meta property=\"og:site_name\" content=\"Sprachschule Aktiv Regensburg\" \/>\n<meta property=\"article:modified_time\" content=\"2026-03-15T08:59:16+00:00\" \/>\n<meta name=\"twitter:card\" content=\"summary_large_image\" \/>\n<meta name=\"twitter:label1\" content=\"\u041f\u0440\u043e\u0446\u0435\u045a\u0435\u043d\u043e \u0432\u0440\u0435\u043c\u0435 \u0447\u0438\u0442\u0430\u045a\u0430\" \/>\n\t<meta name=\"twitter:data1\" content=\"4 \u043c\u0438\u043d\u0443\u0442\u0430\" \/>\n<script type=\"application\/ld+json\" class=\"yoast-schema-graph\">{\"@context\":\"https:\/\/schema.org\",\"@graph\":[{\"@type\":\"WebPage\",\"@id\":\"https:\/\/www.sprachschule-aktiv-regensburg.de\/sr\/\",\"url\":\"https:\/\/www.sprachschule-aktiv-regensburg.de\/sr\/\",\"name\":\"U\u010denje nema\u010dkog u Regensburgu: kursevi za po\u010detnike\",\"isPartOf\":{\"@id\":\"https:\/\/www.sprachschule-aktiv-regensburg.de\/#website\"},\"datePublished\":\"2013-05-31T08:44:43+00:00\",\"dateModified\":\"2026-03-15T08:59:16+00:00\",\"description\":\"Na\u0161a \u0161kola nema\u010dkog jezika u Regensburgu dala je sebi zadatak da polaznicima iz celog sveta ponudi raznovrsnu ponudu kurseva nema\u010dkog jezika za po\u010detnike i one koji usavr\u0161avaju nema\u010dki jezik.\",\"breadcrumb\":{\"@id\":\"https:\/\/www.sprachschule-aktiv-regensburg.de\/sr\/#breadcrumb\"},\"inLanguage\":\"sr-RS\",\"potentialAction\":[{\"@type\":\"ReadAction\",\"target\":[\"https:\/\/www.sprachschule-aktiv-regensburg.de\/sr\/\"]}]},{\"@type\":\"BreadcrumbList\",\"@id\":\"https:\/\/www.sprachschule-aktiv-regensburg.de\/sr\/#breadcrumb\",\"itemListElement\":[{\"@type\":\"ListItem\",\"position\":1,\"name\":\"Home\",\"item\":\"https:\/\/www.sprachschule-aktiv-regensburg.de\/sr\/\"},{\"@type\":\"ListItem\",\"position\":2,\"name\":\"Home\"}]},{\"@type\":\"WebSite\",\"@id\":\"https:\/\/www.sprachschule-aktiv-regensburg.de\/#website\",\"url\":\"https:\/\/www.sprachschule-aktiv-regensburg.de\/\",\"name\":\"Sprachschule Aktiv Regensburg\",\"description\":\"\",\"potentialAction\":[{\"@type\":\"SearchAction\",\"target\":{\"@type\":\"EntryPoint\",\"urlTemplate\":\"https:\/\/www.sprachschule-aktiv-regensburg.de\/?s={search_term_string}\"},\"query-input\":{\"@type\":\"PropertyValueSpecification\",\"valueRequired\":true,\"valueName\":\"search_term_string\"}}],\"inLanguage\":\"sr-RS\"}]}<\/script>\n<!-- \/ Yoast SEO plugin. -->","yoast_head_json":{"title":"U\u010denje nema\u010dkog u Regensburgu: kursevi za po\u010detnike","description":"Na\u0161a \u0161kola nema\u010dkog jezika u Regensburgu dala je sebi zadatak da polaznicima iz celog sveta ponudi raznovrsnu ponudu kurseva nema\u010dkog jezika za po\u010detnike i one koji usavr\u0161avaju nema\u010dki jezik.","robots":{"index":"index","follow":"follow","max-snippet":"max-snippet:-1","max-image-preview":"max-image-preview:large","max-video-preview":"max-video-preview:-1"},"canonical":"https:\/\/www.sprachschule-aktiv-regensburg.de\/sr\/","og_locale":"sr_RS","og_type":"article","og_title":"U\u010denje nema\u010dkog u Regensburgu: kursevi za po\u010detnike","og_description":"Na\u0161a \u0161kola nema\u010dkog jezika u Regensburgu dala je sebi zadatak da polaznicima iz celog sveta ponudi raznovrsnu ponudu kurseva nema\u010dkog jezika za po\u010detnike i one koji usavr\u0161avaju nema\u010dki jezik.","og_url":"https:\/\/www.sprachschule-aktiv-regensburg.de\/sr\/","og_site_name":"Sprachschule Aktiv Regensburg","article_modified_time":"2026-03-15T08:59:16+00:00","twitter_card":"summary_large_image","twitter_misc":{"\u041f\u0440\u043e\u0446\u0435\u045a\u0435\u043d\u043e \u0432\u0440\u0435\u043c\u0435 \u0447\u0438\u0442\u0430\u045a\u0430":"4 \u043c\u0438\u043d\u0443\u0442\u0430"},"schema":{"@context":"https:\/\/schema.org","@graph":[{"@type":"WebPage","@id":"https:\/\/www.sprachschule-aktiv-regensburg.de\/sr\/","url":"https:\/\/www.sprachschule-aktiv-regensburg.de\/sr\/","name":"U\u010denje nema\u010dkog u Regensburgu: kursevi za po\u010detnike","isPartOf":{"@id":"https:\/\/www.sprachschule-aktiv-regensburg.de\/#website"},"datePublished":"2013-05-31T08:44:43+00:00","dateModified":"2026-03-15T08:59:16+00:00","description":"Na\u0161a \u0161kola nema\u010dkog jezika u Regensburgu dala je sebi zadatak da polaznicima iz celog sveta ponudi raznovrsnu ponudu kurseva nema\u010dkog jezika za po\u010detnike i one koji usavr\u0161avaju nema\u010dki jezik.","breadcrumb":{"@id":"https:\/\/www.sprachschule-aktiv-regensburg.de\/sr\/#breadcrumb"},"inLanguage":"sr-RS","potentialAction":[{"@type":"ReadAction","target":["https:\/\/www.sprachschule-aktiv-regensburg.de\/sr\/"]}]},{"@type":"BreadcrumbList","@id":"https:\/\/www.sprachschule-aktiv-regensburg.de\/sr\/#breadcrumb","itemListElement":[{"@type":"ListItem","position":1,"name":"Home","item":"https:\/\/www.sprachschule-aktiv-regensburg.de\/sr\/"},{"@type":"ListItem","position":2,"name":"Home"}]},{"@type":"WebSite","@id":"https:\/\/www.sprachschule-aktiv-regensburg.de\/#website","url":"https:\/\/www.sprachschule-aktiv-regensburg.de\/","name":"Sprachschule Aktiv Regensburg","description":"","potentialAction":[{"@type":"SearchAction","target":{"@type":"EntryPoint","urlTemplate":"https:\/\/www.sprachschule-aktiv-regensburg.de\/?s={search_term_string}"},"query-input":{"@type":"PropertyValueSpecification","valueRequired":true,"valueName":"search_term_string"}}],"inLanguage":"sr-RS"}]}},"_links":{"self":[{"href":"https:\/\/www.sprachschule-aktiv-regensburg.de\/sr\/wp-json\/wp\/v2\/pages\/7527","targetHints":{"allow":["GET"]}}],"collection":[{"href":"https:\/\/www.sprachschule-aktiv-regensburg.de\/sr\/wp-json\/wp\/v2\/pages"}],"about":[{"href":"https:\/\/www.sprachschule-aktiv-regensburg.de\/sr\/wp-json\/wp\/v2\/types\/page"}],"author":[{"embeddable":true,"href":"https:\/\/www.sprachschule-aktiv-regensburg.de\/sr\/wp-json\/wp\/v2\/users\/2"}],"replies":[{"embeddable":true,"href":"https:\/\/www.sprachschule-aktiv-regensburg.de\/sr\/wp-json\/wp\/v2\/comments?post=7527"}],"version-history":[{"count":9,"href":"https:\/\/www.sprachschule-aktiv-regensburg.de\/sr\/wp-json\/wp\/v2\/pages\/7527\/revisions"}],"predecessor-version":[{"id":7529,"href":"https:\/\/www.sprachschule-aktiv-regensburg.de\/sr\/wp-json\/wp\/v2\/pages\/7527\/revisions\/7529"}],"wp:attachment":[{"href":"https:\/\/www.sprachschule-aktiv-regensburg.de\/sr\/wp-json\/wp\/v2\/media?parent=7527"}],"curies":[{"name":"wp","href":"https:\/\/api.w.org\/{rel}","templated":true}]}}