{"id":6645,"date":"2013-05-31T11:56:39","date_gmt":"2013-05-31T11:56:39","guid":{"rendered":"https:\/\/www.sprachschule-aktiv-regensburg.de\/kontakt\/"},"modified":"2018-02-16T06:31:35","modified_gmt":"2018-02-16T06:31:35","slug":"kontakt","status":"publish","type":"page","link":"https:\/\/www.sprachschule-aktiv-regensburg.de\/sq\/kontakt\/","title":{"rendered":"Kontakt &#8211; Sprachschule Aktiv Regensburg"},"content":{"rendered":"<p>[vc_row height=&#8221;auto&#8221; width=&#8221;full&#8221; css=&#8221;.vc_custom_1489570076109{padding-top: 40px !important;padding-bottom: 40px !important;}&#8221;][vc_column][vc_column_text]<\/p>\n<h1 style=\"text-align: center;\">Forma e kontaktit &#8211; Sprachschule Aktiv<\/h1>\n<p>Forma e kontaktit \u2013 Sprachschule Aktiv<br \/>\nNa\u00a0kontaktoni\u00a0dhe\u00a0t\u00eb\u00a0m\u00ebsojn\u00eb\u00a0gjermanisht n\u00eb Regensburg[\/vc_column_text][\/vc_column][\/vc_row][vc_row full_width=&#8221;stretch_row&#8221; css=&#8221;.vc_custom_1490690421970{padding-top: 40px !important;padding-bottom: 40px !important;background-color: #f9f9f9 !important;}&#8221;][vc_column width=&#8221;2\/3&#8243;][vc_column_text]<\/p>\n<h2>Plot\u00ebsoni formularin e kontaktit<\/h2>\n<p>[\/vc_column_text]\n<div class=\"wpcf7 no-js\" id=\"wpcf7-f6649-o1\" lang=\"de-DE\" dir=\"ltr\" data-wpcf7-id=\"6649\">\n<div class=\"screen-reader-response\"><p role=\"status\" aria-live=\"polite\" aria-atomic=\"true\"><\/p> <ul><\/ul><\/div>\n<form action=\"\/sq\/wp-json\/wp\/v2\/pages\/6645#wpcf7-f6649-o1\" method=\"post\" class=\"wpcf7-form init wpcf7-acceptance-as-validation\" aria-label=\"Kontaktformular\" novalidate=\"novalidate\" data-status=\"init\">\n<fieldset class=\"hidden-fields-container\"><input type=\"hidden\" name=\"_wpcf7\" value=\"6649\" \/><input type=\"hidden\" name=\"_wpcf7_version\" value=\"6.1.5\" \/><input type=\"hidden\" name=\"_wpcf7_locale\" value=\"de_DE\" \/><input type=\"hidden\" name=\"_wpcf7_unit_tag\" value=\"wpcf7-f6649-o1\" \/><input type=\"hidden\" name=\"_wpcf7_container_post\" value=\"0\" \/><input type=\"hidden\" name=\"_wpcf7_posted_data_hash\" value=\"\" \/><input type=\"hidden\" name=\"_wpcf7_recaptcha_response\" value=\"\" \/>\n<\/fieldset>\n<h2>Adres\u00eb:\n<\/h2>\n<p><label> Kompani:<br \/>\n<span class=\"wpcf7-form-control-wrap\" data-name=\"firma\"><input size=\"40\" maxlength=\"400\" class=\"wpcf7-form-control wpcf7-text\" aria-invalid=\"false\" value=\"\" type=\"text\" name=\"firma\" \/><\/span> <\/label>\n<\/p>\n<p><label>Em\u00ebr*<br \/>\n<span class=\"wpcf7-form-control-wrap\" data-name=\"vorname\"><input size=\"40\" maxlength=\"400\" class=\"wpcf7-form-control wpcf7-text wpcf7-validates-as-required\" aria-required=\"true\" aria-invalid=\"false\" value=\"\" type=\"text\" name=\"vorname\" \/><\/span> <\/label>\n<\/p>\n<p><label> Mbiemrat*<br \/>\n<span class=\"wpcf7-form-control-wrap\" data-name=\"nachname\"><input size=\"40\" maxlength=\"400\" class=\"wpcf7-form-control wpcf7-text wpcf7-validates-as-required\" aria-required=\"true\" aria-invalid=\"false\" value=\"\" type=\"text\" name=\"nachname\" \/><\/span> <\/label>\n<\/p>\n<p><label> Telefon*<br \/>\n<span class=\"wpcf7-form-control-wrap\" data-name=\"telefon\"><input size=\"40\" maxlength=\"400\" class=\"wpcf7-form-control wpcf7-tel wpcf7-validates-as-required wpcf7-text wpcf7-validates-as-tel\" aria-required=\"true\" aria-invalid=\"false\" value=\"\" type=\"tel\" name=\"telefon\" \/><\/span><\/label>\n<\/p>\n<p><label> Mail*<br \/>\n<span class=\"wpcf7-form-control-wrap\" data-name=\"email\"><input size=\"40\" maxlength=\"400\" class=\"wpcf7-form-control wpcf7-email wpcf7-validates-as-required wpcf7-text wpcf7-validates-as-email\" aria-required=\"true\" aria-invalid=\"false\" value=\"\" type=\"email\" name=\"email\" \/><\/span><\/label>\n<\/p>\n<p><label>Mesazhi Juaj<br \/>\n<span class=\"wpcf7-form-control-wrap\" data-name=\"IhreAnfrage\"><textarea cols=\"40\" rows=\"10\" maxlength=\"2000\" class=\"wpcf7-form-control wpcf7-textarea\" aria-invalid=\"false\" name=\"IhreAnfrage\"><\/textarea><\/span><\/label>\n<\/p>\n<div style=\"\">\n\t<p><span class=\"wpcf7-form-control-wrap\" data-name=\"agb\"><span class=\"wpcf7-form-control wpcf7-acceptance\"><span class=\"wpcf7-list-item\"><input type=\"checkbox\" name=\"agb\" value=\"1\" aria-invalid=\"false\" \/><\/span><\/span><\/span> (*) He le\u00eddo y accepto los t\u00e9rminos legales. <a href=\"http:\/\/www.sprachschule-aktiv-regensburg.de\/agb\/\">Link<\/a>.\n\t<\/p>\n<\/div>\n\n<p><input class=\"wpcf7-form-control wpcf7-submit has-spinner\" type=\"submit\" value=\"Dergo\" \/>\n<\/p><div class=\"wpcf7-response-output\" aria-hidden=\"true\"><\/div>\n<\/form>\n<\/div>\n[\/vc_column][vc_column width=&#8221;1\/3&#8243;][vc_column_text]<\/p>\n<h3>T\u00eb dh\u00ebnat e kontaktit<\/h3>\n<p>[\/vc_column_text][vc_gmaps link=&#8221;#E-8_JTNDaWZyYW1lJTIwc3JjJTNEJTIyaHR0cHMlM0ElMkYlMkZ3d3cuZ29vZ2xlLmNvbSUyRm1hcHMlMkZlbWJlZCUzRnBiJTNEJTIxMW0xNCUyMTFtOCUyMTFtMyUyMTFkMTA0NjYuNzY4NzI0NzMwMTElMjEyZDEyLjA5NjQzMjIlMjEzZDQ5LjAxNjQ0MDklMjEzbTIlMjExaTEwMjQlMjEyaTc2OCUyMTRmMTMuMSUyMTNtMyUyMTFtMiUyMTFzMHgwJTI1M0EweDlkMDY4NmI0MzRiYjI2Y2YlMjEyc1NwcmFjaHNjaHVsZSUyQkFrdGl2JTJCUmVnZW5zYnVyZyUyMTVlMCUyMTNtMiUyMTFzZGUlMjEyc2RlJTIxNHYxNDUzODc5MDkzMDIxJTIyJTIwd2lkdGglM0QlMjIxMDAlMjUlMjIlMjBoZWlnaHQlM0QlMjIzMDAlMjIlMjBmcmFtZWJvcmRlciUzRCUyMjAlMjIlMjBhbGxvd2Z1bGxzY3JlZW4lM0QlMjJhbGxvd2Z1bGxzY3JlZW4lMjIlM0UlM0MlMkZpZnJhbWUlM0U=&#8221;][vc_column_text]Adres\u00eb: St.-Georgen-Platz 10 in 93047 Regensburg.<br \/>\nTel.: 0941-38230820<br \/>\nFax: 0941-38230820<br \/>\nMail: <a href=\"mailto:info@sprachschule-aktiv-regensburg.de\">info@sprachschule-aktiv-regensburg.de<\/a><br \/>\nWeb: <a href=\"https:\/\/www.sprachschule-aktiv-regensburg.de\/\">www.sprachschule-aktiv-regensburg.de<\/a>[\/vc_column_text][vc_column_text]<\/p>\n<h2>Social networking<\/h2>\n<p>[\/vc_column_text]\t<a class=\"social \" target=\"_blank\" href=\"https:\/\/www.facebook.com\/sprachschuleaktivregensburg\/\">\n\t\t<i class=\"fa fa-facebook-official\"><\/i>\n\t<\/a>\n\t\t<a class=\"social \" target=\"_blank\" href=\"https:\/\/twitter.com\/SprachschuleAkt\">\n\t\t<i class=\"fa fa-twitter-square\"><\/i>\n\t<\/a>\n\t[\/vc_column][\/vc_row]<\/p>\n","protected":false},"excerpt":{"rendered":"<p>[vc_row height=&#8221;auto&#8221; width=&#8221;full&#8221; css=&#8221;.vc_custom_1489570076109{padding-top: 40px !important;padding-bottom: 40px !important;}&#8221;][vc_column][vc_column_text] Forma e kontaktit &#8211; Sprachschule Aktiv Forma e kontaktit \u2013 Sprachschule Aktiv Na\u00a0kontaktoni\u00a0dhe\u00a0t\u00eb\u00a0m\u00ebsojn\u00eb\u00a0gjermanisht n\u00eb Regensburg[\/vc_column_text][\/vc_column][\/vc_row][vc_row full_width=&#8221;stretch_row&#8221; css=&#8221;.vc_custom_1490690421970{padding-top: 40px !important;padding-bottom: 40px !important;background-color: #f9f9f9 !important;}&#8221;][vc_column width=&#8221;2\/3&#8243;][vc_column_text] Plot\u00ebsoni formularin e kontaktit [\/vc_column_text][\/vc_column][vc_column width=&#8221;1\/3&#8243;][vc_column_text] T\u00eb dh\u00ebnat e kontaktit [\/vc_column_text][vc_gmaps link=&#8221;#E-8_JTNDaWZyYW1lJTIwc3JjJTNEJTIyaHR0cHMlM0ElMkYlMkZ3d3cuZ29vZ2xlLmNvbSUyRm1hcHMlMkZlbWJlZCUzRnBiJTNEJTIxMW0xNCUyMTFtOCUyMTFtMyUyMTFkMTA0NjYuNzY4NzI0NzMwMTElMjEyZDEyLjA5NjQzMjIlMjEzZDQ5LjAxNjQ0MDklMjEzbTIlMjExaTEwMjQlMjEyaTc2OCUyMTRmMTMuMSUyMTNtMyUyMTFtMiUyMTFzMHgwJTI1M0EweDlkMDY4NmI0MzRiYjI2Y2YlMjEyc1NwcmFjaHNjaHVsZSUyQkFrdGl2JTJCUmVnZW5zYnVyZyUyMTVlMCUyMTNtMiUyMTFzZGUlMjEyc2RlJTIxNHYxNDUzODc5MDkzMDIxJTIyJTIwd2lkdGglM0QlMjIxMDAlMjUlMjIlMjBoZWlnaHQlM0QlMjIzMDAlMjIlMjBmcmFtZWJvcmRlciUzRCUyMjAlMjIlMjBhbGxvd2Z1bGxzY3JlZW4lM0QlMjJhbGxvd2Z1bGxzY3JlZW4lMjIlM0UlM0MlMkZpZnJhbWUlM0U=&#8221;][vc_column_text]Adres\u00eb: St.-Georgen-Platz 10 in 93047 Regensburg. Tel.: 0941-38230820 Fax: 0941-38230820 Mail: info@sprachschule-aktiv-regensburg.de&hellip; <a class=\"read-more\" href=\"https:\/\/www.sprachschule-aktiv-regensburg.de\/sq\/kontakt\/\" title=\"Read Kontakt &#8211; Sprachschule Aktiv Regensburg\">Read more &raquo;<\/a><\/p>\n","protected":false},"author":2,"featured_media":0,"parent":0,"menu_order":0,"comment_status":"closed","ping_status":"closed","template":"","meta":{"footnotes":""},"class_list":["post-6645","page","type-page","status-publish","hentry"],"yoast_head":"<!-- This site is optimized with the Yoast SEO plugin v27.1.1 - https:\/\/yoast.com\/product\/yoast-seo-wordpress\/ -->\n<title>Na kontaktoni dhe t\u00eb m\u00ebsojn\u00eb gjermanisht n\u00eb Regensburg<\/title>\n<meta name=\"description\" content=\"D\u00ebshironi t\u00eb m\u00ebsoni gjermanishten n\u00eb Regensburg? Kontaktoni shkoll\u00ebn ton\u00eb. Kurse p\u00ebr t\u00eb gjitha nivelet. Sprachschule Aktiv.\" \/>\n<meta name=\"robots\" content=\"index, follow, max-snippet:-1, max-image-preview:large, max-video-preview:-1\" \/>\n<link rel=\"canonical\" href=\"https:\/\/www.sprachschule-aktiv-regensburg.de\/sq\/kontakt\/\" \/>\n<meta property=\"og:locale\" content=\"sq_AL\" \/>\n<meta property=\"og:type\" content=\"article\" \/>\n<meta property=\"og:title\" content=\"Na kontaktoni dhe t\u00eb m\u00ebsojn\u00eb gjermanisht n\u00eb Regensburg\" \/>\n<meta property=\"og:description\" content=\"D\u00ebshironi t\u00eb m\u00ebsoni gjermanishten n\u00eb Regensburg? Kontaktoni shkoll\u00ebn ton\u00eb. Kurse p\u00ebr t\u00eb gjitha nivelet. Sprachschule Aktiv.\" \/>\n<meta property=\"og:url\" content=\"https:\/\/www.sprachschule-aktiv-regensburg.de\/sq\/kontakt\/\" \/>\n<meta property=\"og:site_name\" content=\"Sprachschule Aktiv Regensburg\" \/>\n<meta property=\"article:modified_time\" content=\"2018-02-16T06:31:35+00:00\" \/>\n<meta name=\"twitter:card\" content=\"summary_large_image\" \/>\n<meta name=\"twitter:label1\" content=\"Est. reading time\" \/>\n\t<meta name=\"twitter:data1\" content=\"1 minut\u00eb\" \/>\n<script type=\"application\/ld+json\" class=\"yoast-schema-graph\">{\"@context\":\"https:\/\/schema.org\",\"@graph\":[{\"@type\":\"WebPage\",\"@id\":\"https:\/\/www.sprachschule-aktiv-regensburg.de\/sq\/kontakt\/\",\"url\":\"https:\/\/www.sprachschule-aktiv-regensburg.de\/sq\/kontakt\/\",\"name\":\"Na kontaktoni dhe t\u00eb m\u00ebsojn\u00eb gjermanisht n\u00eb Regensburg\",\"isPartOf\":{\"@id\":\"https:\/\/www.sprachschule-aktiv-regensburg.de\/#website\"},\"datePublished\":\"2013-05-31T11:56:39+00:00\",\"dateModified\":\"2018-02-16T06:31:35+00:00\",\"description\":\"D\u00ebshironi t\u00eb m\u00ebsoni gjermanishten n\u00eb Regensburg? Kontaktoni shkoll\u00ebn ton\u00eb. Kurse p\u00ebr t\u00eb gjitha nivelet. Sprachschule Aktiv.\",\"breadcrumb\":{\"@id\":\"https:\/\/www.sprachschule-aktiv-regensburg.de\/sq\/kontakt\/#breadcrumb\"},\"inLanguage\":\"sq\",\"potentialAction\":[{\"@type\":\"ReadAction\",\"target\":[\"https:\/\/www.sprachschule-aktiv-regensburg.de\/sq\/kontakt\/\"]}]},{\"@type\":\"BreadcrumbList\",\"@id\":\"https:\/\/www.sprachschule-aktiv-regensburg.de\/sq\/kontakt\/#breadcrumb\",\"itemListElement\":[{\"@type\":\"ListItem\",\"position\":1,\"name\":\"Home\",\"item\":\"https:\/\/www.sprachschule-aktiv-regensburg.de\/sq\/\"},{\"@type\":\"ListItem\",\"position\":2,\"name\":\"Kontakt &#8211; Sprachschule Aktiv Regensburg\"}]},{\"@type\":\"WebSite\",\"@id\":\"https:\/\/www.sprachschule-aktiv-regensburg.de\/#website\",\"url\":\"https:\/\/www.sprachschule-aktiv-regensburg.de\/\",\"name\":\"Sprachschule Aktiv Regensburg\",\"description\":\"\",\"potentialAction\":[{\"@type\":\"SearchAction\",\"target\":{\"@type\":\"EntryPoint\",\"urlTemplate\":\"https:\/\/www.sprachschule-aktiv-regensburg.de\/?s={search_term_string}\"},\"query-input\":{\"@type\":\"PropertyValueSpecification\",\"valueRequired\":true,\"valueName\":\"search_term_string\"}}],\"inLanguage\":\"sq\"}]}<\/script>\n<!-- \/ Yoast SEO plugin. -->","yoast_head_json":{"title":"Na kontaktoni dhe t\u00eb m\u00ebsojn\u00eb gjermanisht n\u00eb Regensburg","description":"D\u00ebshironi t\u00eb m\u00ebsoni gjermanishten n\u00eb Regensburg? Kontaktoni shkoll\u00ebn ton\u00eb. Kurse p\u00ebr t\u00eb gjitha nivelet. Sprachschule Aktiv.","robots":{"index":"index","follow":"follow","max-snippet":"max-snippet:-1","max-image-preview":"max-image-preview:large","max-video-preview":"max-video-preview:-1"},"canonical":"https:\/\/www.sprachschule-aktiv-regensburg.de\/sq\/kontakt\/","og_locale":"sq_AL","og_type":"article","og_title":"Na kontaktoni dhe t\u00eb m\u00ebsojn\u00eb gjermanisht n\u00eb Regensburg","og_description":"D\u00ebshironi t\u00eb m\u00ebsoni gjermanishten n\u00eb Regensburg? Kontaktoni shkoll\u00ebn ton\u00eb. Kurse p\u00ebr t\u00eb gjitha nivelet. Sprachschule Aktiv.","og_url":"https:\/\/www.sprachschule-aktiv-regensburg.de\/sq\/kontakt\/","og_site_name":"Sprachschule Aktiv Regensburg","article_modified_time":"2018-02-16T06:31:35+00:00","twitter_card":"summary_large_image","twitter_misc":{"Est. reading time":"1 minut\u00eb"},"schema":{"@context":"https:\/\/schema.org","@graph":[{"@type":"WebPage","@id":"https:\/\/www.sprachschule-aktiv-regensburg.de\/sq\/kontakt\/","url":"https:\/\/www.sprachschule-aktiv-regensburg.de\/sq\/kontakt\/","name":"Na kontaktoni dhe t\u00eb m\u00ebsojn\u00eb gjermanisht n\u00eb Regensburg","isPartOf":{"@id":"https:\/\/www.sprachschule-aktiv-regensburg.de\/#website"},"datePublished":"2013-05-31T11:56:39+00:00","dateModified":"2018-02-16T06:31:35+00:00","description":"D\u00ebshironi t\u00eb m\u00ebsoni gjermanishten n\u00eb Regensburg? Kontaktoni shkoll\u00ebn ton\u00eb. Kurse p\u00ebr t\u00eb gjitha nivelet. Sprachschule Aktiv.","breadcrumb":{"@id":"https:\/\/www.sprachschule-aktiv-regensburg.de\/sq\/kontakt\/#breadcrumb"},"inLanguage":"sq","potentialAction":[{"@type":"ReadAction","target":["https:\/\/www.sprachschule-aktiv-regensburg.de\/sq\/kontakt\/"]}]},{"@type":"BreadcrumbList","@id":"https:\/\/www.sprachschule-aktiv-regensburg.de\/sq\/kontakt\/#breadcrumb","itemListElement":[{"@type":"ListItem","position":1,"name":"Home","item":"https:\/\/www.sprachschule-aktiv-regensburg.de\/sq\/"},{"@type":"ListItem","position":2,"name":"Kontakt &#8211; Sprachschule Aktiv Regensburg"}]},{"@type":"WebSite","@id":"https:\/\/www.sprachschule-aktiv-regensburg.de\/#website","url":"https:\/\/www.sprachschule-aktiv-regensburg.de\/","name":"Sprachschule Aktiv Regensburg","description":"","potentialAction":[{"@type":"SearchAction","target":{"@type":"EntryPoint","urlTemplate":"https:\/\/www.sprachschule-aktiv-regensburg.de\/?s={search_term_string}"},"query-input":{"@type":"PropertyValueSpecification","valueRequired":true,"valueName":"search_term_string"}}],"inLanguage":"sq"}]}},"_links":{"self":[{"href":"https:\/\/www.sprachschule-aktiv-regensburg.de\/sq\/wp-json\/wp\/v2\/pages\/6645","targetHints":{"allow":["GET"]}}],"collection":[{"href":"https:\/\/www.sprachschule-aktiv-regensburg.de\/sq\/wp-json\/wp\/v2\/pages"}],"about":[{"href":"https:\/\/www.sprachschule-aktiv-regensburg.de\/sq\/wp-json\/wp\/v2\/types\/page"}],"author":[{"embeddable":true,"href":"https:\/\/www.sprachschule-aktiv-regensburg.de\/sq\/wp-json\/wp\/v2\/users\/2"}],"replies":[{"embeddable":true,"href":"https:\/\/www.sprachschule-aktiv-regensburg.de\/sq\/wp-json\/wp\/v2\/comments?post=6645"}],"version-history":[{"count":5,"href":"https:\/\/www.sprachschule-aktiv-regensburg.de\/sq\/wp-json\/wp\/v2\/pages\/6645\/revisions"}],"predecessor-version":[{"id":7430,"href":"https:\/\/www.sprachschule-aktiv-regensburg.de\/sq\/wp-json\/wp\/v2\/pages\/6645\/revisions\/7430"}],"wp:attachment":[{"href":"https:\/\/www.sprachschule-aktiv-regensburg.de\/sq\/wp-json\/wp\/v2\/media?parent=6645"}],"curies":[{"name":"wp","href":"https:\/\/api.w.org\/{rel}","templated":true}]}}