{"id":6610,"date":"2013-05-31T08:44:43","date_gmt":"2013-05-31T08:44:43","guid":{"rendered":"https:\/\/www.sprachschule-aktiv-regensburg.de\/home\/"},"modified":"2026-03-15T06:44:10","modified_gmt":"2026-03-15T06:44:10","slug":"home","status":"publish","type":"page","link":"https:\/\/www.sprachschule-aktiv-regensburg.de\/sq\/","title":{"rendered":"Home"},"content":{"rendered":"<p>[vc_row full_width=&#8221;stretch_row_content_no_spaces&#8221;][vc_column][vc_single_image image=&#8221;9208&#8243; img_size=&#8221;full&#8221; alignment=&#8221;center&#8221;][\/vc_column][\/vc_row][vc_row css=&#8221;.vc_custom_1489569322649{padding-top: 30px !important;padding-bottom: 20px !important;}&#8221;][vc_column][vc_column_text]<\/p>\n<h1>M\u00ebsoni gjermanisht n\u00eb Regensburg<\/h1>\n<p>Kurse t\u00eb gjermanishtes p\u00ebr fillestar dhe t\u00eb avancuar n\u00eb shkoll\u00ebn ton\u00eb t\u00eb Gjermanishtes t\u00eb gjuh\u00ebs n\u00eb Regensburg, ajo i ka v\u00ebn\u00eb vetes detyr\u00ebn p\u00ebr ofruar pjes\u00ebmarr\u00ebs nga e gjith\u00eb bota p\u00ebr kurse-gjermane t\u00eb ndryshme kurse t\u00eb gjuh\u00ebs gjermane p\u00ebr fillestar dhe t\u00eb avancuara. Nuk ka m\u00ebnyr\u00eb m\u00eb t\u00eb mir\u00eb p\u00ebr t\u00eb m\u00ebsuar nj\u00eb gjuh\u00eb t\u00eb huaj n\u00eb vend, ku ju flisni. M\u00ebsimi i gjuh\u00ebs gjermane n\u00eb Gjermani \u00ebsht\u00eb m\u00eb i shpejt\u00eb dhe m\u00eb efektiv p\u00ebr t\u00eb fituar aft\u00ebsi t\u00eb reja gjuh\u00ebsore ose Gjermanishten tuaj n\u00eb nj\u00eb koh\u00eb shum\u00eb t\u00eb shkurt\u00ebr p\u00ebr t\u00eb p\u00ebrmir\u00ebsuar.[\/vc_column_text][\/vc_column][\/vc_row][vc_row full_width=&#8221;stretch_row&#8221; css=&#8221;.vc_custom_1489569295748{padding-top: 40px !important;padding-bottom: 40px !important;background-color: #f9f9f9 !important;}&#8221;][vc_column][vc_column_text]<\/p>\n<h2>Kurse Gjermane intensive: A1, A2, B1, B2, C1, C2<\/h2>\n<p>[\/vc_column_text][vc_row_inner][vc_column_inner width=&#8221;1\/2&#8243;][vc_video link=&#8221;https:\/\/www.youtube.com\/embed\/xOuc5QMA6iM&#8221;][\/vc_column_inner][vc_column_inner width=&#8221;1\/2&#8243;][vc_column_text]Koha, \u00e7mimi dhe sigurisht fillimi:<\/p>\n<p><strong>Kursi p\u00ebr fillestar<\/strong><br \/>\nNga e h\u00ebna deri t\u00eb premten nga ora 9:00 deri n\u00eb 12:00<br \/>\nGjithmon\u00eb t\u00eb h\u00ebn\u00ebn e par\u00eb t\u00eb kursit p\u00ebrkat\u00ebs mujor e cila fillon me njohurit\u00eb e dyta paraprake ,vazhdon cdo t\u00eb h\u00ebn\u00eb n\u00eb qoft\u00eb se \u00ebsht\u00eb e mundur.<br \/>\n\u00c7mimet jan\u00eb fikse:<\/p>\n<ul>\n<li>1 jav\u00eb 199 \u20ac<\/li>\n<li>2 jav\u00eb 349 \u20ac<\/li>\n<li>3 jav\u00eb 449 \u20ac<\/li>\n<li>4 jav\u00eb 499 \u20ac (n\u00eb muaj)<\/li>\n<li>N\u00ebse rezervoni dy muaj ose m\u00eb shum\u00eb, ju paguani 449 \u20ac n\u00eb muaj.<\/li>\n<\/ul>\n<p>[\/vc_column_text][\/vc_column_inner][\/vc_row_inner][\/vc_column][\/vc_row][vc_row full_width=&#8221;stretch_row&#8221; equal_height=&#8221;yes&#8221; content_placement=&#8221;middle&#8221; tc_enable_overlay=&#8221;true&#8221; css=&#8221;.vc_custom_1489569764739{padding-top: 30px !important;padding-bottom: 30px !important;}&#8221; el_class=&#8221;action-box m-b-none theme-bg-color&#8221;][vc_column width=&#8221;2\/3&#8243; css=&#8221;.vc_custom_1489228440142{padding-right: 20px !important;}&#8221;][vc_column_text]<\/p>\n<h3 class=\"text-white\">Nevoj\u00eb p\u00ebr m\u00eb shum\u00eb informacion? Kontakt<\/h3>\n<p class=\"text-white\">Kurse t\u00eb gjermanishtes p\u00ebr fillestar dhe t\u00eb avancuar n\u00eb shkoll\u00ebn ton\u00eb t\u00eb Gjermanishtes t\u00eb gjuh\u00ebs n\u00eb Regensburg.<\/p>\n<p>[\/vc_column_text][\/vc_column][vc_column width=&#8221;1\/3&#8243;][vc_column_text]<a class=\"whyaweb-kontakt\" href=\"#\">Schnelle Anfrage<\/a>[\/vc_column_text][\/vc_column][\/vc_row][vc_row css=&#8221;.vc_custom_1489569850167{padding-top: 40px !important;padding-bottom: 40px !important;}&#8221;][vc_column][vc_column_text]<\/p>\n<h2>Kurse Gjermanishte n\u0205 gruppe t\u0205 vog\u0205la deri n\u00eb 7 veta<\/h2>\n<p>Cili pjes\u00ebmarr\u00ebsit do t\u00eb donte p\u00ebr t\u00eb m\u00ebsuar gjermanishten si gjuh\u00eb e huaj q\u00eb \u00ebsht\u00eb ngritur edhe n\u00eb shkoll\u00ebn ton\u00eb gjuh\u00ebs. P\u00ebrvoja jon\u00eb shum\u00ebvje\u00e7are dhe asistent\u00ebt tan\u00eb shum\u00eb t\u00eb kualifikuar kan\u00eb zhvilluar nj\u00eb sistem me t\u00eb cil\u00ebn ju ,jeni gati p\u00ebr t\u00eb m\u00ebsuar \u00e7do nj\u00eb, xhunglave t\u00eb gramatik\u00ebs gjermane q\u00eb b\u00ebhet fjal\u00eb, shpejt\u00ebsin\u00eb dhe rregullat e ve\u00e7anta n\u00eb koh\u00eb t\u00eb marr\u00ebt. Ne jo vet\u00ebm japim garanci p\u00ebr student\u00ebt tan\u00eb t\u00eb jen\u00eb t\u00eb informuar (m\u00ebsuar) pa gjerman\u00ebt p\u00ebrjashtim dhe m\u00ebsuesve t\u00eb kualifikuar, por se k\u00ebto m\u00ebsime jan\u00eb sigurisht vet\u0205m vend n\u00eb klasa t\u00eb vogla<br \/>\nQ\u00eb at\u00ebher\u00eb grupi i vog\u00ebl ndryshimi \u00ebsht\u00eb m\u00eb i leht\u00eb, k\u00ebshtu q\u00eb mund t\u00eb m\u00ebsohet vet\u00ebm intensivisht dhe n\u00eb t\u00eb nj\u00ebjt\u00ebn koh\u00eb p\u00ebr fat t\u00eb mir\u00eb. Kjo \u00ebsht\u00eb konsideruar tashm\u00eb (vlen) me kurset e fillestar si dhe p\u00ebr t\u00eb tjer\u0205.<\/p>\n<h2>M\u00ebsoni Gjermanisht n\u00eb Regensburg me strehim dhe koh\u00eb t\u00eb lir\u00eb<\/h2>\n<p>Nj\u00eb udh\u00ebtim do t\u00eb thot\u00eb gjuh\u00eb t\u00eb cilat ju mund t\u00eb m\u00ebsoni gjermanisht direkt n\u00eb Gjermani dhe p\u00ebrfshin m\u00ebsime gjermane dhe strehim. N\u00ebse doni t\u00eb m\u00ebsoni gjermanisht n\u00eb Regensburg me ne, ne jemi n\u00eb dispozicion p\u00ebr t&#8217;ju ndihmuar t\u00eb gjeni strehim n\u00eb Regensburg, n\u00ebse d\u00ebshironi. Ne kemi kontakte me shum\u00eb familje t\u00eb cil\u00ebt shikojn\u00eb p\u00ebrpara p\u00ebr ju. Kjo \u00ebsht\u00eb m\u00ebnyra m\u00eb e mir\u00eb p\u00ebr t\u00eb p\u00ebrjetuar kontakt t\u00eb drejtp\u00ebrdrejt\u00eb me gjuh\u00ebn dhe me zakonet gjermane. Megjithat\u00eb, n\u00ebse ju doni t\u00eb jetoni vet\u00ebm, ne ju ndihmoj\u00eb t\u00eb gjeni strehim n\u00eb nj\u00eb hotel &#8211; jemi n\u00eb turne tuaj t\u00eb studimit gjithmon\u00eb n\u00eb dor\u00eb.<\/p>\n<p>Br\u00ebnda n\u00eb kurs t\u00eb gjuh\u00ebs n\u00eb Regensburg ne organizojm\u00eb udh\u00ebtime t\u00eb shumta dhe t\u00eb ofrojm\u00eb nj\u00eb gam\u00eb t\u00eb gjer\u00eb aktivitetesh p\u00ebr koh\u00ebn e lir\u00eb. K\u00ebshtu q\u00eb ju nuk keni pse t\u00eb shqet\u00ebsoheni n\u00eb lidhje me \u00e7\u00ebshtjet organizative,ne t\u00eb m\u00ebsojn\u00eb gjermanisht dhe t\u00eb p\u00ebrshtatshme t\u00eb marr\u00eb pjes\u00eb n\u00eb Regensburg. Vizitoni shkoll\u00ebn ton\u00eb aktive Regensburg dhe b\u00ebni nj\u00eb eksperienc\u00eb t\u00eb paharrueshme.<\/p>\n<p>[\/vc_column_text][\/vc_column][\/vc_row][vc_row full_width=&#8221;stretch_row&#8221; css=&#8221;.vc_custom_1489569924832{padding-top: 40px !important;padding-bottom: 40px !important;background-color: #f9f9f9 !important;}&#8221;][vc_column][vc_gmaps link=&#8221;#E-8_JTNDaWZyYW1lJTIwc3R5bGUlM0QlMjJib3JkZXIlM0ElMjAwJTNCJTIyJTIwc3JjJTNEJTIyaHR0cHMlM0ElMkYlMkZ3d3cuZ29vZ2xlLmNvbSUyRm1hcHMlMkZlbWJlZCUzRnBiJTNEJTIxMW0xNCUyMTFtOCUyMTFtMyUyMTFkMTA0NjYuNzY4NzI0NzMwMTElMjEyZDEyLjA5NjQzMjIlMjEzZDQ5LjAxNjQ0MDklMjEzbTIlMjExaTEwMjQlMjEyaTc2OCUyMTRmMTMuMSUyMTNtMyUyMTFtMiUyMTFzMHgwJTI1M0EweDlkMDY4NmI0MzRiYjI2Y2YlMjEyc1NwcmFjaHNjaHVsZSUyQkFrdGl2JTJCUmVnZW5zYnVyZyUyMTVlMCUyMTNtMiUyMTFzZGUlMjEyc2RlJTIxNHYxNDUzODc5MDkzMDIxJTIyJTIwd2lkdGglM0QlMjIxMDAlMjUlMjIlMjBoZWlnaHQlM0QlMjIzMDAlMjIlMjBmcmFtZWJvcmRlciUzRCUyMjAlMjIlMjBhbGxvd2Z1bGxzY3JlZW4lM0QlMjJhbGxvd2Z1bGxzY3JlZW4lMjIlM0UlM0MlMkZpZnJhbWUlM0U=&#8221;][\/vc_column][\/vc_row]<\/p>\n","protected":false},"excerpt":{"rendered":"<p>[vc_row full_width=&#8221;stretch_row_content_no_spaces&#8221;][vc_column][vc_single_image image=&#8221;9208&#8243; img_size=&#8221;full&#8221; alignment=&#8221;center&#8221;][\/vc_column][\/vc_row][vc_row css=&#8221;.vc_custom_1489569322649{padding-top: 30px !important;padding-bottom: 20px !important;}&#8221;][vc_column][vc_column_text] M\u00ebsoni gjermanisht n\u00eb Regensburg Kurse t\u00eb gjermanishtes p\u00ebr fillestar dhe t\u00eb avancuar n\u00eb shkoll\u00ebn ton\u00eb t\u00eb Gjermanishtes t\u00eb gjuh\u00ebs n\u00eb Regensburg, ajo i ka v\u00ebn\u00eb vetes detyr\u00ebn p\u00ebr ofruar pjes\u00ebmarr\u00ebs nga e gjith\u00eb bota p\u00ebr kurse-gjermane t\u00eb ndryshme kurse t\u00eb gjuh\u00ebs gjermane p\u00ebr fillestar dhe&hellip; <a class=\"read-more\" href=\"https:\/\/www.sprachschule-aktiv-regensburg.de\/sq\/\" title=\"Read Home\">Read more &raquo;<\/a><\/p>\n","protected":false},"author":2,"featured_media":0,"parent":0,"menu_order":0,"comment_status":"closed","ping_status":"closed","template":"templates\/page-vc_compatible.php","meta":{"footnotes":""},"class_list":["post-6610","page","type-page","status-publish","hentry"],"yoast_head":"<!-- This site is optimized with the Yoast SEO plugin v27.1.1 - https:\/\/yoast.com\/product\/yoast-seo-wordpress\/ -->\n<title>Sprachschule Aktiv - M\u00ebsoni gjermanisht n\u00eb Regensburg<\/title>\n<meta name=\"description\" content=\"Kurse t\u00eb gjermanishtes p\u00ebr fillestar dhe t\u00eb avancuar n\u00eb shkoll\u00ebn ton\u00eb t\u00eb Gjermanishtes t\u00eb gjuh\u00ebs n\u00eb Regensburg.\" \/>\n<meta name=\"robots\" content=\"index, follow, max-snippet:-1, max-image-preview:large, max-video-preview:-1\" \/>\n<link rel=\"canonical\" href=\"https:\/\/www.sprachschule-aktiv-regensburg.de\/sq\/\" \/>\n<meta property=\"og:locale\" content=\"sq_AL\" \/>\n<meta property=\"og:type\" content=\"article\" \/>\n<meta property=\"og:title\" content=\"Sprachschule Aktiv - M\u00ebsoni gjermanisht n\u00eb Regensburg\" \/>\n<meta property=\"og:description\" content=\"Kurse t\u00eb gjermanishtes p\u00ebr fillestar dhe t\u00eb avancuar n\u00eb shkoll\u00ebn ton\u00eb t\u00eb Gjermanishtes t\u00eb gjuh\u00ebs n\u00eb Regensburg.\" \/>\n<meta property=\"og:url\" content=\"https:\/\/www.sprachschule-aktiv-regensburg.de\/sq\/\" \/>\n<meta property=\"og:site_name\" content=\"Sprachschule Aktiv Regensburg\" \/>\n<meta property=\"article:modified_time\" content=\"2026-03-15T06:44:10+00:00\" \/>\n<meta name=\"twitter:card\" content=\"summary_large_image\" \/>\n<meta name=\"twitter:label1\" content=\"Est. reading time\" \/>\n\t<meta name=\"twitter:data1\" content=\"4 minuta\" \/>\n<script type=\"application\/ld+json\" class=\"yoast-schema-graph\">{\"@context\":\"https:\/\/schema.org\",\"@graph\":[{\"@type\":\"WebPage\",\"@id\":\"https:\/\/www.sprachschule-aktiv-regensburg.de\/sq\/\",\"url\":\"https:\/\/www.sprachschule-aktiv-regensburg.de\/sq\/\",\"name\":\"Sprachschule Aktiv - M\u00ebsoni gjermanisht n\u00eb Regensburg\",\"isPartOf\":{\"@id\":\"https:\/\/www.sprachschule-aktiv-regensburg.de\/#website\"},\"datePublished\":\"2013-05-31T08:44:43+00:00\",\"dateModified\":\"2026-03-15T06:44:10+00:00\",\"description\":\"Kurse t\u00eb gjermanishtes p\u00ebr fillestar dhe t\u00eb avancuar n\u00eb shkoll\u00ebn ton\u00eb t\u00eb Gjermanishtes t\u00eb gjuh\u00ebs n\u00eb Regensburg.\",\"breadcrumb\":{\"@id\":\"https:\/\/www.sprachschule-aktiv-regensburg.de\/sq\/#breadcrumb\"},\"inLanguage\":\"sq\",\"potentialAction\":[{\"@type\":\"ReadAction\",\"target\":[\"https:\/\/www.sprachschule-aktiv-regensburg.de\/sq\/\"]}]},{\"@type\":\"BreadcrumbList\",\"@id\":\"https:\/\/www.sprachschule-aktiv-regensburg.de\/sq\/#breadcrumb\",\"itemListElement\":[{\"@type\":\"ListItem\",\"position\":1,\"name\":\"Home\",\"item\":\"https:\/\/www.sprachschule-aktiv-regensburg.de\/sq\/\"},{\"@type\":\"ListItem\",\"position\":2,\"name\":\"Home\"}]},{\"@type\":\"WebSite\",\"@id\":\"https:\/\/www.sprachschule-aktiv-regensburg.de\/#website\",\"url\":\"https:\/\/www.sprachschule-aktiv-regensburg.de\/\",\"name\":\"Sprachschule Aktiv Regensburg\",\"description\":\"\",\"potentialAction\":[{\"@type\":\"SearchAction\",\"target\":{\"@type\":\"EntryPoint\",\"urlTemplate\":\"https:\/\/www.sprachschule-aktiv-regensburg.de\/?s={search_term_string}\"},\"query-input\":{\"@type\":\"PropertyValueSpecification\",\"valueRequired\":true,\"valueName\":\"search_term_string\"}}],\"inLanguage\":\"sq\"}]}<\/script>\n<!-- \/ Yoast SEO plugin. -->","yoast_head_json":{"title":"Sprachschule Aktiv - M\u00ebsoni gjermanisht n\u00eb Regensburg","description":"Kurse t\u00eb gjermanishtes p\u00ebr fillestar dhe t\u00eb avancuar n\u00eb shkoll\u00ebn ton\u00eb t\u00eb Gjermanishtes t\u00eb gjuh\u00ebs n\u00eb Regensburg.","robots":{"index":"index","follow":"follow","max-snippet":"max-snippet:-1","max-image-preview":"max-image-preview:large","max-video-preview":"max-video-preview:-1"},"canonical":"https:\/\/www.sprachschule-aktiv-regensburg.de\/sq\/","og_locale":"sq_AL","og_type":"article","og_title":"Sprachschule Aktiv - M\u00ebsoni gjermanisht n\u00eb Regensburg","og_description":"Kurse t\u00eb gjermanishtes p\u00ebr fillestar dhe t\u00eb avancuar n\u00eb shkoll\u00ebn ton\u00eb t\u00eb Gjermanishtes t\u00eb gjuh\u00ebs n\u00eb Regensburg.","og_url":"https:\/\/www.sprachschule-aktiv-regensburg.de\/sq\/","og_site_name":"Sprachschule Aktiv Regensburg","article_modified_time":"2026-03-15T06:44:10+00:00","twitter_card":"summary_large_image","twitter_misc":{"Est. reading time":"4 minuta"},"schema":{"@context":"https:\/\/schema.org","@graph":[{"@type":"WebPage","@id":"https:\/\/www.sprachschule-aktiv-regensburg.de\/sq\/","url":"https:\/\/www.sprachschule-aktiv-regensburg.de\/sq\/","name":"Sprachschule Aktiv - M\u00ebsoni gjermanisht n\u00eb Regensburg","isPartOf":{"@id":"https:\/\/www.sprachschule-aktiv-regensburg.de\/#website"},"datePublished":"2013-05-31T08:44:43+00:00","dateModified":"2026-03-15T06:44:10+00:00","description":"Kurse t\u00eb gjermanishtes p\u00ebr fillestar dhe t\u00eb avancuar n\u00eb shkoll\u00ebn ton\u00eb t\u00eb Gjermanishtes t\u00eb gjuh\u00ebs n\u00eb Regensburg.","breadcrumb":{"@id":"https:\/\/www.sprachschule-aktiv-regensburg.de\/sq\/#breadcrumb"},"inLanguage":"sq","potentialAction":[{"@type":"ReadAction","target":["https:\/\/www.sprachschule-aktiv-regensburg.de\/sq\/"]}]},{"@type":"BreadcrumbList","@id":"https:\/\/www.sprachschule-aktiv-regensburg.de\/sq\/#breadcrumb","itemListElement":[{"@type":"ListItem","position":1,"name":"Home","item":"https:\/\/www.sprachschule-aktiv-regensburg.de\/sq\/"},{"@type":"ListItem","position":2,"name":"Home"}]},{"@type":"WebSite","@id":"https:\/\/www.sprachschule-aktiv-regensburg.de\/#website","url":"https:\/\/www.sprachschule-aktiv-regensburg.de\/","name":"Sprachschule Aktiv Regensburg","description":"","potentialAction":[{"@type":"SearchAction","target":{"@type":"EntryPoint","urlTemplate":"https:\/\/www.sprachschule-aktiv-regensburg.de\/?s={search_term_string}"},"query-input":{"@type":"PropertyValueSpecification","valueRequired":true,"valueName":"search_term_string"}}],"inLanguage":"sq"}]}},"_links":{"self":[{"href":"https:\/\/www.sprachschule-aktiv-regensburg.de\/sq\/wp-json\/wp\/v2\/pages\/6610","targetHints":{"allow":["GET"]}}],"collection":[{"href":"https:\/\/www.sprachschule-aktiv-regensburg.de\/sq\/wp-json\/wp\/v2\/pages"}],"about":[{"href":"https:\/\/www.sprachschule-aktiv-regensburg.de\/sq\/wp-json\/wp\/v2\/types\/page"}],"author":[{"embeddable":true,"href":"https:\/\/www.sprachschule-aktiv-regensburg.de\/sq\/wp-json\/wp\/v2\/users\/2"}],"replies":[{"embeddable":true,"href":"https:\/\/www.sprachschule-aktiv-regensburg.de\/sq\/wp-json\/wp\/v2\/comments?post=6610"}],"version-history":[{"count":10,"href":"https:\/\/www.sprachschule-aktiv-regensburg.de\/sq\/wp-json\/wp\/v2\/pages\/6610\/revisions"}],"predecessor-version":[{"id":11580,"href":"https:\/\/www.sprachschule-aktiv-regensburg.de\/sq\/wp-json\/wp\/v2\/pages\/6610\/revisions\/11580"}],"wp:attachment":[{"href":"https:\/\/www.sprachschule-aktiv-regensburg.de\/sq\/wp-json\/wp\/v2\/media?parent=6610"}],"curies":[{"name":"wp","href":"https:\/\/api.w.org\/{rel}","templated":true}]}}