{"id":9167,"date":"2015-11-30T12:21:17","date_gmt":"2015-11-30T12:21:17","guid":{"rendered":"https:\/\/www.sprachschule-aktiv-regensburg.de\/firmenkurse\/"},"modified":"2026-03-15T08:55:52","modified_gmt":"2026-03-15T08:55:52","slug":"cursuri-de-limba-companie","status":"publish","type":"page","link":"https:\/\/www.sprachschule-aktiv-regensburg.de\/ro\/cursuri-de-limba-companie\/","title":{"rendered":"Cursuri de limba companie \u00een englez\u0103, spaniol\u0103, italian\u0103. Toate limbile!"},"content":{"rendered":"<p>[vc_row css=&#8221;.vc_custom_1490175816869{padding-top: 40px !important;}&#8221;][vc_column][vc_column_text]<\/p>\n<h1>Cursuri de limba companie \u00een englez\u0103, spaniol\u0103, italian\u0103. Toate limbile!<\/h1>\n<p>[\/vc_column_text][\/vc_column][\/vc_row][vc_row full_width=&#8221;stretch_row&#8221; css=&#8221;.vc_custom_1490175983593{padding-top: 40px !important;padding-bottom: 40px !important;background-color: #f9f9f9 !important;}&#8221;][vc_column width=&#8221;1\/2&#8243;][vc_column_text]Contactele de afaceri interna\u021bionale, negocierile \u00een limbile lumii englez\u0103 \u0219i spaniol\u0103, precum \u0219i serviciile po\u0219tale, care sunt adesea efectuate \u00een limbi str\u0103ine, sunt problemele cu care se confrunt\u0103 multe companii \u00een prezent. Globalizarea nu mai este doar despre marile corpora\u021bii interna\u021bionale. \u00centreprinderile mici \u0219i mijlocii \u00ee\u0219i desf\u0103\u0219oar\u0103, de asemenea, activitatea \u00eentr-un mediu interna\u021bional de mult timp \u0219i trebuie s\u0103 ob\u021bin\u0103 puncte cu o competen\u021b\u0103 lingvistic\u0103 solid\u0103. Deoarece limba nu este st\u0103p\u00e2nit\u0103 nu va avea nici o \u0219ans\u0103 pe pia\u021ba interna\u021bional\u0103 &#8211; indiferent c\u00e2t de excelente sunt produsele oferite. Cu cursurile noastre de limb\u0103 ale companiei, face\u021bi un pas important pentru a v\u0103 face compania potrivit\u0103 pentru provoc\u0103rile globaliz\u0103rii.[\/vc_column_text][vc_column_text css=&#8221;.vc_custom_1773564940125{margin-top: 15px !important;}&#8221;]<a class=\"whyaweb-kontakt\" href=\"#\">Contacta\u021bi-ne<\/a>[\/vc_column_text][vc_column_text css=&#8221;.vc_custom_1607333437333{margin-top: 15px !important;}&#8221;]<\/p>\n<h2>Scoala de limbi str\u0103ine pentru \u00eentreaga companie<\/h2>\n<p>Oferim cursuri interne pentru compania dumneavoastra. Acest lucru \u00eenseamn\u0103 c\u0103 profesorii no\u0219tri de limbi str\u0103ine vin la tine \u0219i predau personalului dumneavoastr\u0103 \u00een mediul familiar. Desigur, profesorii no\u0219tri de limbi str\u0103ine se vor adresa listei dvs. \u00cen acest fel, pute\u021bi planifica orele pentru achizi\u021bionarea limbii \u00een func\u021bie de cerin\u021bele individuale ale muncii de zi cu zi. Nicio sarcin\u0103 important\u0103 nu r\u0103m\u00e2ne neprelucrat\u0103, deoarece angaja\u021bii \u00eenva\u021b\u0103 o limb\u0103 nou\u0103 sau \u00ee\u0219i aprofundeaz\u0103 competen\u021ba lingvistic\u0103.[\/vc_column_text][\/vc_column][vc_column width=&#8221;1\/2&#8243;][vc_single_image image=&#8221;4334&#8243; img_size=&#8221;full&#8221; alignment=&#8221;center&#8221; style=&#8221;vc_box_outline&#8221;][\/vc_column][\/vc_row][vc_row css=&#8221;.vc_custom_1490175816869{padding-top: 40px !important;}&#8221;][vc_column][vc_column_text]<\/p>\n<h2>Crean\u021be diferite<\/h2>\n<p>Cu siguran\u021b\u0103 ve\u021bi face cereri diferite asupra angaja\u021bilor dumneavoastr\u0103 \u00een ceea ce prive\u0219te competen\u021ba lingvistic\u0103. Pentru angaja\u021bii depozitului \u0219i logistic\u0103, cerin\u021bele sunt \u00een general sc\u0103zute. Cu toate acestea, \u00een cadrul secretariatului \u0219i, \u00een special, la nivel de conducere, cerin\u021bele privind competen\u021bele lingvistice sunt semnificativ mai mari. Pe de alt\u0103 parte, unii angaja\u021bi vor avea deja abilit\u0103\u021bi lingvistice bune. Poate c\u0103 tot ce au nevoie este o re\u00eemprosp\u0103tare \u0219i aprofundarea, \u00een timp ce al\u021bi angaja\u021bi trebuie s\u0103 \u00eenve\u021be noua limb\u0103 de la sol \u00een sus.<\/p>\n<p>Datorit\u0103 acestei st\u0103ri IST cu diferite cerin\u021be \u0219i cerin\u021be, elabor\u0103m un plan de lec\u021bie \u00een care toate grupurile profesionale din compania lor, toate nivelurile de competen\u021b\u0103 ale angaja\u021bilor \u0219i nevoile de predare rezultate sunt rezumate. Acest lucru creeaz\u0103 un concept de predare separat, care este adaptat \u00een mod specific pentru compania dumneavoastr\u0103.[\/vc_column_text][\/vc_column][\/vc_row][vc_row full_width=&#8221;stretch_row&#8221; css=&#8221;.vc_custom_1490176505087{padding-top: 40px !important;padding-bottom: 40px !important;background-color: #f9f9f9 !important;}&#8221;][vc_column][vc_column_text]<\/p>\n<h2>Coaching de conducere \u0219i mai mult<\/h2>\n<p>Pe l\u00e2ng\u0103 dob\u00e2ndirea limbii, alte aspecte pot fi, de asemenea, \u00eencorporate \u00een cursurile noastre de formare. Negocierile economice, \u00een special, nu se refer\u0103 niciodat\u0103 doar la limba \u00een care vorbim. Influen\u021bele \u0219i amprentele culturale nu sunt mai pu\u021bin importante pentru \u00eencheierea cu succes a afacerii. Prin urmare, predarea noastr\u0103 nu se limiteaz\u0103 la predarea vocabularului, gramaticii \u0219i pronun\u021biei. Mai degrab\u0103, aspectele culturale joac\u0103 un rol important, pentru c\u0103 angaja\u021bii trebuie s\u0103 cunoasc\u0103 \u021bara \u0219i oamenii lor \u0219i ce cupe de gr\u0103sime pentru a evita. Cursurile noastre v\u0103 sprijin\u0103 angaja\u021bii pentru a instrui softkill-urile care sunt indispensabile pentru succesul economic pe scena interna\u021bional\u0103.<\/p>\n<h2>Acestea sunt avantajele pentru cursurile companiei noastre \u00een Regensburg<\/h2>\n<ul>\n<li>Con\u021binut didactic practic bazat pe sarcinile angaja\u021bilor dvs.<\/li>\n<li>Concept individual de instruire care se potrive\u0219te afacerii dvs.<\/li>\n<li>Profesori de limbi str\u0103ine profesioni\u0219ti, cu experien\u021b\u0103, care se adapteaz\u0103 la afacerea dvs.<\/li>\n<li>Evaluarea succesului, astfel \u00eenc\u00e2t s\u0103 \u0219ti\u021bi c\u0103 proiectul a fost util.<\/li>\n<\/ul>\n<p>[\/vc_column_text][vc_column_text css=&#8221;.vc_custom_1607333281814{margin-top: 15px !important;}&#8221;]<\/p>\n<h2>Cursuri de companie \u00een Regensburg &#8211; Cursuri de limbi str\u0103ine pentru companii &#8211; Toate limbile!<\/h2>\n<p>\u00cen special \u00een lumea muncii, este esen\u021bial pentru multe companii \u0219i companii ca unii dintre angaja\u021bii lor s\u0103 aduc\u0103 anumite competen\u021be lingvistice str\u0103ine sau s\u0103 re\u00eemprosp\u0103teze \u00een mod regulat sau chiar s\u0103 dob\u00e2ndeasc\u0103 altele noi. \u00cen cazul \u00een care societatea urmeaz\u0103 s\u0103 fie extins\u0103 \u00eentr-o alt\u0103 \u021bar\u0103, este planificat\u0103 o fuziune sau o cooperare str\u00e2ns\u0103 cu o companie str\u0103in\u0103 sau poate c\u0103 un personal ar trebui trimis la o filial\u0103 str\u0103in\u0103 pentru formare pe termen lung \u2013 angaja\u021bii implica\u021bi trebuie mai \u00eent\u00e2i s\u0103 poat\u0103 vorbi limba \u00een cauz\u0103, astfel \u00eenc\u00e2t s\u0103 nu existe obstacole lingvistice \u00een calea unei rela\u021bii de afaceri interna\u021bionale. \u0218i \u00eenv\u0103\u021barea limbii la fa\u021ba locului nu este doar mult mai plictisitor dec\u00e2t este de a face acest lucru \u00een avans, prin intermediul unei \u0219coli de limb\u0103 adecvat\u0103, ar costa, de asemenea, timp inutil &#8211; \u0219i, astfel, bani suplimentari. Ca o companie, cel mai bine este s\u0103 v\u0103 preg\u0103ti\u021bi cu profesioni\u0219tii de la \u0219coala de limbi str\u0103ine din Regensburg \u00een timp util.[\/vc_column_text][\/vc_column][\/vc_row][vc_row css=&#8221;.vc_custom_1490176610482{padding-top: 40px !important;padding-bottom: 40px !important;}&#8221;][vc_column][vc_column_text]<\/p>\n<h2>Participa\u021bi la o lec\u021bie de \u00eencercare gratuit\u0103 f\u0103r\u0103 obliga\u021bie<\/h2>\n<p>Am dori s\u0103 invit\u0103m pe to\u021bi cei care sunt interesa\u021bi de un curs de companie pentru formarea lingvistic\u0103 a angaja\u021bilor lor s\u0103 ia pur \u0219i simplu parte la o lec\u021bie de \u00eencercare gratuit\u0103, f\u0103r\u0103 obliga\u021bie \u0219i s\u0103 se conving\u0103 de abilit\u0103\u021bile noastre \u0219i filosofia noastr\u0103. Pentru c\u0103 nu vrem doar ca elevii no\u0219tri s\u0103 treac\u0103 un test final, ci s\u0103-i facem s\u0103 se simt\u0103 confortabil \u0219i \u00een siguran\u021b\u0103 \u00een limbile lor str\u0103ine respective dup\u0103 unul dintre cursurile noastre. La urma urmei, limba este \u00eentotdeauna cea mai important\u0103 cheie pentru o societate \u0219i pentru \u00een\u021belegerea unei culturi. Mai ales \u00een unitatea de business, acest lucru nu poate fi evaluat suficient de mult. Tocmai aici limba deschide u\u0219i.[\/vc_column_text][\/vc_column][\/vc_row]<\/p>\n","protected":false},"excerpt":{"rendered":"<p>[vc_row css=&#8221;.vc_custom_1490175816869{padding-top: 40px !important;}&#8221;][vc_column][vc_column_text] Cursuri de limba companie \u00een englez\u0103, spaniol\u0103, italian\u0103. Toate limbile! [\/vc_column_text][\/vc_column][\/vc_row][vc_row full_width=&#8221;stretch_row&#8221; css=&#8221;.vc_custom_1490175983593{padding-top: 40px !important;padding-bottom: 40px !important;background-color: #f9f9f9 !important;}&#8221;][vc_column width=&#8221;1\/2&#8243;][vc_column_text]Contactele de afaceri interna\u021bionale, negocierile \u00een limbile lumii englez\u0103 \u0219i spaniol\u0103, precum \u0219i serviciile po\u0219tale, care sunt adesea efectuate \u00een limbi str\u0103ine, sunt problemele cu care se confrunt\u0103 multe companii \u00een prezent.&hellip; <a class=\"read-more\" href=\"https:\/\/www.sprachschule-aktiv-regensburg.de\/ro\/cursuri-de-limba-companie\/\" title=\"Read Cursuri de limba companie \u00een englez\u0103, spaniol\u0103, italian\u0103. Toate limbile!\">Read more &raquo;<\/a><\/p>\n","protected":false},"author":2,"featured_media":0,"parent":0,"menu_order":0,"comment_status":"closed","ping_status":"closed","template":"","meta":{"footnotes":""},"class_list":["post-9167","page","type-page","status-publish","hentry"],"yoast_head":"<!-- This site is optimized with the Yoast SEO plugin v27.1.1 - https:\/\/yoast.com\/product\/yoast-seo-wordpress\/ -->\n<title>Cursuri de limba companie \u00een Regensburg<\/title>\n<meta name=\"description\" content=\"Cursuri de limba companie \u00een englez\u0103, spaniol\u0103, italian\u0103. Toate limbile! Contactele de afaceri interna\u021bionale.\" \/>\n<meta name=\"robots\" content=\"index, follow, max-snippet:-1, max-image-preview:large, max-video-preview:-1\" \/>\n<link rel=\"canonical\" href=\"https:\/\/www.sprachschule-aktiv-regensburg.de\/ro\/cursuri-de-limba-companie\/\" \/>\n<meta property=\"og:locale\" content=\"ro_RO\" \/>\n<meta property=\"og:type\" content=\"article\" \/>\n<meta property=\"og:title\" content=\"Cursuri de limba companie \u00een Regensburg\" \/>\n<meta property=\"og:description\" content=\"Cursuri de limba companie \u00een englez\u0103, spaniol\u0103, italian\u0103. Toate limbile! Contactele de afaceri interna\u021bionale.\" \/>\n<meta property=\"og:url\" content=\"https:\/\/www.sprachschule-aktiv-regensburg.de\/ro\/cursuri-de-limba-companie\/\" \/>\n<meta property=\"og:site_name\" content=\"Sprachschule Aktiv Regensburg\" \/>\n<meta property=\"article:modified_time\" content=\"2026-03-15T08:55:52+00:00\" \/>\n<meta name=\"twitter:card\" content=\"summary_large_image\" \/>\n<meta name=\"twitter:label1\" content=\"Timp estimat pentru citire\" \/>\n\t<meta name=\"twitter:data1\" content=\"5 minute\" \/>\n<script type=\"application\/ld+json\" class=\"yoast-schema-graph\">{\"@context\":\"https:\/\/schema.org\",\"@graph\":[{\"@type\":\"WebPage\",\"@id\":\"https:\/\/www.sprachschule-aktiv-regensburg.de\/ro\/cursuri-de-limba-companie\/\",\"url\":\"https:\/\/www.sprachschule-aktiv-regensburg.de\/ro\/cursuri-de-limba-companie\/\",\"name\":\"Cursuri de limba companie \u00een Regensburg\",\"isPartOf\":{\"@id\":\"https:\/\/www.sprachschule-aktiv-regensburg.de\/#website\"},\"datePublished\":\"2015-11-30T12:21:17+00:00\",\"dateModified\":\"2026-03-15T08:55:52+00:00\",\"description\":\"Cursuri de limba companie \u00een englez\u0103, spaniol\u0103, italian\u0103. Toate limbile! Contactele de afaceri interna\u021bionale.\",\"breadcrumb\":{\"@id\":\"https:\/\/www.sprachschule-aktiv-regensburg.de\/ro\/cursuri-de-limba-companie\/#breadcrumb\"},\"inLanguage\":\"ro-RO\",\"potentialAction\":[{\"@type\":\"ReadAction\",\"target\":[\"https:\/\/www.sprachschule-aktiv-regensburg.de\/ro\/cursuri-de-limba-companie\/\"]}]},{\"@type\":\"BreadcrumbList\",\"@id\":\"https:\/\/www.sprachschule-aktiv-regensburg.de\/ro\/cursuri-de-limba-companie\/#breadcrumb\",\"itemListElement\":[{\"@type\":\"ListItem\",\"position\":1,\"name\":\"Home\",\"item\":\"https:\/\/www.sprachschule-aktiv-regensburg.de\/ro\/\"},{\"@type\":\"ListItem\",\"position\":2,\"name\":\"Cursuri de limba companie \u00een englez\u0103, spaniol\u0103, italian\u0103. Toate limbile!\"}]},{\"@type\":\"WebSite\",\"@id\":\"https:\/\/www.sprachschule-aktiv-regensburg.de\/#website\",\"url\":\"https:\/\/www.sprachschule-aktiv-regensburg.de\/\",\"name\":\"Sprachschule Aktiv Regensburg\",\"description\":\"\",\"potentialAction\":[{\"@type\":\"SearchAction\",\"target\":{\"@type\":\"EntryPoint\",\"urlTemplate\":\"https:\/\/www.sprachschule-aktiv-regensburg.de\/?s={search_term_string}\"},\"query-input\":{\"@type\":\"PropertyValueSpecification\",\"valueRequired\":true,\"valueName\":\"search_term_string\"}}],\"inLanguage\":\"ro-RO\"}]}<\/script>\n<!-- \/ Yoast SEO plugin. -->","yoast_head_json":{"title":"Cursuri de limba companie \u00een Regensburg","description":"Cursuri de limba companie \u00een englez\u0103, spaniol\u0103, italian\u0103. Toate limbile! Contactele de afaceri interna\u021bionale.","robots":{"index":"index","follow":"follow","max-snippet":"max-snippet:-1","max-image-preview":"max-image-preview:large","max-video-preview":"max-video-preview:-1"},"canonical":"https:\/\/www.sprachschule-aktiv-regensburg.de\/ro\/cursuri-de-limba-companie\/","og_locale":"ro_RO","og_type":"article","og_title":"Cursuri de limba companie \u00een Regensburg","og_description":"Cursuri de limba companie \u00een englez\u0103, spaniol\u0103, italian\u0103. Toate limbile! Contactele de afaceri interna\u021bionale.","og_url":"https:\/\/www.sprachschule-aktiv-regensburg.de\/ro\/cursuri-de-limba-companie\/","og_site_name":"Sprachschule Aktiv Regensburg","article_modified_time":"2026-03-15T08:55:52+00:00","twitter_card":"summary_large_image","twitter_misc":{"Timp estimat pentru citire":"5 minute"},"schema":{"@context":"https:\/\/schema.org","@graph":[{"@type":"WebPage","@id":"https:\/\/www.sprachschule-aktiv-regensburg.de\/ro\/cursuri-de-limba-companie\/","url":"https:\/\/www.sprachschule-aktiv-regensburg.de\/ro\/cursuri-de-limba-companie\/","name":"Cursuri de limba companie \u00een Regensburg","isPartOf":{"@id":"https:\/\/www.sprachschule-aktiv-regensburg.de\/#website"},"datePublished":"2015-11-30T12:21:17+00:00","dateModified":"2026-03-15T08:55:52+00:00","description":"Cursuri de limba companie \u00een englez\u0103, spaniol\u0103, italian\u0103. Toate limbile! Contactele de afaceri interna\u021bionale.","breadcrumb":{"@id":"https:\/\/www.sprachschule-aktiv-regensburg.de\/ro\/cursuri-de-limba-companie\/#breadcrumb"},"inLanguage":"ro-RO","potentialAction":[{"@type":"ReadAction","target":["https:\/\/www.sprachschule-aktiv-regensburg.de\/ro\/cursuri-de-limba-companie\/"]}]},{"@type":"BreadcrumbList","@id":"https:\/\/www.sprachschule-aktiv-regensburg.de\/ro\/cursuri-de-limba-companie\/#breadcrumb","itemListElement":[{"@type":"ListItem","position":1,"name":"Home","item":"https:\/\/www.sprachschule-aktiv-regensburg.de\/ro\/"},{"@type":"ListItem","position":2,"name":"Cursuri de limba companie \u00een englez\u0103, spaniol\u0103, italian\u0103. Toate limbile!"}]},{"@type":"WebSite","@id":"https:\/\/www.sprachschule-aktiv-regensburg.de\/#website","url":"https:\/\/www.sprachschule-aktiv-regensburg.de\/","name":"Sprachschule Aktiv Regensburg","description":"","potentialAction":[{"@type":"SearchAction","target":{"@type":"EntryPoint","urlTemplate":"https:\/\/www.sprachschule-aktiv-regensburg.de\/?s={search_term_string}"},"query-input":{"@type":"PropertyValueSpecification","valueRequired":true,"valueName":"search_term_string"}}],"inLanguage":"ro-RO"}]}},"_links":{"self":[{"href":"https:\/\/www.sprachschule-aktiv-regensburg.de\/ro\/wp-json\/wp\/v2\/pages\/9167","targetHints":{"allow":["GET"]}}],"collection":[{"href":"https:\/\/www.sprachschule-aktiv-regensburg.de\/ro\/wp-json\/wp\/v2\/pages"}],"about":[{"href":"https:\/\/www.sprachschule-aktiv-regensburg.de\/ro\/wp-json\/wp\/v2\/types\/page"}],"author":[{"embeddable":true,"href":"https:\/\/www.sprachschule-aktiv-regensburg.de\/ro\/wp-json\/wp\/v2\/users\/2"}],"replies":[{"embeddable":true,"href":"https:\/\/www.sprachschule-aktiv-regensburg.de\/ro\/wp-json\/wp\/v2\/comments?post=9167"}],"version-history":[{"count":6,"href":"https:\/\/www.sprachschule-aktiv-regensburg.de\/ro\/wp-json\/wp\/v2\/pages\/9167\/revisions"}],"predecessor-version":[{"id":11615,"href":"https:\/\/www.sprachschule-aktiv-regensburg.de\/ro\/wp-json\/wp\/v2\/pages\/9167\/revisions\/11615"}],"wp:attachment":[{"href":"https:\/\/www.sprachschule-aktiv-regensburg.de\/ro\/wp-json\/wp\/v2\/media?parent=9167"}],"curies":[{"name":"wp","href":"https:\/\/api.w.org\/{rel}","templated":true}]}}