{"id":9160,"date":"2016-04-30T04:32:32","date_gmt":"2016-04-30T04:32:32","guid":{"rendered":"https:\/\/www.sprachschule-aktiv-regensburg.de\/deutschkurs-mit-visum-und-deutschkurs-in-regensburg\/"},"modified":"2026-03-15T08:56:08","modified_gmt":"2026-03-15T08:56:08","slug":"curs-de-germana-cu-viza","status":"publish","type":"page","link":"https:\/\/www.sprachschule-aktiv-regensburg.de\/ro\/curs-de-germana-cu-viza\/","title":{"rendered":"Curs de limba german\u0103 cu viz\u0103- condi\u021bii pentru cererea dumneavoastr\u0103:"},"content":{"rendered":"<p>[vc_row css=&#8221;.vc_custom_1490178389383{padding-top: 40px !important;}&#8221;][vc_column][vc_column_text]<\/p>\n<h1>Curs de limba german\u0103 cu viz\u0103: Informa\u021bii importante pentru cererea de viz\u0103<\/h1>\n<p>[\/vc_column_text][\/vc_column][\/vc_row][vc_row full_width=&#8221;stretch_row&#8221; css=&#8221;.vc_custom_1490178457695{padding-top: 40px !important;padding-bottom: 40px !important;background-color: #f9f9f9 !important;}&#8221;][vc_column][vc_row_inner][vc_column_inner width=&#8221;1\/2&#8243;][vc_column_text]Dac\u0103 ave\u021bi nevoie de un curs de german\u0103 pentru viza dumneavoastr\u0103 \u00een Germania, v\u0103 afla\u021bi \u00een locul potrivit la \u0219coala de limbi str\u0103ine Aktiv din Regensburg!<\/p>\n<p>Cu noi pute\u021bi urma un curs intensiv de german\u0103 (4 s\u0103pt\u0103m\u00e2ni, de luni p\u00e2n\u0103 vineri, 20 de ore pe s\u0103pt\u0103m\u00e2n\u0103) pentru a ob\u021bine viza de intrare \u00een Germania. \u00cen primul r\u00e2nd, trebuie s\u0103 verifica\u021bi cu autoritatea competent\u0103 c\u00e2t timp trebuie s\u0103 fie cursul de german\u0103 pentru a primi viza. Recomand\u0103m o perioad\u0103 minim\u0103 de \u0219ase luni pentru a putea justifica \u00een mod plauzibil seriozitatea de a dori s\u0103 \u00eenv\u0103\u021ba\u021bi limba german\u0103 \u00eentr-un mod durabil.[\/vc_column_text][vc_column_text]<a class=\"whyaweb-kontakt\" href=\"#\">Contacta\u021bi-ne<\/a>[\/vc_column_text][\/vc_column_inner][vc_column_inner width=&#8221;1\/2&#8243;][vc_single_image image=&#8221;7641&#8243; img_size=&#8221;full&#8221;][\/vc_column_inner][\/vc_row_inner][vc_column_text css=&#8221;.vc_custom_1607332824289{margin-top: 15px !important;}&#8221;]\u0218coala de limbi str\u0103ine Aktiv Regensburg va fi fericit\u0103 s\u0103 v\u0103 ajute s\u0103 face\u021bi preg\u0103tiri importante pentru ob\u021binerea vizei pentru Germania. De asemenea, suntem bucuro\u0219i s\u0103 v\u0103 ajut\u0103m s\u0103 completa\u021bi cele mai importante documente \u0219i formulare pentru viza dumneavoastr\u0103.<\/p>\n<p>\u0218coala noastr\u0103 de limbi str\u0103ine v\u0103 poate oferi, de asemenea, dovada de a participa la un curs de limba german\u0103 \u00eenainte de curs, de \u00eendat\u0103 ce a\u021bi pl\u0103tit 50% din suma total\u0103.<\/p>\n<p>V\u0103 rug\u0103m s\u0103 ne contacta\u021bi dac\u0103 ave\u021bi \u00eentreb\u0103ri suplimentare despre cursul de german\u0103 cu viz\u0103.[\/vc_column_text][\/vc_column][\/vc_row][vc_row full_width=&#8221;stretch_row&#8221; css=&#8221;.vc_custom_1490178508922{padding-top: 40px !important;padding-bottom: 40px !important;}&#8221;][vc_column][vc_column_text]<\/p>\n<h2>Cursurile noastre pentru viz\u0103:<\/h2>\n<p>Cursurile noastre intensive de german\u0103 \u00eencep \u00een fiecare zi de luni a lunii \u0219i au loc de luni p\u00e2n\u0103 vineri, \u00eentre orele 9:00-12:00. V\u0103 oferim toate nivelurile de \u00eenv\u0103\u021bare.<\/p>\n<h2>Pre\u021burile noastre:<\/h2>\n<ul>\n<li>1 s\u0103pt\u0103m\u00e2n\u0103 curs de german\u0103 pentru doar 199 \u20ac<\/li>\n<li>2 s\u0103pt\u0103m\u00e2ni curs de german\u0103 pentru doar 349 \u20ac<\/li>\n<li>3 s\u0103pt\u0103m\u00e2ni curs de german\u0103 pentru doar 449 \u20ac<\/li>\n<li>4 s\u0103pt\u0103m\u0103ni curs de german\u0103 pentru doar 499 \u20ac<\/li>\n<\/ul>\n<p>[\/vc_column_text][vc_column_text css=&#8221;.vc_custom_1607332768911{margin-top: 15px !important;}&#8221;]<\/p>\n<h2>Cerin\u021be pentru viza dumneavoastr\u0103:<\/h2>\n<ul>\n<li>Cartea de identitate valid\u0103<\/li>\n<li>Asigurarea de s\u0103n\u0103tate<\/li>\n<li>Dou\u0103 formulare de cerere pentru viz\u0103<\/li>\n<li>Dou\u0103 fotografii de pa\u0219aport curente<\/li>\n<li>Dovada c\u0103 ave\u021bi cel pu\u021bin un nivel mediu de educa\u021bie<\/li>\n<li>Dovada c\u0103 a\u021bi pl\u0103tit pentru viz\u0103<\/li>\n<li>Dovada c\u0103 a\u021bi pl\u0103tit pentru curs<\/li>\n<\/ul>\n<p>[\/vc_column_text][vc_column_text css=&#8221;.vc_custom_1607332782401{margin-top: 15px !important;}&#8221;]Dac\u0103 tot nu primi\u021bi viza, ve\u021bi primi banii \u00eenapoi dup\u0103 depunerea notific\u0103rii de respingere, dar va trebui s\u0103 v\u0103 percepem o tax\u0103 de 250,00 \u20ac. Dac\u0103 viza dumneavoastr\u0103 nu este aprobat\u0103 la timp, pute\u021bi am\u00e2na cursul cu p\u00e2n\u0103 la 4 luni gratuit. \u00cenregistreaz\u0103-te la noi la \u0219coala de limbi str\u0103ine: <a href=\"mailto:info@sprachschule-aktiv-regensburg.de\">info@sprachschule-aktiv-regensburg.de<\/a><\/p>\n<p>A\u0219tept\u0103m cu ner\u0103bdare s\u0103 te v\u0103d! Dac\u0103 sunte\u021bi, de asemenea, \u00een c\u0103utarea de cazare \u00een Regensburg, vom fi bucuro\u0219i s\u0103 v\u0103 sf\u0103tuim![\/vc_column_text][\/vc_column][\/vc_row]<\/p>\n","protected":false},"excerpt":{"rendered":"<p>[vc_row css=&#8221;.vc_custom_1490178389383{padding-top: 40px !important;}&#8221;][vc_column][vc_column_text] Curs de limba german\u0103 cu viz\u0103: Informa\u021bii importante pentru cererea de viz\u0103 [\/vc_column_text][\/vc_column][\/vc_row][vc_row full_width=&#8221;stretch_row&#8221; css=&#8221;.vc_custom_1490178457695{padding-top: 40px !important;padding-bottom: 40px !important;background-color: #f9f9f9 !important;}&#8221;][vc_column][vc_row_inner][vc_column_inner width=&#8221;1\/2&#8243;][vc_column_text]Dac\u0103 ave\u021bi nevoie de un curs de german\u0103 pentru viza dumneavoastr\u0103 \u00een Germania, v\u0103 afla\u021bi \u00een locul potrivit la \u0219coala de limbi str\u0103ine Aktiv din Regensburg! Cu noi pute\u021bi urma&hellip; <a class=\"read-more\" href=\"https:\/\/www.sprachschule-aktiv-regensburg.de\/ro\/curs-de-germana-cu-viza\/\" title=\"Read Curs de limba german\u0103 cu viz\u0103- condi\u021bii pentru cererea dumneavoastr\u0103:\">Read more &raquo;<\/a><\/p>\n","protected":false},"author":2,"featured_media":0,"parent":0,"menu_order":0,"comment_status":"closed","ping_status":"closed","template":"","meta":{"footnotes":""},"class_list":["post-9160","page","type-page","status-publish","hentry"],"yoast_head":"<!-- This site is optimized with the Yoast SEO plugin v27.1.1 - https:\/\/yoast.com\/product\/yoast-seo-wordpress\/ -->\n<title>Curs de limba german\u0103 cu viz\u0103 - \u0218coal\u0103 de limbi str\u0103ine din Regensburg<\/title>\n<meta name=\"description\" content=\"Curs de limba german\u0103 cu viz\u0103- condi\u021bii pentru cererea dumneavoastr\u0103. \u0218coal\u0103 de limbi str\u0103ine din Regensburg.\" \/>\n<meta name=\"robots\" content=\"index, follow, max-snippet:-1, max-image-preview:large, max-video-preview:-1\" \/>\n<link rel=\"canonical\" href=\"https:\/\/www.sprachschule-aktiv-regensburg.de\/ro\/curs-de-germana-cu-viza\/\" \/>\n<meta property=\"og:locale\" content=\"ro_RO\" \/>\n<meta property=\"og:type\" content=\"article\" \/>\n<meta property=\"og:title\" content=\"Curs de limba german\u0103 cu viz\u0103 - \u0218coal\u0103 de limbi str\u0103ine din Regensburg\" \/>\n<meta property=\"og:description\" content=\"Curs de limba german\u0103 cu viz\u0103- condi\u021bii pentru cererea dumneavoastr\u0103. \u0218coal\u0103 de limbi str\u0103ine din Regensburg.\" \/>\n<meta property=\"og:url\" content=\"https:\/\/www.sprachschule-aktiv-regensburg.de\/ro\/curs-de-germana-cu-viza\/\" \/>\n<meta property=\"og:site_name\" content=\"Sprachschule Aktiv Regensburg\" \/>\n<meta property=\"article:modified_time\" content=\"2026-03-15T08:56:08+00:00\" \/>\n<meta name=\"twitter:card\" content=\"summary_large_image\" \/>\n<meta name=\"twitter:label1\" content=\"Timp estimat pentru citire\" \/>\n\t<meta name=\"twitter:data1\" content=\"3 minute\" \/>\n<script type=\"application\/ld+json\" class=\"yoast-schema-graph\">{\"@context\":\"https:\/\/schema.org\",\"@graph\":[{\"@type\":\"WebPage\",\"@id\":\"https:\/\/www.sprachschule-aktiv-regensburg.de\/ro\/curs-de-germana-cu-viza\/\",\"url\":\"https:\/\/www.sprachschule-aktiv-regensburg.de\/ro\/curs-de-germana-cu-viza\/\",\"name\":\"Curs de limba german\u0103 cu viz\u0103 - \u0218coal\u0103 de limbi str\u0103ine din Regensburg\",\"isPartOf\":{\"@id\":\"https:\/\/www.sprachschule-aktiv-regensburg.de\/#website\"},\"datePublished\":\"2016-04-30T04:32:32+00:00\",\"dateModified\":\"2026-03-15T08:56:08+00:00\",\"description\":\"Curs de limba german\u0103 cu viz\u0103- condi\u021bii pentru cererea dumneavoastr\u0103. \u0218coal\u0103 de limbi str\u0103ine din Regensburg.\",\"breadcrumb\":{\"@id\":\"https:\/\/www.sprachschule-aktiv-regensburg.de\/ro\/curs-de-germana-cu-viza\/#breadcrumb\"},\"inLanguage\":\"ro-RO\",\"potentialAction\":[{\"@type\":\"ReadAction\",\"target\":[\"https:\/\/www.sprachschule-aktiv-regensburg.de\/ro\/curs-de-germana-cu-viza\/\"]}]},{\"@type\":\"BreadcrumbList\",\"@id\":\"https:\/\/www.sprachschule-aktiv-regensburg.de\/ro\/curs-de-germana-cu-viza\/#breadcrumb\",\"itemListElement\":[{\"@type\":\"ListItem\",\"position\":1,\"name\":\"Home\",\"item\":\"https:\/\/www.sprachschule-aktiv-regensburg.de\/ro\/\"},{\"@type\":\"ListItem\",\"position\":2,\"name\":\"Curs de limba german\u0103 cu viz\u0103- condi\u021bii pentru cererea dumneavoastr\u0103:\"}]},{\"@type\":\"WebSite\",\"@id\":\"https:\/\/www.sprachschule-aktiv-regensburg.de\/#website\",\"url\":\"https:\/\/www.sprachschule-aktiv-regensburg.de\/\",\"name\":\"Sprachschule Aktiv Regensburg\",\"description\":\"\",\"potentialAction\":[{\"@type\":\"SearchAction\",\"target\":{\"@type\":\"EntryPoint\",\"urlTemplate\":\"https:\/\/www.sprachschule-aktiv-regensburg.de\/?s={search_term_string}\"},\"query-input\":{\"@type\":\"PropertyValueSpecification\",\"valueRequired\":true,\"valueName\":\"search_term_string\"}}],\"inLanguage\":\"ro-RO\"}]}<\/script>\n<!-- \/ Yoast SEO plugin. -->","yoast_head_json":{"title":"Curs de limba german\u0103 cu viz\u0103 - \u0218coal\u0103 de limbi str\u0103ine din Regensburg","description":"Curs de limba german\u0103 cu viz\u0103- condi\u021bii pentru cererea dumneavoastr\u0103. \u0218coal\u0103 de limbi str\u0103ine din Regensburg.","robots":{"index":"index","follow":"follow","max-snippet":"max-snippet:-1","max-image-preview":"max-image-preview:large","max-video-preview":"max-video-preview:-1"},"canonical":"https:\/\/www.sprachschule-aktiv-regensburg.de\/ro\/curs-de-germana-cu-viza\/","og_locale":"ro_RO","og_type":"article","og_title":"Curs de limba german\u0103 cu viz\u0103 - \u0218coal\u0103 de limbi str\u0103ine din Regensburg","og_description":"Curs de limba german\u0103 cu viz\u0103- condi\u021bii pentru cererea dumneavoastr\u0103. \u0218coal\u0103 de limbi str\u0103ine din Regensburg.","og_url":"https:\/\/www.sprachschule-aktiv-regensburg.de\/ro\/curs-de-germana-cu-viza\/","og_site_name":"Sprachschule Aktiv Regensburg","article_modified_time":"2026-03-15T08:56:08+00:00","twitter_card":"summary_large_image","twitter_misc":{"Timp estimat pentru citire":"3 minute"},"schema":{"@context":"https:\/\/schema.org","@graph":[{"@type":"WebPage","@id":"https:\/\/www.sprachschule-aktiv-regensburg.de\/ro\/curs-de-germana-cu-viza\/","url":"https:\/\/www.sprachschule-aktiv-regensburg.de\/ro\/curs-de-germana-cu-viza\/","name":"Curs de limba german\u0103 cu viz\u0103 - \u0218coal\u0103 de limbi str\u0103ine din Regensburg","isPartOf":{"@id":"https:\/\/www.sprachschule-aktiv-regensburg.de\/#website"},"datePublished":"2016-04-30T04:32:32+00:00","dateModified":"2026-03-15T08:56:08+00:00","description":"Curs de limba german\u0103 cu viz\u0103- condi\u021bii pentru cererea dumneavoastr\u0103. \u0218coal\u0103 de limbi str\u0103ine din Regensburg.","breadcrumb":{"@id":"https:\/\/www.sprachschule-aktiv-regensburg.de\/ro\/curs-de-germana-cu-viza\/#breadcrumb"},"inLanguage":"ro-RO","potentialAction":[{"@type":"ReadAction","target":["https:\/\/www.sprachschule-aktiv-regensburg.de\/ro\/curs-de-germana-cu-viza\/"]}]},{"@type":"BreadcrumbList","@id":"https:\/\/www.sprachschule-aktiv-regensburg.de\/ro\/curs-de-germana-cu-viza\/#breadcrumb","itemListElement":[{"@type":"ListItem","position":1,"name":"Home","item":"https:\/\/www.sprachschule-aktiv-regensburg.de\/ro\/"},{"@type":"ListItem","position":2,"name":"Curs de limba german\u0103 cu viz\u0103- condi\u021bii pentru cererea dumneavoastr\u0103:"}]},{"@type":"WebSite","@id":"https:\/\/www.sprachschule-aktiv-regensburg.de\/#website","url":"https:\/\/www.sprachschule-aktiv-regensburg.de\/","name":"Sprachschule Aktiv Regensburg","description":"","potentialAction":[{"@type":"SearchAction","target":{"@type":"EntryPoint","urlTemplate":"https:\/\/www.sprachschule-aktiv-regensburg.de\/?s={search_term_string}"},"query-input":{"@type":"PropertyValueSpecification","valueRequired":true,"valueName":"search_term_string"}}],"inLanguage":"ro-RO"}]}},"_links":{"self":[{"href":"https:\/\/www.sprachschule-aktiv-regensburg.de\/ro\/wp-json\/wp\/v2\/pages\/9160","targetHints":{"allow":["GET"]}}],"collection":[{"href":"https:\/\/www.sprachschule-aktiv-regensburg.de\/ro\/wp-json\/wp\/v2\/pages"}],"about":[{"href":"https:\/\/www.sprachschule-aktiv-regensburg.de\/ro\/wp-json\/wp\/v2\/types\/page"}],"author":[{"embeddable":true,"href":"https:\/\/www.sprachschule-aktiv-regensburg.de\/ro\/wp-json\/wp\/v2\/users\/2"}],"replies":[{"embeddable":true,"href":"https:\/\/www.sprachschule-aktiv-regensburg.de\/ro\/wp-json\/wp\/v2\/comments?post=9160"}],"version-history":[{"count":7,"href":"https:\/\/www.sprachschule-aktiv-regensburg.de\/ro\/wp-json\/wp\/v2\/pages\/9160\/revisions"}],"predecessor-version":[{"id":11616,"href":"https:\/\/www.sprachschule-aktiv-regensburg.de\/ro\/wp-json\/wp\/v2\/pages\/9160\/revisions\/11616"}],"wp:attachment":[{"href":"https:\/\/www.sprachschule-aktiv-regensburg.de\/ro\/wp-json\/wp\/v2\/media?parent=9160"}],"curies":[{"name":"wp","href":"https:\/\/api.w.org\/{rel}","templated":true}]}}