{"id":7566,"date":"2013-05-31T08:44:43","date_gmt":"2013-05-31T08:44:43","guid":{"rendered":"https:\/\/www.sprachschule-aktiv-regensburg.de\/home\/"},"modified":"2026-03-15T08:55:11","modified_gmt":"2026-03-15T08:55:11","slug":"home","status":"publish","type":"page","link":"https:\/\/www.sprachschule-aktiv-regensburg.de\/ro\/","title":{"rendered":"Home"},"content":{"rendered":"<p>[vc_row full_width=&#8221;stretch_row_content_no_spaces&#8221;][vc_column][vc_single_image image=&#8221;9217&#8243; img_size=&#8221;full&#8221; alignment=&#8221;center&#8221;][\/vc_column][\/vc_row][vc_row css=&#8221;.vc_custom_1489569322649{padding-top: 30px !important;padding-bottom: 20px !important;}&#8221;][vc_column][vc_column_text]<\/p>\n<h1>Invata germana in Regensburg: Cursuri de limba germana pentru cursantii incepatori si avansati<\/h1>\n<p>[\/vc_column_text][vc_row_inner][vc_column_inner width=&#8221;1\/2&#8243;][vc_video link=&#8221;https:\/\/www.youtube.com\/embed\/xOuc5QMA6iM&#8221;][\/vc_column_inner][vc_column_inner width=&#8221;1\/2&#8243;][vc_column_text]Scoala noastra de limba germana din Regensburg si-a stabilit sarcina de a oferi participantilor din intreaga lume o gama variata de cursuri de limba germana pentru cursantii incepatori si avansati. Nu exista o modalitate mai buna de a invata o limba straina decat in tara in care se vorbeste. Invatarea limbii germane in Germania este cea mai rapida si cea mai eficienta modalitate de a dobandi noi competente lingvistice sau de a va imbunatati limba germana in cel mai scurt timp posibil.[\/vc_column_text][\/vc_column_inner][\/vc_row_inner][\/vc_column][\/vc_row][vc_row full_width=&#8221;stretch_row&#8221; css=&#8221;.vc_custom_1489569295748{padding-top: 40px !important;padding-bottom: 40px !important;background-color: #f9f9f9 !important;}&#8221;][vc_column][vc_column_text]<\/p>\n<h2>Cursurile noastre intensive din Germania pentru A1, A2, B1, B2, C1, C2<\/h2>\n<p>[\/vc_column_text][vc_column_text]Calendarul, preturile si inceputul cursului:<br \/>\n&#8211; Curs intensiv german<br \/>\nPerioada de timp: de luni pana vineri intre orele 9:00 si 12:00<br \/>\nCurs de initiere pentru incepatori: intotdeauna in prima zi de luni a lunii respective<br \/>\nInceputurile cu cunostinte anterioare: intrare posibila \u00een fiecare luni<\/p>\n<p>Preturile:<\/p>\n<ul>\n<li>1 saptamana: 199 \u20ac<\/li>\n<li>2 saptamani: 349 \u20ac<\/li>\n<li>3 saptamani: 449 \u20ac<\/li>\n<li>4 saptamanii (pe luna): 499 \u20ac<\/li>\n<li>Dac\u0103 rezerva\u021bi dou\u0103 luni sau mai mult, pl\u0103ti\u021bi 449 EUR pe lun\u0103.<\/li>\n<\/ul>\n<p>[\/vc_column_text][\/vc_column][\/vc_row][vc_row full_width=&#8221;stretch_row&#8221; equal_height=&#8221;yes&#8221; content_placement=&#8221;middle&#8221; tc_enable_overlay=&#8221;true&#8221; css=&#8221;.vc_custom_1489569764739{padding-top: 30px !important;padding-bottom: 30px !important;}&#8221; el_class=&#8221;action-box m-b-none theme-bg-color&#8221;][vc_column width=&#8221;2\/3&#8243; css=&#8221;.vc_custom_1489228440142{padding-right: 20px !important;}&#8221;][vc_column_text]<\/p>\n<h3 class=\"text-white\">Afla\u021bi germana \u00een Regensburg. Contacta\u021bi-ne!<\/h3>\n<p class=\"text-white\">Curs german pentru \u00eencep\u0103tori \u0219i avansa\u021bi.<\/p>\n<p>[\/vc_column_text][\/vc_column][vc_column width=&#8221;1\/3&#8243;][vc_column_text]<a class=\"whyaweb-kontakt\" href=\"#\">Contacta\u021bi-ne<\/a>[\/vc_column_text][\/vc_column][\/vc_row][vc_row css=&#8221;.vc_custom_1489569850167{padding-top: 40px !important;padding-bottom: 40px !important;}&#8221;][vc_column][vc_column_text]<\/p>\n<h2>Cursuri de limba germana in grupuri mici pana la 7 participanti<\/h2>\n<p>Oricine ar dori sa invete limba germana ca o limba straina este pe maini bune in scoala noastra de limbi straine. Anii nostri de experieta si personalul nostru special instruit au dezvoltat un sistem care va facilita oricui vrea sa invete sa inteleaga jungla gramaticii, vocabularului, tempo-ului si regulilor speciale germane. Nu numai ca le garantam studentiilor nostri sa fie invatati de profesori germani instruiti, dar, de asemenea vor invata doar \u00een grupuri mici. Pentru ca \u00een grupul mic schimbul este mai simplu, numai in acest fel se poate invata intens \u0219i \u00een acelasi timp distractiv. Acest lucru se aplica atat cursurilor de \u00eencepator, cat si studentilor germani deja avansati.<\/p>\n<h2>Scoala noastra de limba germana din Regensburg<\/h2>\n<p>Scoala noastra de limba germana din Regensburg este situata foarte central. Ne veti gasi la St.Georgen-Platz 10 \u00een 93047 Regensburg. Scoala noastra de limbi straine ofera cursuri A1 pentru incepatori, de la B1 pentru intermediari la C2 pentru studenti avansati. In plus, puteti alege dintr-o varietate de subiecte, cum ar fi un curs de german de afaceri, de economie germana sau un curs de pregatire pentru examenul german.<\/p>\n<p>Nu conteaza daca incepeti de la zero, daca stiti deja un pic de germana sau daca doriti doar sa va perfectionati abilitatile lingvistice, veti gasi intotdeauna cursul german adecvat la scoala de limbi Aktiv Regensburg. Daca nu sunteti sigur ce nivel de limba aveti, puteti efectua gratuit un test de nivel si va recomandam cursurile de limba corespunzatoare.<\/p>\n<p>A invata limba germana cu subiecte speciale, desigur, nu este o problema pentru noi, avem cursuri \u00een care puteti \u00eenvata, de exemplu, Business German (german\u0103 de afaceri), economie germana sau germana pentru medicina. De asemenea, organizam cursuri de limba germana in pregatirea pentru examene, de ex. pentru a obtine &#8220;Diploma \u00een limba germana&#8221;, certificatele TELC, DTZ sau TestDaf \/ DSH.<\/p>\n<p>Ce obiective urmariti cu un curs de limba german &#8211; in scoala noastra de limba veti gasi intotdeauna cele mai bune cursuri de limba germana![\/vc_column_text][\/vc_column][\/vc_row][vc_row full_width=&#8221;stretch_row&#8221; css=&#8221;.vc_custom_1489569924832{padding-top: 40px !important;padding-bottom: 40px !important;background-color: #f9f9f9 !important;}&#8221;][vc_column][vc_column_text]<\/p>\n<h2>Invatati limba germana in Regensburg cu cazare si petrecerea timpului liber<\/h2>\n<p>O excursie \u00een limba germana presupune ca puteti invata limba germana direct \u00een Germania si include lectii si cazare in Germania. Daca doriti sa urmati un curs de limba germana la noi in Regensburg, suntem bucurosi sa va ajutam sa gasitii cazare \u00een regensburg asa cum doriti. Avem contacte cu multe familii gazda care asteapta cu nerabdare sa va cunoasca. Acesta este cel mai bun mod de a avea contact direct cu limba si obiceiurile germane. Cu toate acestea, daca doriti sa locuiti singuri, va putem ajuta sa gasiti cazare \u00eentr-un camin de tineret sau \u00eentr-un hotel &#8211; suntem mereu langa dvs. \u00een timpul calatoriei dvs. de studiu de limba.<\/p>\n<p>Ca parte a unei astfel de voiaj in Regensburg, organizam numeroase excursii care ofera o gama larga de activitati de agrement. Astfel, puteti sa invatati cu usurinta germana si sa experimentati orasul Regensburg, fara sa va faceti griji cu privire la aspectele organiztionale. Vizitati scoala noastra de limbi straine Aktiv din Regensburg si faceti o experienta de neuitat![\/vc_column_text][vc_gmaps link=&#8221;#E-8_JTNDaWZyYW1lJTIwc3R5bGUlM0QlMjJib3JkZXIlM0ElMjAwJTNCJTIyJTIwc3JjJTNEJTIyaHR0cHMlM0ElMkYlMkZ3d3cuZ29vZ2xlLmNvbSUyRm1hcHMlMkZlbWJlZCUzRnBiJTNEJTIxMW0xNCUyMTFtOCUyMTFtMyUyMTFkMTA0NjYuNzY4NzI0NzMwMTElMjEyZDEyLjA5NjQzMjIlMjEzZDQ5LjAxNjQ0MDklMjEzbTIlMjExaTEwMjQlMjEyaTc2OCUyMTRmMTMuMSUyMTNtMyUyMTFtMiUyMTFzMHgwJTI1M0EweDlkMDY4NmI0MzRiYjI2Y2YlMjEyc1NwcmFjaHNjaHVsZSUyQkFrdGl2JTJCUmVnZW5zYnVyZyUyMTVlMCUyMTNtMiUyMTFzZGUlMjEyc2RlJTIxNHYxNDUzODc5MDkzMDIxJTIyJTIwd2lkdGglM0QlMjIxMDAlMjUlMjIlMjBoZWlnaHQlM0QlMjIzMDAlMjIlMjBmcmFtZWJvcmRlciUzRCUyMjAlMjIlMjBhbGxvd2Z1bGxzY3JlZW4lM0QlMjJhbGxvd2Z1bGxzY3JlZW4lMjIlM0UlM0MlMkZpZnJhbWUlM0U=&#8221;][\/vc_column][\/vc_row]<\/p>\n","protected":false},"excerpt":{"rendered":"<p>[vc_row full_width=&#8221;stretch_row_content_no_spaces&#8221;][vc_column][vc_single_image image=&#8221;9217&#8243; img_size=&#8221;full&#8221; alignment=&#8221;center&#8221;][\/vc_column][\/vc_row][vc_row css=&#8221;.vc_custom_1489569322649{padding-top: 30px !important;padding-bottom: 20px !important;}&#8221;][vc_column][vc_column_text] Invata germana in Regensburg: Cursuri de limba germana pentru cursantii incepatori si avansati [\/vc_column_text][vc_row_inner][vc_column_inner width=&#8221;1\/2&#8243;][vc_video link=&#8221;https:\/\/www.youtube.com\/embed\/xOuc5QMA6iM&#8221;][\/vc_column_inner][vc_column_inner width=&#8221;1\/2&#8243;][vc_column_text]Scoala noastra de limba germana din Regensburg si-a stabilit sarcina de a oferi participantilor din intreaga lume o gama variata de cursuri de limba germana pentru cursantii incepatori si&hellip; <a class=\"read-more\" href=\"https:\/\/www.sprachschule-aktiv-regensburg.de\/ro\/\" title=\"Read Home\">Read more &raquo;<\/a><\/p>\n","protected":false},"author":2,"featured_media":0,"parent":0,"menu_order":0,"comment_status":"closed","ping_status":"closed","template":"templates\/page-vc_compatible.php","meta":{"footnotes":""},"class_list":["post-7566","page","type-page","status-publish","hentry"],"yoast_head":"<!-- This site is optimized with the Yoast SEO plugin v27.1.1 - https:\/\/yoast.com\/product\/yoast-seo-wordpress\/ -->\n<title>Cursuri de limba germana pentru cursantii incepatori si avansati<\/title>\n<meta name=\"description\" content=\"Scoala noastra de limba germana din Regensburg si-a stabilit sarcina de a oferi participantilor din intreaga lume o gama variata de cursuri de limba germana pentru cursantii incepatori si avansati.\" \/>\n<meta name=\"robots\" content=\"index, follow, max-snippet:-1, max-image-preview:large, max-video-preview:-1\" \/>\n<link rel=\"canonical\" href=\"https:\/\/www.sprachschule-aktiv-regensburg.de\/ro\/\" \/>\n<meta property=\"og:locale\" content=\"ro_RO\" \/>\n<meta property=\"og:type\" content=\"article\" \/>\n<meta property=\"og:title\" content=\"Cursuri de limba germana pentru cursantii incepatori si avansati\" \/>\n<meta property=\"og:description\" content=\"Scoala noastra de limba germana din Regensburg si-a stabilit sarcina de a oferi participantilor din intreaga lume o gama variata de cursuri de limba germana pentru cursantii incepatori si avansati.\" \/>\n<meta property=\"og:url\" content=\"https:\/\/www.sprachschule-aktiv-regensburg.de\/ro\/\" \/>\n<meta property=\"og:site_name\" content=\"Sprachschule Aktiv Regensburg\" \/>\n<meta property=\"article:modified_time\" content=\"2026-03-15T08:55:11+00:00\" \/>\n<meta name=\"twitter:card\" content=\"summary_large_image\" \/>\n<meta name=\"twitter:label1\" content=\"Timp estimat pentru citire\" \/>\n\t<meta name=\"twitter:data1\" content=\"5 minute\" \/>\n<script type=\"application\/ld+json\" class=\"yoast-schema-graph\">{\"@context\":\"https:\/\/schema.org\",\"@graph\":[{\"@type\":\"WebPage\",\"@id\":\"https:\/\/www.sprachschule-aktiv-regensburg.de\/ro\/\",\"url\":\"https:\/\/www.sprachschule-aktiv-regensburg.de\/ro\/\",\"name\":\"Cursuri de limba germana pentru cursantii incepatori si avansati\",\"isPartOf\":{\"@id\":\"https:\/\/www.sprachschule-aktiv-regensburg.de\/#website\"},\"datePublished\":\"2013-05-31T08:44:43+00:00\",\"dateModified\":\"2026-03-15T08:55:11+00:00\",\"description\":\"Scoala noastra de limba germana din Regensburg si-a stabilit sarcina de a oferi participantilor din intreaga lume o gama variata de cursuri de limba germana pentru cursantii incepatori si avansati.\",\"breadcrumb\":{\"@id\":\"https:\/\/www.sprachschule-aktiv-regensburg.de\/ro\/#breadcrumb\"},\"inLanguage\":\"ro-RO\",\"potentialAction\":[{\"@type\":\"ReadAction\",\"target\":[\"https:\/\/www.sprachschule-aktiv-regensburg.de\/ro\/\"]}]},{\"@type\":\"BreadcrumbList\",\"@id\":\"https:\/\/www.sprachschule-aktiv-regensburg.de\/ro\/#breadcrumb\",\"itemListElement\":[{\"@type\":\"ListItem\",\"position\":1,\"name\":\"Home\",\"item\":\"https:\/\/www.sprachschule-aktiv-regensburg.de\/ro\/\"},{\"@type\":\"ListItem\",\"position\":2,\"name\":\"Home\"}]},{\"@type\":\"WebSite\",\"@id\":\"https:\/\/www.sprachschule-aktiv-regensburg.de\/#website\",\"url\":\"https:\/\/www.sprachschule-aktiv-regensburg.de\/\",\"name\":\"Sprachschule Aktiv Regensburg\",\"description\":\"\",\"potentialAction\":[{\"@type\":\"SearchAction\",\"target\":{\"@type\":\"EntryPoint\",\"urlTemplate\":\"https:\/\/www.sprachschule-aktiv-regensburg.de\/?s={search_term_string}\"},\"query-input\":{\"@type\":\"PropertyValueSpecification\",\"valueRequired\":true,\"valueName\":\"search_term_string\"}}],\"inLanguage\":\"ro-RO\"}]}<\/script>\n<!-- \/ Yoast SEO plugin. -->","yoast_head_json":{"title":"Cursuri de limba germana pentru cursantii incepatori si avansati","description":"Scoala noastra de limba germana din Regensburg si-a stabilit sarcina de a oferi participantilor din intreaga lume o gama variata de cursuri de limba germana pentru cursantii incepatori si avansati.","robots":{"index":"index","follow":"follow","max-snippet":"max-snippet:-1","max-image-preview":"max-image-preview:large","max-video-preview":"max-video-preview:-1"},"canonical":"https:\/\/www.sprachschule-aktiv-regensburg.de\/ro\/","og_locale":"ro_RO","og_type":"article","og_title":"Cursuri de limba germana pentru cursantii incepatori si avansati","og_description":"Scoala noastra de limba germana din Regensburg si-a stabilit sarcina de a oferi participantilor din intreaga lume o gama variata de cursuri de limba germana pentru cursantii incepatori si avansati.","og_url":"https:\/\/www.sprachschule-aktiv-regensburg.de\/ro\/","og_site_name":"Sprachschule Aktiv Regensburg","article_modified_time":"2026-03-15T08:55:11+00:00","twitter_card":"summary_large_image","twitter_misc":{"Timp estimat pentru citire":"5 minute"},"schema":{"@context":"https:\/\/schema.org","@graph":[{"@type":"WebPage","@id":"https:\/\/www.sprachschule-aktiv-regensburg.de\/ro\/","url":"https:\/\/www.sprachschule-aktiv-regensburg.de\/ro\/","name":"Cursuri de limba germana pentru cursantii incepatori si avansati","isPartOf":{"@id":"https:\/\/www.sprachschule-aktiv-regensburg.de\/#website"},"datePublished":"2013-05-31T08:44:43+00:00","dateModified":"2026-03-15T08:55:11+00:00","description":"Scoala noastra de limba germana din Regensburg si-a stabilit sarcina de a oferi participantilor din intreaga lume o gama variata de cursuri de limba germana pentru cursantii incepatori si avansati.","breadcrumb":{"@id":"https:\/\/www.sprachschule-aktiv-regensburg.de\/ro\/#breadcrumb"},"inLanguage":"ro-RO","potentialAction":[{"@type":"ReadAction","target":["https:\/\/www.sprachschule-aktiv-regensburg.de\/ro\/"]}]},{"@type":"BreadcrumbList","@id":"https:\/\/www.sprachschule-aktiv-regensburg.de\/ro\/#breadcrumb","itemListElement":[{"@type":"ListItem","position":1,"name":"Home","item":"https:\/\/www.sprachschule-aktiv-regensburg.de\/ro\/"},{"@type":"ListItem","position":2,"name":"Home"}]},{"@type":"WebSite","@id":"https:\/\/www.sprachschule-aktiv-regensburg.de\/#website","url":"https:\/\/www.sprachschule-aktiv-regensburg.de\/","name":"Sprachschule Aktiv Regensburg","description":"","potentialAction":[{"@type":"SearchAction","target":{"@type":"EntryPoint","urlTemplate":"https:\/\/www.sprachschule-aktiv-regensburg.de\/?s={search_term_string}"},"query-input":{"@type":"PropertyValueSpecification","valueRequired":true,"valueName":"search_term_string"}}],"inLanguage":"ro-RO"}]}},"_links":{"self":[{"href":"https:\/\/www.sprachschule-aktiv-regensburg.de\/ro\/wp-json\/wp\/v2\/pages\/7566","targetHints":{"allow":["GET"]}}],"collection":[{"href":"https:\/\/www.sprachschule-aktiv-regensburg.de\/ro\/wp-json\/wp\/v2\/pages"}],"about":[{"href":"https:\/\/www.sprachschule-aktiv-regensburg.de\/ro\/wp-json\/wp\/v2\/types\/page"}],"author":[{"embeddable":true,"href":"https:\/\/www.sprachschule-aktiv-regensburg.de\/ro\/wp-json\/wp\/v2\/users\/2"}],"replies":[{"embeddable":true,"href":"https:\/\/www.sprachschule-aktiv-regensburg.de\/ro\/wp-json\/wp\/v2\/comments?post=7566"}],"version-history":[{"count":10,"href":"https:\/\/www.sprachschule-aktiv-regensburg.de\/ro\/wp-json\/wp\/v2\/pages\/7566\/revisions"}],"predecessor-version":[{"id":11614,"href":"https:\/\/www.sprachschule-aktiv-regensburg.de\/ro\/wp-json\/wp\/v2\/pages\/7566\/revisions\/11614"}],"wp:attachment":[{"href":"https:\/\/www.sprachschule-aktiv-regensburg.de\/ro\/wp-json\/wp\/v2\/media?parent=7566"}],"curies":[{"name":"wp","href":"https:\/\/api.w.org\/{rel}","templated":true}]}}