{"id":7212,"date":"2013-05-31T08:44:43","date_gmt":"2013-05-31T08:44:43","guid":{"rendered":"https:\/\/www.sprachschule-aktiv-regensburg.de\/home\/"},"modified":"2026-03-15T08:53:39","modified_gmt":"2026-03-15T08:53:39","slug":"home","status":"publish","type":"page","link":"https:\/\/www.sprachschule-aktiv-regensburg.de\/pl\/","title":{"rendered":"Home"},"content":{"rendered":"<p>[vc_row full_width=&#8221;stretch_row_content_no_spaces&#8221;][vc_column][vc_single_image image=&#8221;9216&#8243; img_size=&#8221;full&#8221; alignment=&#8221;center&#8221;][\/vc_column][\/vc_row][vc_row css=&#8221;.vc_custom_1489569322649{padding-top: 30px !important;padding-bottom: 20px !important;}&#8221;][vc_column][vc_column_text]<\/p>\n<h1>Naucz si\u0119 j\u0119zyka niemieckiego w Regensburgu<\/h1>\n<h2>Kursy j\u0119zyka niemieckiego dla pocz\u0105tkuj\u0105cych i zaawansowanych<\/h2>\n<p>[\/vc_column_text][vc_row_inner][vc_column_inner width=&#8221;1\/2&#8243;][vc_video link=&#8221;https:\/\/www.youtube.com\/embed\/xOuc5QMA6iM&#8221;][\/vc_column_inner][vc_column_inner width=&#8221;1\/2&#8243;][vc_column_text]Celem naszej szko\u0142y j\u0119zyka niemieckiego w Regensburgu jest zapewnienie uczniom z ca\u0142ego \u015bwiata szerokiej oferty kurs\u00f3w j\u0119zyka niemieckiego dla pocz\u0105tkuj\u0105cych i zaawansowanych. Nie ma lepszego sposobu na nauczenie si\u0119 j\u0119zyka ni\u017c przyjazd do kraju, w kt\u00f3rym u\u017cywa si\u0119 go na co dzie\u0144. Nauka j\u0119zyka niemieckiego w Niemczech to najszybsza i najskuteczniejsza metoda na zdobycie nowych umiej\u0119tno\u015bci i szybkie podszlifowanie j\u0119zyka niemieckiego.[\/vc_column_text][\/vc_column_inner][\/vc_row_inner][\/vc_column][\/vc_row][vc_row full_width=&#8221;stretch_row&#8221; css=&#8221;.vc_custom_1489569295748{padding-top: 40px !important;padding-bottom: 40px !important;background-color: #f9f9f9 !important;}&#8221;][vc_column][vc_column_text]<\/p>\n<h2>Nasze intensywne kursy j\u0119zyka niemieckiego na poziomach A1, A2, B1, B2, C1, C2<\/h2>\n<p>[\/vc_column_text][vc_column_text]Plan zaj\u0119\u0107, ceny i rozpocz\u0119cie kursu.<\/p>\n<p><strong>Intensywny kurs j\u0119zyka niemieckiego<\/strong><\/p>\n<p>Terminy: od poniedzia\u0142ku do pi\u0105tku od godz. 9:00 do 12:00.<br \/>\nRozpocz\u0119cie kursu dla pocz\u0105tkuj\u0105cych: w ka\u017cdy pierwszy poniedzia\u0142ek miesi\u0105ca.<br \/>\nRozpocz\u0119cie kursu na wy\u017cszym poziomie: mo\u017cliwe w ka\u017cdy poniedzia\u0142ek.<\/p>\n<p>Ceny:<\/p>\n<ul>\n<li>1 tydzie\u0144: 199 \u20ac<\/li>\n<li>2 tygodnie: 349 \u20ac<\/li>\n<li>3 tygodnie: 449 \u20ac<\/li>\n<li>4 tygodnie (1 miesi\u0105c): 499 \u20ac<\/li>\n<li>Je\u015bli zarezerwujesz dwa miesi\u0105ce lub d\u0142u\u017cej, p\u0142acisz 449 \u20ac miesi\u0119cznie.<\/li>\n<\/ul>\n<p>[\/vc_column_text][\/vc_column][\/vc_row][vc_row full_width=&#8221;stretch_row&#8221; equal_height=&#8221;yes&#8221; content_placement=&#8221;middle&#8221; tc_enable_overlay=&#8221;true&#8221; css=&#8221;.vc_custom_1489569764739{padding-top: 30px !important;padding-bottom: 30px !important;}&#8221; el_class=&#8221;action-box m-b-none theme-bg-color&#8221;][vc_column width=&#8221;2\/3&#8243; css=&#8221;.vc_custom_1489228440142{padding-right: 20px !important;}&#8221;][vc_column_text]<\/p>\n<h3 class=\"text-white\">Czy potrzebujesz wi\u0119cej informacji? Skontaktuj si\u0119 z nami<\/h3>\n<p class=\"text-white\">Kursy j\u0119zyka niemieckiego dla pocz\u0105tkuj\u0105cych i zaawansowanych.<\/p>\n<p>[\/vc_column_text][\/vc_column][vc_column width=&#8221;1\/3&#8243;][vc_column_text]<a class=\"whyaweb-kontakt\" href=\"#\">Skontaktuj si\u0119 z nami<\/a>[\/vc_column_text][\/vc_column][\/vc_row][vc_row css=&#8221;.vc_custom_1489569850167{padding-top: 40px !important;padding-bottom: 40px !important;}&#8221;][vc_column][vc_column_text]<\/p>\n<h2>Kursy j\u0119zyka niemieckiego w ma\u0142ych grupach do maks. 7 uczni\u00f3w<\/h2>\n<p>Je\u015bli chcesz nauczy\u0107 si\u0119 j\u0119zyka niemieckiego, w naszej szkole jeste\u015b w najlepszych r\u0119kach. Dzi\u0119ki naszemu wieloletniemu do\u015bwiadczeniu i wysoce wykwalifikowanym wsp\u00f3\u0142pracownikom opracowali\u015bmy system, kt\u00f3ry pozwoli Ci na szybkie opanowanie zawi\u0142ej niemieckiej gramatyki, s\u0142ownictwa, czas\u00f3w gramatycznych i wyj\u0105tk\u00f3w. Nasi uczniowie mog\u0105 by\u0107 pewni, \u017ce lekcje prowadzone b\u0119d\u0105 wy\u0142\u0105cznie przez wykwalifikowanych nauczyli oraz \u017ce b\u0119d\u0105 si\u0119 one odbywa\u0107 w ma\u0142ych grupach. To w\u0142a\u015bnie w takim grupach komunikacja przebiega najsprawniej, a uczniowie mog\u0105 uczy\u0107 si\u0119 j\u0119zyka w intensywny, a jednocze\u015bnie przyjemny spos\u00f3b. Sprawdza si\u0119 to w przypadku kurs\u00f3w zar\u00f3wno dla pocz\u0105tkuj\u0105cych, jak ich dla zaawansowanych.<\/p>\n<h2>Nasza szko\u0142a j\u0119zyka niemieckiego w Regensburgu<\/h2>\n<p>Nasza szko\u0142a j\u0119zyka niemieckiego znajduje si\u0119 w samym centrum Regensburga. Dok\u0142adny adres to: St.-Georgen-Platz 10, 93047 Regensburg. Oferujemy szeroki wyb\u00f3r kurs\u00f3w \u2013 od kurs\u00f3w dla os\u00f3b pocz\u0105tkuj\u0105cych na poziomie A1, przez zaj\u0119cia dla \u015brednio zaawansowanych na poziomie B1, a\u017c po lekcje dla uczni\u00f3w zaawansowanych na poziomie C2. Ponadto nasi uczniowie mog\u0105 wybra\u0107 kurs o okre\u015blonej tematyce, np. kurs j\u0119zyka niemieckiego biznesowego lub gospodarczego b\u0105d\u017a zaj\u0119cia przygotowuj\u0105ce do egzaminu.<br \/>\nNiezale\u017cnie od tego, czy zaczynasz od zera, opanowa\u0142e\u015b podstawy czy chcesz doprowadzi\u0107 sw\u00f3j niemiecki do perfekcji \u2013 w szkole Sprachschule Aktiv w Regensburgu z ca\u0142\u0105 pewno\u015bci\u0105 znajdziemy dla Ciebie odpowiedni kurs. Je\u015bli masz w\u0105tpliwo\u015bci co do tego, jaki jest Tw\u00f3j poziom, mo\u017cesz zrobi\u0107 ca\u0142kowicie bezp\u0142atny test poziomuj\u0105cy. Na podstawie jego wynik\u00f3w pomo\u017cemy wybra\u0107 Ci odpowiedni kurs.<\/p>\n<p>W naszej szkole mo\u017cesz zapisa\u0107 si\u0119 tak\u017ce na zaj\u0119cia o okre\u015blonym profilu tematycznym, np. j\u0119zyk niemiecki biznesowy (Business Deutsch), gospodarczy czy medyczny. Ponadto organizujemy kursy przygotowuj\u0105ce do egzamin\u00f3w, takich jak \u201eDeutsches Sprachdiplom\u201d oraz do zdobycia certyfikat\u00f3w TELC, DTZ lub TestDaf\/DSH.<\/p>\n<p>Niezale\u017cnie od tego, jaki cel chcesz osi\u0105gn\u0105\u0107 \u2013 w naszej szkole zawsze znajdziemy dla Ciebie odpowiedni kurs j\u0119zyka niemieckiego![\/vc_column_text][\/vc_column][\/vc_row][vc_row full_width=&#8221;stretch_row&#8221; css=&#8221;.vc_custom_1489569924832{padding-top: 40px !important;padding-bottom: 40px !important;background-color: #f9f9f9 !important;}&#8221;][vc_column][vc_column_text]<\/p>\n<h2>Nauka j\u0119zyka niemieckiego w Regensburgu \u2013 z noclegiem i wsp\u00f3lnym sp\u0119dzaniem wolnego czasu<\/h2>\n<p>Wyjazd j\u0119zykowy umo\u017cliwia uczniom nauk\u0119 j\u0119zyka niemieckiego bezpo\u015brednio w Niemczech. Obejmuje on lekcje j\u0119zyka oraz nocleg. Je\u015bli jeste\u015b zainteresowany wzi\u0119ciem udzia\u0142u w kursie j\u0119zyka niemieckiego w Regensburgu, jeste\u015bmy do Twojej dyspozycji i ch\u0119tnie pomo\u017cemy Ci w znalezieniu odpowiedniego noclegu. Jeste\u015bmy w kontakcie z wieloma rodzinami oferuj\u0105cymi zakwaterowanie osobom przyje\u017cd\u017caj\u0105cym do Niemiec. Zamieszkanie u jednej z takich rodzin to najlepszy spos\u00f3b na bezpo\u015brednie do\u015bwiadczenie j\u0119zyka i niemieckiego stylu \u017cycia. Je\u015bli zale\u017cy Ci jednak na tym, aby mieszka\u0107 samemu, pomo\u017cemy Ci znale\u017a\u0107 zakwaterowanie w schronisku m\u0142odzie\u017cowym lub hotelu. W czasie Twojego wyjazdu j\u0119zykowego b\u0119dziemy zawsze do Twojej dyspozycji.<\/p>\n<p>W ramach wyjazdu do Regensburga organizujemy du\u017co wycieczek i wiele r\u00f3\u017cnych wsp\u00f3lnych aktywno\u015bci. Dzi\u0119ki temu nie musisz martwi\u0107 si\u0119 o kwestie organizacyjne \u2013 mo\u017cesz swobodnie skupi\u0107 si\u0119 na nauce j\u0119zyka niemieckiego i odkrywaniu miasta. Zapraszamy do odwiedzenia naszej szko\u0142y Sprachschule Aktiv w Regensburgu i prze\u017cycia niezapomnianej przygody!<\/p>\n<h2>Gdzie jeste\u015bmy?<\/h2>\n<p>[\/vc_column_text][vc_gmaps link=&#8221;#E-8_JTNDaWZyYW1lJTIwc3R5bGUlM0QlMjJib3JkZXIlM0ElMjAwJTNCJTIyJTIwc3JjJTNEJTIyaHR0cHMlM0ElMkYlMkZ3d3cuZ29vZ2xlLmNvbSUyRm1hcHMlMkZlbWJlZCUzRnBiJTNEJTIxMW0xNCUyMTFtOCUyMTFtMyUyMTFkMTA0NjYuNzY4NzI0NzMwMTElMjEyZDEyLjA5NjQzMjIlMjEzZDQ5LjAxNjQ0MDklMjEzbTIlMjExaTEwMjQlMjEyaTc2OCUyMTRmMTMuMSUyMTNtMyUyMTFtMiUyMTFzMHgwJTI1M0EweDlkMDY4NmI0MzRiYjI2Y2YlMjEyc1NwcmFjaHNjaHVsZSUyQkFrdGl2JTJCUmVnZW5zYnVyZyUyMTVlMCUyMTNtMiUyMTFzZGUlMjEyc2RlJTIxNHYxNDUzODc5MDkzMDIxJTIyJTIwd2lkdGglM0QlMjIxMDAlMjUlMjIlMjBoZWlnaHQlM0QlMjIzMDAlMjIlMjBmcmFtZWJvcmRlciUzRCUyMjAlMjIlMjBhbGxvd2Z1bGxzY3JlZW4lM0QlMjJhbGxvd2Z1bGxzY3JlZW4lMjIlM0UlM0MlMkZpZnJhbWUlM0U=&#8221;][\/vc_column][\/vc_row]<\/p>\n","protected":false},"excerpt":{"rendered":"<p>[vc_row full_width=&#8221;stretch_row_content_no_spaces&#8221;][vc_column][vc_single_image image=&#8221;9216&#8243; img_size=&#8221;full&#8221; alignment=&#8221;center&#8221;][\/vc_column][\/vc_row][vc_row css=&#8221;.vc_custom_1489569322649{padding-top: 30px !important;padding-bottom: 20px !important;}&#8221;][vc_column][vc_column_text] Naucz si\u0119 j\u0119zyka niemieckiego w Regensburgu Kursy j\u0119zyka niemieckiego dla pocz\u0105tkuj\u0105cych i zaawansowanych [\/vc_column_text][vc_row_inner][vc_column_inner width=&#8221;1\/2&#8243;][vc_video link=&#8221;https:\/\/www.youtube.com\/embed\/xOuc5QMA6iM&#8221;][\/vc_column_inner][vc_column_inner width=&#8221;1\/2&#8243;][vc_column_text]Celem naszej szko\u0142y j\u0119zyka niemieckiego w Regensburgu jest zapewnienie uczniom z ca\u0142ego \u015bwiata szerokiej oferty kurs\u00f3w j\u0119zyka niemieckiego dla pocz\u0105tkuj\u0105cych i zaawansowanych. Nie ma lepszego sposobu na nauczenie si\u0119&hellip; <a class=\"read-more\" href=\"https:\/\/www.sprachschule-aktiv-regensburg.de\/pl\/\" title=\"Read Home\">Read more &raquo;<\/a><\/p>\n","protected":false},"author":2,"featured_media":0,"parent":0,"menu_order":0,"comment_status":"closed","ping_status":"closed","template":"templates\/page-vc_compatible.php","meta":{"footnotes":""},"class_list":["post-7212","page","type-page","status-publish","hentry"],"yoast_head":"<!-- This site is optimized with the Yoast SEO plugin v27.1.1 - https:\/\/yoast.com\/product\/yoast-seo-wordpress\/ -->\n<title>Naucz si\u0119 j\u0119zyka niemieckiego w Regensburgu<\/title>\n<meta name=\"description\" content=\"Kursy j\u0119zyka niemieckiego dla pocz\u0105tkuj\u0105cych i zaawansowanych. Nasze intensywne kursy j\u0119zyka niemieckiego na poziomach A1, A2, B1, B2, C1, C2.\" \/>\n<meta name=\"robots\" content=\"index, follow, max-snippet:-1, max-image-preview:large, max-video-preview:-1\" \/>\n<link rel=\"canonical\" href=\"https:\/\/www.sprachschule-aktiv-regensburg.de\/pl\/\" \/>\n<meta property=\"og:locale\" content=\"pl_PL\" \/>\n<meta property=\"og:type\" content=\"article\" \/>\n<meta property=\"og:title\" content=\"Naucz si\u0119 j\u0119zyka niemieckiego w Regensburgu\" \/>\n<meta property=\"og:description\" content=\"Kursy j\u0119zyka niemieckiego dla pocz\u0105tkuj\u0105cych i zaawansowanych. Nasze intensywne kursy j\u0119zyka niemieckiego na poziomach A1, A2, B1, B2, C1, C2.\" \/>\n<meta property=\"og:url\" content=\"https:\/\/www.sprachschule-aktiv-regensburg.de\/pl\/\" \/>\n<meta property=\"og:site_name\" content=\"Sprachschule Aktiv Regensburg\" \/>\n<meta property=\"article:modified_time\" content=\"2026-03-15T08:53:39+00:00\" \/>\n<meta name=\"twitter:card\" content=\"summary_large_image\" \/>\n<meta name=\"twitter:label1\" content=\"Szacowany czas czytania\" \/>\n\t<meta name=\"twitter:data1\" content=\"4 minuty\" \/>\n<script type=\"application\/ld+json\" class=\"yoast-schema-graph\">{\"@context\":\"https:\/\/schema.org\",\"@graph\":[{\"@type\":\"WebPage\",\"@id\":\"https:\/\/www.sprachschule-aktiv-regensburg.de\/pl\/\",\"url\":\"https:\/\/www.sprachschule-aktiv-regensburg.de\/pl\/\",\"name\":\"Naucz si\u0119 j\u0119zyka niemieckiego w Regensburgu\",\"isPartOf\":{\"@id\":\"https:\/\/www.sprachschule-aktiv-regensburg.de\/#website\"},\"datePublished\":\"2013-05-31T08:44:43+00:00\",\"dateModified\":\"2026-03-15T08:53:39+00:00\",\"description\":\"Kursy j\u0119zyka niemieckiego dla pocz\u0105tkuj\u0105cych i zaawansowanych. Nasze intensywne kursy j\u0119zyka niemieckiego na poziomach A1, A2, B1, B2, C1, C2.\",\"breadcrumb\":{\"@id\":\"https:\/\/www.sprachschule-aktiv-regensburg.de\/pl\/#breadcrumb\"},\"inLanguage\":\"pl-PL\",\"potentialAction\":[{\"@type\":\"ReadAction\",\"target\":[\"https:\/\/www.sprachschule-aktiv-regensburg.de\/pl\/\"]}]},{\"@type\":\"BreadcrumbList\",\"@id\":\"https:\/\/www.sprachschule-aktiv-regensburg.de\/pl\/#breadcrumb\",\"itemListElement\":[{\"@type\":\"ListItem\",\"position\":1,\"name\":\"Home\",\"item\":\"https:\/\/www.sprachschule-aktiv-regensburg.de\/pl\/\"},{\"@type\":\"ListItem\",\"position\":2,\"name\":\"Home\"}]},{\"@type\":\"WebSite\",\"@id\":\"https:\/\/www.sprachschule-aktiv-regensburg.de\/#website\",\"url\":\"https:\/\/www.sprachschule-aktiv-regensburg.de\/\",\"name\":\"Sprachschule Aktiv Regensburg\",\"description\":\"\",\"potentialAction\":[{\"@type\":\"SearchAction\",\"target\":{\"@type\":\"EntryPoint\",\"urlTemplate\":\"https:\/\/www.sprachschule-aktiv-regensburg.de\/?s={search_term_string}\"},\"query-input\":{\"@type\":\"PropertyValueSpecification\",\"valueRequired\":true,\"valueName\":\"search_term_string\"}}],\"inLanguage\":\"pl-PL\"}]}<\/script>\n<!-- \/ Yoast SEO plugin. -->","yoast_head_json":{"title":"Naucz si\u0119 j\u0119zyka niemieckiego w Regensburgu","description":"Kursy j\u0119zyka niemieckiego dla pocz\u0105tkuj\u0105cych i zaawansowanych. Nasze intensywne kursy j\u0119zyka niemieckiego na poziomach A1, A2, B1, B2, C1, C2.","robots":{"index":"index","follow":"follow","max-snippet":"max-snippet:-1","max-image-preview":"max-image-preview:large","max-video-preview":"max-video-preview:-1"},"canonical":"https:\/\/www.sprachschule-aktiv-regensburg.de\/pl\/","og_locale":"pl_PL","og_type":"article","og_title":"Naucz si\u0119 j\u0119zyka niemieckiego w Regensburgu","og_description":"Kursy j\u0119zyka niemieckiego dla pocz\u0105tkuj\u0105cych i zaawansowanych. Nasze intensywne kursy j\u0119zyka niemieckiego na poziomach A1, A2, B1, B2, C1, C2.","og_url":"https:\/\/www.sprachschule-aktiv-regensburg.de\/pl\/","og_site_name":"Sprachschule Aktiv Regensburg","article_modified_time":"2026-03-15T08:53:39+00:00","twitter_card":"summary_large_image","twitter_misc":{"Szacowany czas czytania":"4 minuty"},"schema":{"@context":"https:\/\/schema.org","@graph":[{"@type":"WebPage","@id":"https:\/\/www.sprachschule-aktiv-regensburg.de\/pl\/","url":"https:\/\/www.sprachschule-aktiv-regensburg.de\/pl\/","name":"Naucz si\u0119 j\u0119zyka niemieckiego w Regensburgu","isPartOf":{"@id":"https:\/\/www.sprachschule-aktiv-regensburg.de\/#website"},"datePublished":"2013-05-31T08:44:43+00:00","dateModified":"2026-03-15T08:53:39+00:00","description":"Kursy j\u0119zyka niemieckiego dla pocz\u0105tkuj\u0105cych i zaawansowanych. Nasze intensywne kursy j\u0119zyka niemieckiego na poziomach A1, A2, B1, B2, C1, C2.","breadcrumb":{"@id":"https:\/\/www.sprachschule-aktiv-regensburg.de\/pl\/#breadcrumb"},"inLanguage":"pl-PL","potentialAction":[{"@type":"ReadAction","target":["https:\/\/www.sprachschule-aktiv-regensburg.de\/pl\/"]}]},{"@type":"BreadcrumbList","@id":"https:\/\/www.sprachschule-aktiv-regensburg.de\/pl\/#breadcrumb","itemListElement":[{"@type":"ListItem","position":1,"name":"Home","item":"https:\/\/www.sprachschule-aktiv-regensburg.de\/pl\/"},{"@type":"ListItem","position":2,"name":"Home"}]},{"@type":"WebSite","@id":"https:\/\/www.sprachschule-aktiv-regensburg.de\/#website","url":"https:\/\/www.sprachschule-aktiv-regensburg.de\/","name":"Sprachschule Aktiv Regensburg","description":"","potentialAction":[{"@type":"SearchAction","target":{"@type":"EntryPoint","urlTemplate":"https:\/\/www.sprachschule-aktiv-regensburg.de\/?s={search_term_string}"},"query-input":{"@type":"PropertyValueSpecification","valueRequired":true,"valueName":"search_term_string"}}],"inLanguage":"pl-PL"}]}},"_links":{"self":[{"href":"https:\/\/www.sprachschule-aktiv-regensburg.de\/pl\/wp-json\/wp\/v2\/pages\/7212","targetHints":{"allow":["GET"]}}],"collection":[{"href":"https:\/\/www.sprachschule-aktiv-regensburg.de\/pl\/wp-json\/wp\/v2\/pages"}],"about":[{"href":"https:\/\/www.sprachschule-aktiv-regensburg.de\/pl\/wp-json\/wp\/v2\/types\/page"}],"author":[{"embeddable":true,"href":"https:\/\/www.sprachschule-aktiv-regensburg.de\/pl\/wp-json\/wp\/v2\/users\/2"}],"replies":[{"embeddable":true,"href":"https:\/\/www.sprachschule-aktiv-regensburg.de\/pl\/wp-json\/wp\/v2\/comments?post=7212"}],"version-history":[{"count":11,"href":"https:\/\/www.sprachschule-aktiv-regensburg.de\/pl\/wp-json\/wp\/v2\/pages\/7212\/revisions"}],"predecessor-version":[{"id":7214,"href":"https:\/\/www.sprachschule-aktiv-regensburg.de\/pl\/wp-json\/wp\/v2\/pages\/7212\/revisions\/7214"}],"wp:attachment":[{"href":"https:\/\/www.sprachschule-aktiv-regensburg.de\/pl\/wp-json\/wp\/v2\/media?parent=7212"}],"curies":[{"name":"wp","href":"https:\/\/api.w.org\/{rel}","templated":true}]}}