{"id":7698,"date":"2016-06-28T10:33:20","date_gmt":"2016-06-28T10:33:20","guid":{"rendered":"https:\/\/www.sprachschule-aktiv-regensburg.de\/corsi-di-tedesco\/ueber-regensburg\/"},"modified":"2026-03-15T08:24:13","modified_gmt":"2026-03-15T08:24:13","slug":"tutto-su-ratisbona","status":"publish","type":"page","link":"https:\/\/www.sprachschule-aktiv-regensburg.de\/it\/corsi-di-tedesco\/tutto-su-ratisbona\/","title":{"rendered":"Tutto su Ratisbona &#8211; Informazioni importanti e luoghi d&#8217;interesse per il periodo in cui frequenterai il corso di tedesco"},"content":{"rendered":"<p>[vc_row css=&#8221;.vc_custom_1490176805695{padding-top: 40px !important;}&#8221;][vc_column][vc_column_text]<\/p>\n<h1>Tutto su Ratisbona &#8211; Informazioni importanti e luoghi d&#8217;interesse per il periodo in cui frequenterai il corso di tedesco<\/h1>\n<p>[\/vc_column_text][\/vc_column][\/vc_row][vc_row css=&#8221;.vc_custom_1490177029905{padding-bottom: 40px !important;}&#8221;][vc_column][vc_column_text]<\/p>\n<h2>Tutto quello che c&#8217;\u00e8 da sapere su Ratisbona<\/h2>\n<p>Informazioni e luoghi d&#8217;interesse. Locali &#8211; Mangiare e bere &#8211; Attrazioni &#8211; Eventi &#8211; Mezzi pubblici[\/vc_column_text][vc_column_text]<a class=\"whyaweb-kontakt\" href=\"#\">Contattaci!<\/a>[\/vc_column_text][\/vc_column][\/vc_row][vc_row css=&#8221;.vc_custom_1490177029905{padding-bottom: 40px !important;}&#8221;][vc_column][vc_column_text]<\/p>\n<h2>Rete di trasporti a Ratisbona<\/h2>\n<p>A Ratisbona l\u2019esperienza insegna che il mezzo pi\u00f9 veloce per spostarsi da un posto all\u2019altro \u00e8 la bicicletta. Andare in bici \u00e8 consentito anche nella zona pedonale. Grazie a distanze relativamente ridotte all&#8217;interno e nei dintorni del centro storico, \u00e8 possibile percorrere facilmente brevi tratte anche a piedi. Naturalmente Regensburg dispone anche di un servizio di autobus ben sviluppato, il RVV. Le linee C collegano, ad esempio, il centro citt\u00e0 con l&#8217;universit\u00e0 o la FH, mentre l&#8217;Altstadtbus effettua tutte le fermate possibili nel centro storico. Nei fine settimana si pu\u00f2 anche tornare a casa in autobus fino all\u20191 di notte grazie agli autobus notturni. In auto, al contrario, \u00e8 molto difficile trovare un parcheggio nel centro storico; gli autosilos sono di solito l&#8217;unica alternativa. Nelle ore di punta si \u00e8 spesso bloccati in ingorghi stradali. Pertanto consigliamo di prendere una bicicletta o un autobus invece di perdere tempo inutilmente in auto. La nostra scuola di lingue \u00e8 situata in posizione molto centrale nella St.-Georgen-Platz.<\/p>\n<p>Il modo migliore per raggiungerci in autobus \u00e8 dalla fermata &#8220;Thundorferstra\u00dfe&#8221; (2 min) o &#8220;Dachauplatz&#8221; (4 min).<\/p>\n<h2>Eventi e feste tipiche a Ratisbona<\/h2>\n<p>Oltre ai numerosi piccoli mercatini di Natale nel centro storico di Ratisbona e nei pressi dello Schloss Thurn und Taxis in inverno, Ratisbona pu\u00f2 vantare un ricco calendario di eventi soprattutto in estate. Gli abitanti di Ratisbona sono soliti affermare che se si trascorre l&#8217;estate in citt\u00e0 non c&#8217;\u00e8 bisogno di andare in vacanza.<\/p>\n<p>Ecco i nostri consigli e suggerimenti per eventi a Ratisbona:<\/p>\n<h2>Feste tipiche a Ratisbona<\/h2>\n<p>Zwei Mal im Jahr zieht es jeden Regensburger und jeden Besucher der Stadt zur traditionellen Dult auf den Due volte all&#8217;anno, ogni cittadino di Ratisbona e ogni visitatore della citt\u00e0 viene attratto dalla tradizionale Dult nella Dultplatz sull&#8217;altra sponda del Danubio (basta attraversare il ponticello di ferro e in pochi metri si raggiunge l\u2019area dove si svolge la festa). Nei mesi di maggio e settembre i visitatori hanno la possibilit\u00e0 di visitare la tradizionale festa popolare. Che si tratti di stand, giostre o tendoni della birra, qui \u00e8 possibile trovare qualcosa per tutti i gusti. Anche chi frequenta la nostra scuola di lingue si reca volentieri alla Dult, una buona opportunit\u00e0 per conoscere altri studenti e insegnanti davanti ad un buon boccale di birra.<\/p>\n<p>Qui \u00e8 possibile vedere i cortili interni del castello e passeggiare tra le numerose bancarelle e le possibilit\u00e0 di ristoro. Ti consigliamo in ogni caso di visitare questa famosa location.<\/p>\n<h2>L\u2019estate a Ratisbona<\/h2>\n<p>A Ratisbona, in estate, una festa segue l&#8217;altra. Per prima cosa, consigliamo la leggendaria Altstadtfest (letteralmente \u201cFesta della citt\u00e0 vecchia\u201d), che ogni due anni attira molti visitatori nei bei vicoli e nelle piazze del centro storico. Inoltre, secondo noi, non bisogna lasciarsi scappare nemmeno molte altre feste popolari, come il Jazzweekend, in occasione del quale numerosi gruppi e band trasformano le stradine del centro storico in uno spettacolo sonoro, o varie attrazioni culinarie, come il Craft-Beer Festival o la Weinfest (\u201cFesta del vino\u201d) alla fine dell&#8217;estate. In questa citt\u00e0 nessuno si annoia. Il modo migliore per conoscere esattamente quando gli eventi si svolgono \u00e8 quello di consultare le relative riviste della citt\u00e0, come Hugo, Filter, ecc., che sono disponibili gratuitamente nei negozi e nei ristoranti.<\/p>\n<h2>Biergarten (birrerie all\u2019aperto) a Ratisbona<\/h2>\n<p>La Sprachschule Aktiv in estate ama riunirsi in uno dei bellissimi Biergarten di Ratisbona per un piacevole incontro. Consigliamo soprattutto le due birrerie all\u2019aperto sull&#8217;altra sponda del Danubio, l&#8217;Alte Linde e lo Spital Biergarten. Da qui si gode di una splendida vista sullo &#8220;Skyline&#8221; di Ratisbona e sulla bella Jahninsel. Ogni anno in questo luogo si riuniscono molti abitanti di Ratisbona per fare una grigliata insieme e godersi il sole.<\/p>\n<p>Ti suggeriamo anche il Weltenburger Biergarten, che si trova un po\u2019 nascosto vicinissimo alla cattedrale. Nel bellissimo cortile \u00e8 possibile godersi il bel tempo con cibo abbondante e una birra deliziosa.<br \/>\nRaccomandiamo anche il Biergarten Kneitiger sul Galgenberg: nonostante si trovi un po\u2019 lontano dal centro della citt\u00e0, in estate non si trova quasi nessuno spazio libero.<\/p>\n<p>Assolutamente da vedere!<\/p>\n<h2>Natale a Ratisbona<\/h2>\n<p>La bella citt\u00e0 sul Danubio \u00e8 un\u2019attrazione anche nel periodo natalizio. In quasi tutte le piazze del centro storico, infatti, \u00e8 possibile trovare un mercatino di Natale. I numerosi piccoli stand vi invitano a degustare un bicchiere di punch o vin br\u00fbl\u00e9 in un&#8217;atmosfera invernale. Naturalmente, durante l\u2019inverno, anche gli studenti e gli insegnanti della scuola di lingue si incontrano per una bere qualcosa di caldo e per conversare piacevolmente in uno dei tanti mercatini di Natale. Anche nel Biergarten dello Spitalkeller, che in estate \u00e8 uno dei Biergarten pi\u00f9 \u201cin\u201d della citt\u00e0, in inverno potrete trovare delle bancarelle di Natale e godervi la magnifica vista di Ratisbona innevata dall&#8217;altra parte del Danubio sorseggiando una Gl\u00fchbier calda. Naturalmente vale la pena visitare anche il romantico mercatino di Natale allo Schloss Thurn und Taxis, nonostante il costo del biglietto d&#8217;ingresso.[\/vc_column_text][\/vc_column][\/vc_row][vc_row full_width=&#8221;stretch_row&#8221; css=&#8221;.vc_custom_1490177000678{padding-top: 40px !important;padding-bottom: 40px !important;background-color: #f9f9f9 !important;}&#8221;][vc_column][vc_column_text]<\/p>\n<h2>Feste &#8211; Bar &#8211; Locali<\/h2>\n<p>Ratisbona \u00e8 una citt\u00e0 studentesca molto popolare, che convince grazie al suo bel centro storico e, naturalmente, anche grazie all\u2019elevato numero di bar. Qui troverete i nostri consigli e suggerimenti per locali particolari e birrerie nella citt\u00e0:<\/p>\n<h2>Bar e pub per aperitivi<\/h2>\n<p><b>Flannigans<\/b><\/p>\n<p>Molti abitanti di Ratisbona amano incontrarsi nel famoso Flannigans nella Keplerstra\u00dfe. Qui si possono ordinare &#8211; soprattutto durante la settimana &#8211; molti cocktail diversi e deliziosi ad un prezzo molto basso, motivo per cui ci si incontra volentieri per un aperitivo in questo cocktail bar. La nostra scuola di lingua consiglia questo bar soprattutto in estate &#8211; Cocktail to Go e via lungo il Danubio!<\/p>\n<p><b>U-Bar<\/b><\/p>\n<p>L&#8217;U-Bar si trova un po&#8217; nascosto nel centro della citt\u00e0, per cos\u00ec dire sotto terra, in una cantina a volta. Da non perdere: \u00e8 un incrocio tra un bar, un pub e un locale dove si pu\u00f2 ballare. I famosi \u201cTripledecker\u201d &#8211; 3 cocktail o long drink ad un ottimo prezzo &#8211; fino ad ora hanno convinto tutti. Qui, inoltre, un DJ suona una buona musica che invita a ballare e festeggiare.<\/p>\n<p><b>Bar 13<\/b><\/p>\n<p>Il Bar 13 sulla piazza Fischmarkt \u00e8 anche un pub popolare per bere un aperitivo. A nostro parere vale sicuramente la pena recarsi in questo locale per gustare le bevande speciali del giorno e partecipare al popolare luned\u00ec del karaoke.<\/p>\n<p><b>Picasso<\/b><\/p>\n<p>Questo bar, che \u00e8 gestito da un uomo giovane, ci piace particolarmente, perch\u00e9 al suo interno si \u00e8 sorpresi da una grande volta che si pu\u00f2 raggiunge attraverso una vecchia scala a chiocciola. Agli studenti piace molto venire in questo luogo per mangiare qualcosa. Sia le bevande che il cibo hanno un prezzo adatto alla ridotta disponibilit\u00e0 economica di uno studente. \u00c8 quindi anche una buona birreria per bere comodamente una birra con gli amici!<\/p>\n<p><u>Pub con Calcio Balilla<\/u><\/p>\n<p><b>Alte Filmb\u00fchne<\/b><\/p>\n<p>A nostro parere, l&#8217;Alte Filmb\u00fchne merita una visita, in quanto offre la possibilit\u00e0 di competere con i propri amici in partite di calcio balilla in una sala appositamente attrezzata. Ci piace anche l\u2019arredamento interno particolare ed insolito del locale, che \u00e8 decorato con lanterne rosse e una carta da parati elaborata. Anche chi frequenta la nostra scuola di lingue si incontra volentieri qui per un paio di partite a calcio balilla.<\/p>\n<p><b>OrangeBar<\/b><\/p>\n<p>Questo bar in stile anni &#8217;80 non \u00e8 solo dotato di un calcetto balilla. Qui si possono infatti gustare fantastici drink ascoltando musica rock. Questo bar ci piace!<\/p>\n<p><u>Locali trendy e cool<\/u><\/p>\n<p><b>Mood<\/b><\/p>\n<p>Ci piace particolarmente il Mood, sulla piazza Fischmarkt, proprio accanto alla vecchia cinta muraria. Il locale non \u00e8 grande (meglio arrivare presto!), ma l&#8217;arredamento di stile, il servizio gentile, i deliziosi cocktail e la buona musica (spesso anche con DJ dal vivo) ci convincono. Ti consigliamo di gustare il tuo cocktail anche in estate nei posti a sedere del Mood sulla piazza, davanti al bar.<\/p>\n<p><b>Jag deine Eltern nicht vom Hof<\/b><\/p>\n<p>Questo bar relativamente nuovo con un nome molto lungo si trova di fronte al Mood nella piazza Fischmarkt. Consigliamo vivamente di recarsi in questo locale, perch\u00e9 quasi ogni sera c\u2019\u00e8 un Live-Act. Tra un drink e l\u2019altro, seduti in maniera rilassata su una vecchia poltrona, si pu\u00f2 ascoltare la musica delle band e ammirare l\u2019arredamento interno moderno e provocatorio.<\/p>\n<p><u>Locali all&#8217;aperto<\/u><\/p>\n<p><b>0941 Beach<\/b><\/p>\n<p>A nostro parere non si dovrebbe lasciarsi sfuggire questo locale (chiamato anche stabilimento balneare)! Da qui, in estate, si pu\u00f2 godere la vista del Danubio da una delle tante sedie a sdraio o poltrone da spiaggia con i piedi nella sabbia. Situato direttamente sul Donaul\u00e4nde, permette di sperimentare una vera sensazione di vacanza nel cuore di Ratisbona. Tra le palme e gli ombrelloni ti suggeriamo di concederti una bevanda fresca o di gustare una pizza deliziosa.<\/p>\n<p><u>Locali per i maggiori di 21 anni<\/u><\/p>\n<p><b>Upper<\/b><\/p>\n<p>Nell\u2019Upper, un locale cool e recentemente rinnovato nei pressi della cattedrale, c\u2019\u00e8 qualcosa per ogni et\u00e0! Durante la settimana l&#8217;ingresso \u00e8 riservato ai maggiori di 21 anni; nei fine settimana in questo bar si incontrano ragazzi (ancora) pi\u00f9 giovani per bere cocktail e ascoltare fantastica musica. Pi\u00f9 volte al mese qui si svolge anche la leggendaria festa per i maggiori di 30 anni!<\/p>\n<p><u>Discoteche e Club<\/u><\/p>\n<p><b>Scala<\/b><\/p>\n<p>La Scala, un misto tra bar, discoteca e club, a nostro avviso dovrebbe assolutamente essere visitata. Il mercoled\u00ec c&#8217;\u00e8 la salsa-party dalle 19.00 alle 23.00, dopo di che si continua con musica elettronica e House. Si svolgono regolarmente anche feste in stile anni &#8217;80, &#8217;90 e 2000 con musica del rispettivo decennio. Particolarmente bello \u00e8 il party HipHop!<\/p>\n<p><b>SUD <\/b><\/p>\n<p>La Sud Haus, presso la cattedrale, appartiene a una delle pi\u00f9 antiche discoteche della citt\u00e0. Qui potrete festeggiare su due piani diversi e gustare drink fantastici. Al piano superiore ci sono spesso DJ in auge, al piano inferiore si pu\u00f2 ballare al ritmo di musica elettronica. Possiamo solo raccomandare questa discoteca!<\/p>\n<p><b>Parcheggio a Petersweg<\/b><\/p>\n<p>Nel parcheggio multipiano di Petersweg appena costruito si nascondono 4 nuove discoteche.<\/p>\n<p><b>Suite15<\/b><\/p>\n<p>La famosa Suite15, che per molti anni ha accolto i suoi ospiti in un&#8217;altra sede, brilla di nuovo splendore. Musica cool, arredamento moderno e drink deliziosi. Una particolare attrazione sono le luci a LED nel cielo sopra la pista da ballo.<\/p>\n<p><b>Gatsby<\/b><\/p>\n<p>Il Gatsby \u00e8 all&#8217;altezza del suo nome. Questo locale ci piace in modo particolare per il suo stile totalmente unico. Qui, tra un drink e l\u2019altro, si pu\u00f2 ballare sotto lampadari scintillanti. Anche le popolari feste a tema nel Gatsby, ispirate al film e al libro omonimi, ci hanno convinto.<\/p>\n<p><b>Schimmerlos<\/b><\/p>\n<p>Anche lo Schimmerlos, in qualit\u00e0 di &#8220;tempio techno&#8221;, fa entusiasmare tutti gli appassionati di musica elettronica. Nella vecchia volta si pu\u00f2 festeggiare a ritmo di bassi potenti e musica cool di DJ techno conosciuti e in voga. Il pezzo forte sono in particolare i fantastici effetti come i lightstick sospesi sopra le teste delle persone e la nebbia che appare all\u2019improvviso, che trasformano la perfetta notte di festa in un\u2019esperienza unica.<\/p>\n<p><b>Beats<\/b><\/p>\n<p>Questo locale \u00e8 un successo assoluto. Si entra e si finisce nelle catacombe sotto il garage. Su una superficie di 450 m\u00b2 \u00e8 possibile ballare sotto le super moderne luci LED 3D o gustare un delizioso drink nell&#8217;area relax. C\u2019\u00e8 anche un&#8217;area VIP, che \u00e8 disponibile per feste private. Non lasciarti sfuggire questo spettacolo di luci impressionante in un ambiente cool!<\/p>\n<h2>Attrazioni turistiche a Ratisbona e dintorni<\/h2>\n<p>Il tour operator Regensburg Aktiv:<\/p>\n<p><a href=\"http:\/\/www.regensburg-aktiv.de\/\" target=\"_blank\" rel=\"noopener\">www.regensburg-aktiv.de<\/a><\/p>\n<p>offre, oltre a diverse visite guidate della citt\u00e0, escursioni e gite di avventura, ecc.<br \/>\nSono particolarmente consigliati un tour in canoa sul Naab o il &#8220;tour culinario italiano&#8221; attraverso il centro storico di Ratisbona.<\/p>\n<p>Basta dare un&#8217;occhiata alla pagina web!<\/p>\n<p>Salvo errori e modifiche.<\/p>\n<p>Ratisbona, 2016[\/vc_column_text][\/vc_column][\/vc_row]<\/p>\n","protected":false},"excerpt":{"rendered":"<p>[vc_row css=&#8221;.vc_custom_1490176805695{padding-top: 40px !important;}&#8221;][vc_column][vc_column_text] Tutto su Ratisbona &#8211; Informazioni importanti e luoghi d&#8217;interesse per il periodo in cui frequenterai il corso di tedesco [\/vc_column_text][\/vc_column][\/vc_row][vc_row css=&#8221;.vc_custom_1490177029905{padding-bottom: 40px !important;}&#8221;][vc_column][vc_column_text] Tutto quello che c&#8217;\u00e8 da sapere su Ratisbona Informazioni e luoghi d&#8217;interesse. Locali &#8211; Mangiare e bere &#8211; Attrazioni &#8211; Eventi &#8211; Mezzi pubblici[\/vc_column_text][vc_column_text]Contattaci![\/vc_column_text][\/vc_column][\/vc_row][vc_row css=&#8221;.vc_custom_1490177029905{padding-bottom: 40px !important;}&#8221;][vc_column][vc_column_text] Rete&hellip; <a class=\"read-more\" href=\"https:\/\/www.sprachschule-aktiv-regensburg.de\/it\/corsi-di-tedesco\/tutto-su-ratisbona\/\" title=\"Read Tutto su Ratisbona &#8211; Informazioni importanti e luoghi d&#8217;interesse per il periodo in cui frequenterai il corso di tedesco\">Read more &raquo;<\/a><\/p>\n","protected":false},"author":2,"featured_media":0,"parent":7598,"menu_order":0,"comment_status":"closed","ping_status":"closed","template":"","meta":{"footnotes":""},"class_list":["post-7698","page","type-page","status-publish","hentry"],"yoast_head":"<!-- This site is optimized with the Yoast SEO plugin v27.1.1 - https:\/\/yoast.com\/product\/yoast-seo-wordpress\/ -->\n<title>Tutto su Ratisbona - Informazioni importanti e luoghi d&#039;interesse<\/title>\n<meta name=\"description\" content=\"A Ratisbona l\u2019esperienza insegna che il mezzo pi\u00f9 veloce per spostarsi da un posto all\u2019altro \u00e8 la bicicletta. Andare in bici \u00e8 consentito anche nella zona pedonale\" \/>\n<meta name=\"robots\" content=\"index, follow, max-snippet:-1, max-image-preview:large, max-video-preview:-1\" \/>\n<link rel=\"canonical\" href=\"https:\/\/www.sprachschule-aktiv-regensburg.de\/it\/corsi-di-tedesco\/tutto-su-ratisbona\/\" \/>\n<meta property=\"og:locale\" content=\"it_IT\" \/>\n<meta property=\"og:type\" content=\"article\" \/>\n<meta property=\"og:title\" content=\"Tutto su Ratisbona - Informazioni importanti e luoghi d&#039;interesse\" \/>\n<meta property=\"og:description\" content=\"A Ratisbona l\u2019esperienza insegna che il mezzo pi\u00f9 veloce per spostarsi da un posto all\u2019altro \u00e8 la bicicletta. Andare in bici \u00e8 consentito anche nella zona pedonale\" \/>\n<meta property=\"og:url\" content=\"https:\/\/www.sprachschule-aktiv-regensburg.de\/it\/corsi-di-tedesco\/tutto-su-ratisbona\/\" \/>\n<meta property=\"og:site_name\" content=\"Sprachschule Aktiv Regensburg\" \/>\n<meta property=\"article:modified_time\" content=\"2026-03-15T08:24:13+00:00\" \/>\n<meta name=\"twitter:card\" content=\"summary_large_image\" \/>\n<meta name=\"twitter:label1\" content=\"Tempo di lettura stimato\" \/>\n\t<meta name=\"twitter:data1\" content=\"12 minuti\" \/>\n<script type=\"application\/ld+json\" class=\"yoast-schema-graph\">{\"@context\":\"https:\/\/schema.org\",\"@graph\":[{\"@type\":\"WebPage\",\"@id\":\"https:\/\/www.sprachschule-aktiv-regensburg.de\/it\/corsi-di-tedesco\/tutto-su-ratisbona\/\",\"url\":\"https:\/\/www.sprachschule-aktiv-regensburg.de\/it\/corsi-di-tedesco\/tutto-su-ratisbona\/\",\"name\":\"Tutto su Ratisbona - Informazioni importanti e luoghi d'interesse\",\"isPartOf\":{\"@id\":\"https:\/\/www.sprachschule-aktiv-regensburg.de\/#website\"},\"datePublished\":\"2016-06-28T10:33:20+00:00\",\"dateModified\":\"2026-03-15T08:24:13+00:00\",\"description\":\"A Ratisbona l\u2019esperienza insegna che il mezzo pi\u00f9 veloce per spostarsi da un posto all\u2019altro \u00e8 la bicicletta. Andare in bici \u00e8 consentito anche nella zona pedonale\",\"breadcrumb\":{\"@id\":\"https:\/\/www.sprachschule-aktiv-regensburg.de\/it\/corsi-di-tedesco\/tutto-su-ratisbona\/#breadcrumb\"},\"inLanguage\":\"it-IT\",\"potentialAction\":[{\"@type\":\"ReadAction\",\"target\":[\"https:\/\/www.sprachschule-aktiv-regensburg.de\/it\/corsi-di-tedesco\/tutto-su-ratisbona\/\"]}]},{\"@type\":\"BreadcrumbList\",\"@id\":\"https:\/\/www.sprachschule-aktiv-regensburg.de\/it\/corsi-di-tedesco\/tutto-su-ratisbona\/#breadcrumb\",\"itemListElement\":[{\"@type\":\"ListItem\",\"position\":1,\"name\":\"Home\",\"item\":\"https:\/\/www.sprachschule-aktiv-regensburg.de\/it\/\"},{\"@type\":\"ListItem\",\"position\":2,\"name\":\"Studiare il tedesco a Ratisbona \u2013 Corsi di tedesco \u2013 Scuola di lingue\",\"item\":\"https:\/\/www.sprachschule-aktiv-regensburg.de\/it\/corsi-di-tedesco\/\"},{\"@type\":\"ListItem\",\"position\":3,\"name\":\"Tutto su Ratisbona &#8211; Informazioni importanti e luoghi d&#8217;interesse per il periodo in cui frequenterai il corso di tedesco\"}]},{\"@type\":\"WebSite\",\"@id\":\"https:\/\/www.sprachschule-aktiv-regensburg.de\/#website\",\"url\":\"https:\/\/www.sprachschule-aktiv-regensburg.de\/\",\"name\":\"Sprachschule Aktiv Regensburg\",\"description\":\"\",\"potentialAction\":[{\"@type\":\"SearchAction\",\"target\":{\"@type\":\"EntryPoint\",\"urlTemplate\":\"https:\/\/www.sprachschule-aktiv-regensburg.de\/?s={search_term_string}\"},\"query-input\":{\"@type\":\"PropertyValueSpecification\",\"valueRequired\":true,\"valueName\":\"search_term_string\"}}],\"inLanguage\":\"it-IT\"}]}<\/script>\n<!-- \/ Yoast SEO plugin. -->","yoast_head_json":{"title":"Tutto su Ratisbona - Informazioni importanti e luoghi d'interesse","description":"A Ratisbona l\u2019esperienza insegna che il mezzo pi\u00f9 veloce per spostarsi da un posto all\u2019altro \u00e8 la bicicletta. Andare in bici \u00e8 consentito anche nella zona pedonale","robots":{"index":"index","follow":"follow","max-snippet":"max-snippet:-1","max-image-preview":"max-image-preview:large","max-video-preview":"max-video-preview:-1"},"canonical":"https:\/\/www.sprachschule-aktiv-regensburg.de\/it\/corsi-di-tedesco\/tutto-su-ratisbona\/","og_locale":"it_IT","og_type":"article","og_title":"Tutto su Ratisbona - Informazioni importanti e luoghi d'interesse","og_description":"A Ratisbona l\u2019esperienza insegna che il mezzo pi\u00f9 veloce per spostarsi da un posto all\u2019altro \u00e8 la bicicletta. Andare in bici \u00e8 consentito anche nella zona pedonale","og_url":"https:\/\/www.sprachschule-aktiv-regensburg.de\/it\/corsi-di-tedesco\/tutto-su-ratisbona\/","og_site_name":"Sprachschule Aktiv Regensburg","article_modified_time":"2026-03-15T08:24:13+00:00","twitter_card":"summary_large_image","twitter_misc":{"Tempo di lettura stimato":"12 minuti"},"schema":{"@context":"https:\/\/schema.org","@graph":[{"@type":"WebPage","@id":"https:\/\/www.sprachschule-aktiv-regensburg.de\/it\/corsi-di-tedesco\/tutto-su-ratisbona\/","url":"https:\/\/www.sprachschule-aktiv-regensburg.de\/it\/corsi-di-tedesco\/tutto-su-ratisbona\/","name":"Tutto su Ratisbona - Informazioni importanti e luoghi d'interesse","isPartOf":{"@id":"https:\/\/www.sprachschule-aktiv-regensburg.de\/#website"},"datePublished":"2016-06-28T10:33:20+00:00","dateModified":"2026-03-15T08:24:13+00:00","description":"A Ratisbona l\u2019esperienza insegna che il mezzo pi\u00f9 veloce per spostarsi da un posto all\u2019altro \u00e8 la bicicletta. Andare in bici \u00e8 consentito anche nella zona pedonale","breadcrumb":{"@id":"https:\/\/www.sprachschule-aktiv-regensburg.de\/it\/corsi-di-tedesco\/tutto-su-ratisbona\/#breadcrumb"},"inLanguage":"it-IT","potentialAction":[{"@type":"ReadAction","target":["https:\/\/www.sprachschule-aktiv-regensburg.de\/it\/corsi-di-tedesco\/tutto-su-ratisbona\/"]}]},{"@type":"BreadcrumbList","@id":"https:\/\/www.sprachschule-aktiv-regensburg.de\/it\/corsi-di-tedesco\/tutto-su-ratisbona\/#breadcrumb","itemListElement":[{"@type":"ListItem","position":1,"name":"Home","item":"https:\/\/www.sprachschule-aktiv-regensburg.de\/it\/"},{"@type":"ListItem","position":2,"name":"Studiare il tedesco a Ratisbona \u2013 Corsi di tedesco \u2013 Scuola di lingue","item":"https:\/\/www.sprachschule-aktiv-regensburg.de\/it\/corsi-di-tedesco\/"},{"@type":"ListItem","position":3,"name":"Tutto su Ratisbona &#8211; Informazioni importanti e luoghi d&#8217;interesse per il periodo in cui frequenterai il corso di tedesco"}]},{"@type":"WebSite","@id":"https:\/\/www.sprachschule-aktiv-regensburg.de\/#website","url":"https:\/\/www.sprachschule-aktiv-regensburg.de\/","name":"Sprachschule Aktiv Regensburg","description":"","potentialAction":[{"@type":"SearchAction","target":{"@type":"EntryPoint","urlTemplate":"https:\/\/www.sprachschule-aktiv-regensburg.de\/?s={search_term_string}"},"query-input":{"@type":"PropertyValueSpecification","valueRequired":true,"valueName":"search_term_string"}}],"inLanguage":"it-IT"}]}},"_links":{"self":[{"href":"https:\/\/www.sprachschule-aktiv-regensburg.de\/it\/wp-json\/wp\/v2\/pages\/7698","targetHints":{"allow":["GET"]}}],"collection":[{"href":"https:\/\/www.sprachschule-aktiv-regensburg.de\/it\/wp-json\/wp\/v2\/pages"}],"about":[{"href":"https:\/\/www.sprachschule-aktiv-regensburg.de\/it\/wp-json\/wp\/v2\/types\/page"}],"author":[{"embeddable":true,"href":"https:\/\/www.sprachschule-aktiv-regensburg.de\/it\/wp-json\/wp\/v2\/users\/2"}],"replies":[{"embeddable":true,"href":"https:\/\/www.sprachschule-aktiv-regensburg.de\/it\/wp-json\/wp\/v2\/comments?post=7698"}],"version-history":[{"count":5,"href":"https:\/\/www.sprachschule-aktiv-regensburg.de\/it\/wp-json\/wp\/v2\/pages\/7698\/revisions"}],"predecessor-version":[{"id":11603,"href":"https:\/\/www.sprachschule-aktiv-regensburg.de\/it\/wp-json\/wp\/v2\/pages\/7698\/revisions\/11603"}],"up":[{"embeddable":true,"href":"https:\/\/www.sprachschule-aktiv-regensburg.de\/it\/wp-json\/wp\/v2\/pages\/7598"}],"wp:attachment":[{"href":"https:\/\/www.sprachschule-aktiv-regensburg.de\/it\/wp-json\/wp\/v2\/media?parent=7698"}],"curies":[{"name":"wp","href":"https:\/\/api.w.org\/{rel}","templated":true}]}}