{"id":7689,"date":"2017-04-18T06:25:51","date_gmt":"2017-04-18T06:25:51","guid":{"rendered":"https:\/\/www.sprachschule-aktiv-regensburg.de\/krankenversicherung-studenten-deutschkurs\/"},"modified":"2022-08-25T04:49:25","modified_gmt":"2022-08-25T04:49:25","slug":"assicurazione-sanitaria-per-studenti-corsi-tedesco","status":"publish","type":"page","link":"https:\/\/www.sprachschule-aktiv-regensburg.de\/it\/assicurazione-sanitaria-per-studenti-corsi-tedesco\/","title":{"rendered":"Assicurazione sanitaria per studenti stranieri per i nostri corsi di tedesco a Ratisbona"},"content":{"rendered":"<p>[vc_row][vc_column][vc_column_text]<\/p>\n<h1>Assicurazione sanitaria per studenti stranieri per i nostri corsi di tedesco a Ratisbona<\/h1>\n<p>Avere un\u2019assicurazione sanitaria \u00e8 molto importante per studenti stranieri di lingua in Germania. Se non sei coperto da un\u2019assicurazione obbligatoria, dovresti occuparti tempestivamente di stipulare un\u2019assicurazione sanitaria prima di fare richiesta per il visto. Senza un\u2019assicurazione sanitaria valida, infatti, non pu\u00f2 essere rilasciato alcun visto. \u00c8 possibile fare domanda online per l\u2019assicurazione, ci vogliono solamente un paio di minuti. Prima bisognerebbe per\u00f2 informarsi sulle varie condizioni assicurative: le assicurazioni non sono tutte uguali. Scegliendo l\u2019assicurazione pi\u00f9 adatta puoi risparmiare molto pur ottenendo un servizio di alta qualit\u00e0. Per facilitarti nella ricerca di un\u2019assicurazione, noi collaboriamo direttamente con un affidabile fornitore di servizi assicurativi.<\/p>\n<p><a href=\"https:\/\/www.sprachschule-aktiv-regensburg.de\/it\/corsi-di-tedesco\/corsi-intensivo-tedesco\/\">TROVI QUI LE DATE DI INIZIO DEI NOSTRI CORSI DI TEDSCO!<\/a><\/p>\n<img decoding=\"async\" class=\"alignnone wp-image-6353 size-full\" title=\"Krankenversicherung f\u00fcr Studenten-Deutschkurse in Regensburg\" src=\"https:\/\/www.sprachschule-aktiv-regensburg.de\/wp-content\/uploads\/2016\/01\/georgischkurse-in-regensburg.jpg\" alt=\"Krankenversicherung f\u00fcr Studenten-Deutschkurse in Regensburg\" width=\"700\" height=\"467\" srcset=\"https:\/\/www.sprachschule-aktiv-regensburg.de\/wp-content\/uploads\/2016\/01\/georgischkurse-in-regensburg.jpg 700w, https:\/\/www.sprachschule-aktiv-regensburg.de\/wp-content\/uploads\/2016\/01\/georgischkurse-in-regensburg-300x200.jpg 300w\" sizes=\"(max-width: 700px) 100vw, 700px\" \/>\n<h2>Quali sono i requisiti per poter stipulare un\u2019assicurazione sanitaria<\/h2>\n<p>Per stipulare assicurazioni sanitarie, noi collaboriamo con l\u2019agenzia assicurativa Care Concept. La polizza assicurativa \u00e8 stata creata su misura secondo i bisogni degli studenti di lingua. Pu\u00f2 essere stipulata tranquillamente fino ai 35 anni d\u2019et\u00e0, da studenti provenienti da tutto il mondo che vogliono frequentare una scuola di lingue in Germania o in Austria.<\/p>\n<h2>Prestazioni dell\u2019assicurazione sanitaria<\/h2>\n<p>Se possiedi un\u2019assicurazione sanitaria, ricevi cure ambulatoriali, ospedaliere o dentistiche. Le singole offerte si differenziano per quanto riguarda il livello dei servizi.<\/p>\n<h2>Quanto costa l\u2019assicurazione sanitaria?<\/h2>\n<p>L\u2019assicurazione sanitaria offre diverse tariffe possibili. Naturalmente ricevi le cure mediche necessarie con tutte le tariffe, la differenza sta nel dettaglio. L\u2019assicurazione pi\u00f9 economica (Care College Basics) \u00e8 disponibile gi\u00e0 a partire da 28 euro al mese. Sono inoltre disponibili le assicurazioni Care College Comfort (da 35 euro al mese) e Care College Premium (da 63 euro al mese). Con la tariffa economica otterrai il trattamento necessario ma dovrai fare i conti con una franchigia bassa. Care College Premium offre invece anche il rimborso delle lenti correttive per la vista (fino a 100 euro), dell&#8217;indennit\u00e0 giornaliera in ospedale e delle protesi dentarie in seguito a incidente (fino a 2500 euro). I prezzi convenienti sono validi per i primi 18 mesi. Di solito questo \u00e8 sufficiente per un corso di lingua. Informazioni pi\u00f9 dettagliate sono disponibili sul sito web di Care Concept.<\/p>\n<h2>Fai domanda facilmente in internet<\/h2>\n<p>\u00c8 possibile stipulare l\u2019assicurazione sanitaria facilmente tramite internet. Non sono necessarie informazioni pi\u00f9 precise riguardo le malattie che hai avuto in passato. Se lo desideri, puoi stipulare anche un\u2019assicurazione per la responsabilit\u00e0 civile e un\u2019assicurazione contro gli infortuni. Gi\u00e0 dopo pochi minuti riceverai i documenti dell\u2019assicurazione per e-mail. Con questi potrai poi fare domanda per il visto. Naturalmente riceverai tutti i documenti anche per posta entro due giorni lavorativi.<\/p>\n<h2>Entra in un sistema sanitario avanzato<\/h2>\n<p>Il prezzo dell\u2019assicurazione sanitaria per studenti \u00e8 basso. I lavoratori sostengono dei costi pi\u00f9 alti. Con l\u2019assicurazione potrai scegliere il medico che desideri, che effettuer\u00e0 il trattamento medico secondo le direttive dell\u2019assicurazione sanitaria. Nell\u2019assicurazione per studenti sono inoltre compresi dei trattamenti che normalmente non sono previsti in un\u2019assicurazione sanitaria per i lavoratori tedeschi. Per esempio per loro non \u00e8 previsto alcun viaggio di ritorno nel Paese di provenienza in caso di malattia grave. Naturalmente le prestazioni offerte hanno comunque i loro limiti: per questo motivo l\u2019agenzia assicurativa offre diverse tariffe. Se paghi un prezzo pi\u00f9 alto sei naturalmente assicurato in modo migliore: il pacchetto assicurativo Comfort prevede addirittura un rimborso del premio nel caso tu non abbia utilizzato la polizza assicurativa.[\/vc_column_text][\/vc_column][\/vc_row]<\/p>\n","protected":false},"excerpt":{"rendered":"<p>[vc_row][vc_column][vc_column_text] Assicurazione sanitaria per studenti stranieri per i nostri corsi di tedesco a Ratisbona Avere un\u2019assicurazione sanitaria \u00e8 molto importante per studenti stranieri di lingua in Germania. Se non sei coperto da un\u2019assicurazione obbligatoria, dovresti occuparti tempestivamente di stipulare un\u2019assicurazione sanitaria prima di fare richiesta per il visto. Senza un\u2019assicurazione sanitaria valida, infatti, non pu\u00f2&hellip; <a class=\"read-more\" href=\"https:\/\/www.sprachschule-aktiv-regensburg.de\/it\/assicurazione-sanitaria-per-studenti-corsi-tedesco\/\" title=\"Read Assicurazione sanitaria per studenti stranieri per i nostri corsi di tedesco a Ratisbona\">Read more &raquo;<\/a><\/p>\n","protected":false},"author":2,"featured_media":0,"parent":0,"menu_order":0,"comment_status":"closed","ping_status":"closed","template":"","meta":{"footnotes":""},"class_list":["post-7689","page","type-page","status-publish","hentry"],"yoast_head":"<!-- This site is optimized with the Yoast SEO plugin v27.1.1 - https:\/\/yoast.com\/product\/yoast-seo-wordpress\/ -->\n<title>Assicurazione sanitaria per studenti stranieri<\/title>\n<meta name=\"description\" content=\"Tutte le informazioni per l&#039;assicurazione sanitaria in Germania sono disponibili qui! Assicurazione sanitaria per studenti stranieri\" \/>\n<meta name=\"robots\" content=\"index, follow, max-snippet:-1, max-image-preview:large, max-video-preview:-1\" \/>\n<link rel=\"canonical\" href=\"https:\/\/www.sprachschule-aktiv-regensburg.de\/it\/assicurazione-sanitaria-per-studenti-corsi-tedesco\/\" \/>\n<meta property=\"og:locale\" content=\"it_IT\" \/>\n<meta property=\"og:type\" content=\"article\" \/>\n<meta property=\"og:title\" content=\"Assicurazione sanitaria per studenti stranieri\" \/>\n<meta property=\"og:description\" content=\"Tutte le informazioni per l&#039;assicurazione sanitaria in Germania sono disponibili qui! Assicurazione sanitaria per studenti stranieri\" \/>\n<meta property=\"og:url\" content=\"https:\/\/www.sprachschule-aktiv-regensburg.de\/it\/assicurazione-sanitaria-per-studenti-corsi-tedesco\/\" \/>\n<meta property=\"og:site_name\" content=\"Sprachschule Aktiv Regensburg\" \/>\n<meta property=\"article:modified_time\" content=\"2022-08-25T04:49:25+00:00\" \/>\n<meta property=\"og:image\" content=\"https:\/\/www.sprachschule-aktiv-regensburg.de\/wp-content\/uploads\/2016\/01\/georgischkurse-in-regensburg.jpg\" \/>\n<meta name=\"twitter:card\" content=\"summary_large_image\" \/>\n<meta name=\"twitter:label1\" content=\"Tempo di lettura stimato\" \/>\n\t<meta name=\"twitter:data1\" content=\"3 minuti\" \/>\n<script type=\"application\/ld+json\" class=\"yoast-schema-graph\">{\"@context\":\"https:\/\/schema.org\",\"@graph\":[{\"@type\":\"WebPage\",\"@id\":\"https:\/\/www.sprachschule-aktiv-regensburg.de\/it\/assicurazione-sanitaria-per-studenti-corsi-tedesco\/\",\"url\":\"https:\/\/www.sprachschule-aktiv-regensburg.de\/it\/assicurazione-sanitaria-per-studenti-corsi-tedesco\/\",\"name\":\"Assicurazione sanitaria per studenti stranieri\",\"isPartOf\":{\"@id\":\"https:\/\/www.sprachschule-aktiv-regensburg.de\/#website\"},\"primaryImageOfPage\":{\"@id\":\"https:\/\/www.sprachschule-aktiv-regensburg.de\/it\/assicurazione-sanitaria-per-studenti-corsi-tedesco\/#primaryimage\"},\"image\":{\"@id\":\"https:\/\/www.sprachschule-aktiv-regensburg.de\/it\/assicurazione-sanitaria-per-studenti-corsi-tedesco\/#primaryimage\"},\"thumbnailUrl\":\"https:\/\/www.sprachschule-aktiv-regensburg.de\/wp-content\/uploads\/2016\/01\/georgischkurse-in-regensburg.jpg\",\"datePublished\":\"2017-04-18T06:25:51+00:00\",\"dateModified\":\"2022-08-25T04:49:25+00:00\",\"description\":\"Tutte le informazioni per l'assicurazione sanitaria in Germania sono disponibili qui! Assicurazione sanitaria per studenti stranieri\",\"breadcrumb\":{\"@id\":\"https:\/\/www.sprachschule-aktiv-regensburg.de\/it\/assicurazione-sanitaria-per-studenti-corsi-tedesco\/#breadcrumb\"},\"inLanguage\":\"it-IT\",\"potentialAction\":[{\"@type\":\"ReadAction\",\"target\":[\"https:\/\/www.sprachschule-aktiv-regensburg.de\/it\/assicurazione-sanitaria-per-studenti-corsi-tedesco\/\"]}]},{\"@type\":\"ImageObject\",\"inLanguage\":\"it-IT\",\"@id\":\"https:\/\/www.sprachschule-aktiv-regensburg.de\/it\/assicurazione-sanitaria-per-studenti-corsi-tedesco\/#primaryimage\",\"url\":\"https:\/\/www.sprachschule-aktiv-regensburg.de\/wp-content\/uploads\/2016\/01\/georgischkurse-in-regensburg.jpg\",\"contentUrl\":\"https:\/\/www.sprachschule-aktiv-regensburg.de\/wp-content\/uploads\/2016\/01\/georgischkurse-in-regensburg.jpg\"},{\"@type\":\"BreadcrumbList\",\"@id\":\"https:\/\/www.sprachschule-aktiv-regensburg.de\/it\/assicurazione-sanitaria-per-studenti-corsi-tedesco\/#breadcrumb\",\"itemListElement\":[{\"@type\":\"ListItem\",\"position\":1,\"name\":\"Home\",\"item\":\"https:\/\/www.sprachschule-aktiv-regensburg.de\/it\/\"},{\"@type\":\"ListItem\",\"position\":2,\"name\":\"Assicurazione sanitaria per studenti stranieri per i nostri corsi di tedesco a Ratisbona\"}]},{\"@type\":\"WebSite\",\"@id\":\"https:\/\/www.sprachschule-aktiv-regensburg.de\/#website\",\"url\":\"https:\/\/www.sprachschule-aktiv-regensburg.de\/\",\"name\":\"Sprachschule Aktiv Regensburg\",\"description\":\"\",\"potentialAction\":[{\"@type\":\"SearchAction\",\"target\":{\"@type\":\"EntryPoint\",\"urlTemplate\":\"https:\/\/www.sprachschule-aktiv-regensburg.de\/?s={search_term_string}\"},\"query-input\":{\"@type\":\"PropertyValueSpecification\",\"valueRequired\":true,\"valueName\":\"search_term_string\"}}],\"inLanguage\":\"it-IT\"}]}<\/script>\n<!-- \/ Yoast SEO plugin. -->","yoast_head_json":{"title":"Assicurazione sanitaria per studenti stranieri","description":"Tutte le informazioni per l'assicurazione sanitaria in Germania sono disponibili qui! Assicurazione sanitaria per studenti stranieri","robots":{"index":"index","follow":"follow","max-snippet":"max-snippet:-1","max-image-preview":"max-image-preview:large","max-video-preview":"max-video-preview:-1"},"canonical":"https:\/\/www.sprachschule-aktiv-regensburg.de\/it\/assicurazione-sanitaria-per-studenti-corsi-tedesco\/","og_locale":"it_IT","og_type":"article","og_title":"Assicurazione sanitaria per studenti stranieri","og_description":"Tutte le informazioni per l'assicurazione sanitaria in Germania sono disponibili qui! Assicurazione sanitaria per studenti stranieri","og_url":"https:\/\/www.sprachschule-aktiv-regensburg.de\/it\/assicurazione-sanitaria-per-studenti-corsi-tedesco\/","og_site_name":"Sprachschule Aktiv Regensburg","article_modified_time":"2022-08-25T04:49:25+00:00","og_image":[{"url":"https:\/\/www.sprachschule-aktiv-regensburg.de\/wp-content\/uploads\/2016\/01\/georgischkurse-in-regensburg.jpg","type":"","width":"","height":""}],"twitter_card":"summary_large_image","twitter_misc":{"Tempo di lettura stimato":"3 minuti"},"schema":{"@context":"https:\/\/schema.org","@graph":[{"@type":"WebPage","@id":"https:\/\/www.sprachschule-aktiv-regensburg.de\/it\/assicurazione-sanitaria-per-studenti-corsi-tedesco\/","url":"https:\/\/www.sprachschule-aktiv-regensburg.de\/it\/assicurazione-sanitaria-per-studenti-corsi-tedesco\/","name":"Assicurazione sanitaria per studenti stranieri","isPartOf":{"@id":"https:\/\/www.sprachschule-aktiv-regensburg.de\/#website"},"primaryImageOfPage":{"@id":"https:\/\/www.sprachschule-aktiv-regensburg.de\/it\/assicurazione-sanitaria-per-studenti-corsi-tedesco\/#primaryimage"},"image":{"@id":"https:\/\/www.sprachschule-aktiv-regensburg.de\/it\/assicurazione-sanitaria-per-studenti-corsi-tedesco\/#primaryimage"},"thumbnailUrl":"https:\/\/www.sprachschule-aktiv-regensburg.de\/wp-content\/uploads\/2016\/01\/georgischkurse-in-regensburg.jpg","datePublished":"2017-04-18T06:25:51+00:00","dateModified":"2022-08-25T04:49:25+00:00","description":"Tutte le informazioni per l'assicurazione sanitaria in Germania sono disponibili qui! Assicurazione sanitaria per studenti stranieri","breadcrumb":{"@id":"https:\/\/www.sprachschule-aktiv-regensburg.de\/it\/assicurazione-sanitaria-per-studenti-corsi-tedesco\/#breadcrumb"},"inLanguage":"it-IT","potentialAction":[{"@type":"ReadAction","target":["https:\/\/www.sprachschule-aktiv-regensburg.de\/it\/assicurazione-sanitaria-per-studenti-corsi-tedesco\/"]}]},{"@type":"ImageObject","inLanguage":"it-IT","@id":"https:\/\/www.sprachschule-aktiv-regensburg.de\/it\/assicurazione-sanitaria-per-studenti-corsi-tedesco\/#primaryimage","url":"https:\/\/www.sprachschule-aktiv-regensburg.de\/wp-content\/uploads\/2016\/01\/georgischkurse-in-regensburg.jpg","contentUrl":"https:\/\/www.sprachschule-aktiv-regensburg.de\/wp-content\/uploads\/2016\/01\/georgischkurse-in-regensburg.jpg"},{"@type":"BreadcrumbList","@id":"https:\/\/www.sprachschule-aktiv-regensburg.de\/it\/assicurazione-sanitaria-per-studenti-corsi-tedesco\/#breadcrumb","itemListElement":[{"@type":"ListItem","position":1,"name":"Home","item":"https:\/\/www.sprachschule-aktiv-regensburg.de\/it\/"},{"@type":"ListItem","position":2,"name":"Assicurazione sanitaria per studenti stranieri per i nostri corsi di tedesco a Ratisbona"}]},{"@type":"WebSite","@id":"https:\/\/www.sprachschule-aktiv-regensburg.de\/#website","url":"https:\/\/www.sprachschule-aktiv-regensburg.de\/","name":"Sprachschule Aktiv Regensburg","description":"","potentialAction":[{"@type":"SearchAction","target":{"@type":"EntryPoint","urlTemplate":"https:\/\/www.sprachschule-aktiv-regensburg.de\/?s={search_term_string}"},"query-input":{"@type":"PropertyValueSpecification","valueRequired":true,"valueName":"search_term_string"}}],"inLanguage":"it-IT"}]}},"_links":{"self":[{"href":"https:\/\/www.sprachschule-aktiv-regensburg.de\/it\/wp-json\/wp\/v2\/pages\/7689","targetHints":{"allow":["GET"]}}],"collection":[{"href":"https:\/\/www.sprachschule-aktiv-regensburg.de\/it\/wp-json\/wp\/v2\/pages"}],"about":[{"href":"https:\/\/www.sprachschule-aktiv-regensburg.de\/it\/wp-json\/wp\/v2\/types\/page"}],"author":[{"embeddable":true,"href":"https:\/\/www.sprachschule-aktiv-regensburg.de\/it\/wp-json\/wp\/v2\/users\/2"}],"replies":[{"embeddable":true,"href":"https:\/\/www.sprachschule-aktiv-regensburg.de\/it\/wp-json\/wp\/v2\/comments?post=7689"}],"version-history":[{"count":6,"href":"https:\/\/www.sprachschule-aktiv-regensburg.de\/it\/wp-json\/wp\/v2\/pages\/7689\/revisions"}],"predecessor-version":[{"id":10622,"href":"https:\/\/www.sprachschule-aktiv-regensburg.de\/it\/wp-json\/wp\/v2\/pages\/7689\/revisions\/10622"}],"wp:attachment":[{"href":"https:\/\/www.sprachschule-aktiv-regensburg.de\/it\/wp-json\/wp\/v2\/media?parent=7689"}],"curies":[{"name":"wp","href":"https:\/\/api.w.org\/{rel}","templated":true}]}}