{"id":7686,"date":"2016-04-30T05:10:43","date_gmt":"2016-04-30T05:10:43","guid":{"rendered":"https:\/\/www.sprachschule-aktiv-regensburg.de\/corsi-di-tedesco\/deutschkurs-mit-unterkunft-in-regensburg\/"},"modified":"2026-03-15T08:43:31","modified_gmt":"2026-03-15T08:43:31","slug":"corsi-tedesco-alloggio","status":"publish","type":"page","link":"https:\/\/www.sprachschule-aktiv-regensburg.de\/it\/corsi-di-tedesco\/corsi-tedesco-alloggio\/","title":{"rendered":"Corso di tedesco con alloggio a Ratisbona"},"content":{"rendered":"<p>[vc_row css=&#8221;.vc_custom_1490178712041{padding-top: 40px !important;}&#8221;][vc_column][vc_column_text]<\/p>\n<h1>Corso di tedesco con alloggio a Ratisbona<\/h1>\n<p>[\/vc_column_text][\/vc_column][\/vc_row][vc_row css=&#8221;.vc_custom_1490178742602{padding-bottom: 40px !important;}&#8221;][vc_column][vc_column_text]<\/p>\n<h2>Cerchi un alloggio a Ratisbona per il periodo in cui frequenterai il corso di tedesco?<\/h2>\n<p>Vorresti prenotare un corso presso la Sprachschule Aktiv Regensburg, ma non hai ancora trovato un alloggio a Ratisbona?<\/p>\n<p>Noi ti aiutiamo volentieri a trovare un alloggio adeguato a Ratisbona! Questa citt\u00e0 \u00e8 una delle mete turistiche pi\u00f9 amate della Germania. Non \u00e8 facile trovare un alloggio nei mesi estivi. La Sprachschule Aktiv Regensburg ti aiuta volentieri nella tua ricerca!<\/p>\n<h2>Il nostro appartamento condiviso nel centro di Norimberga<\/h2>\n<p>Bellissime camere con bagno, cucina completamente attrezzata, toilette con propria lavatrice e terrazzo. Molte possibilit\u00e0 di fare la spesa nei dintorni. Fermata dell\u2019autobus davanti casa. WLAN.<\/p>\n<p><strong>Prezzo:<\/strong>\u00a0tra 400 \u20ac e 600 \u20ac.<br \/>\n<strong>Indirizzo:<\/strong> Spessart Str. 20, 93057 Regensburg<\/p>\n\n<p>[\/vc_column_text][vc_column_text]<a class=\"whyaweb-kontakt\" href=\"#\">Contattaci!<\/a>[\/vc_column_text][\/vc_column][\/vc_row][vc_row full_width=&#8221;stretch_row&#8221; css=&#8221;.vc_custom_1490178792990{padding-top: 40px !important;padding-bottom: 40px !important;background-color: #f9f9f9 !important;}&#8221;][vc_column][vc_column_text]<\/p>\n<h2>Alloggio presso famiglie ospitanti, appartamenti condivisi o studentati<\/h2>\n<p>Abbiamo contatti con vari alloggi a Ratisbona. Troveremo insieme a te un alloggio secondo i tuoi desideri, sia che tu cerchi una stanza presso un ostello o un hotel, sia che tu preferisca vivere in un appartamento condiviso o presso una famiglia ospitante.<\/p>\n<p>I nostri prezzi:<\/p>\n<ul>\n<li>Per un corso intensivo di tedesco di 4 settimane: 499 \u20ac<\/li>\n<li>Per un alloggio per 4 settimane: 400-600 \u20ac<\/li>\n<li>Per un corso di tedesco pi\u00f9 alloggio: dagli 899 \u20ac ai 1.099 \u20ac per 4 settimane<\/li>\n<\/ul>\n<p>[\/vc_column_text][vc_column_text]Se vuoi frequentare da noi un corso di tedesco e hai bisogno di sostegno nella tua ricerca di un alloggio adeguato, scrivici volentieri una mail a: <a href=\"mailto:info@sprachschule-aktiv-regensburg.de\">info@sprachschule-aktiv-regensburg.de<\/a>, oppure chiamaci al numero 0941-38230820.<\/p>\n<p>Ti preghiamo di indicare quando desideri iniziare il corso di tedesco, che tipologia di alloggio stai cercando e per quanto tempo vuoi rimanere a Ratisbona!<\/p>\n<p>Saremo felici di averti con noi!<\/p>\n<p>Il team Sprachschule Aktiv Regensburg[\/vc_column_text][vc_column_text]<a class=\"whyaweb-anmeldung\" href=\"#\">Iscriviti ora!<\/a>[\/vc_column_text][\/vc_column][\/vc_row]<\/p>\n","protected":false},"excerpt":{"rendered":"<p>[vc_row css=&#8221;.vc_custom_1490178712041{padding-top: 40px !important;}&#8221;][vc_column][vc_column_text] Corso di tedesco con alloggio a Ratisbona [\/vc_column_text][\/vc_column][\/vc_row][vc_row css=&#8221;.vc_custom_1490178742602{padding-bottom: 40px !important;}&#8221;][vc_column][vc_column_text] Cerchi un alloggio a Ratisbona per il periodo in cui frequenterai il corso di tedesco? Vorresti prenotare un corso presso la Sprachschule Aktiv Regensburg, ma non hai ancora trovato un alloggio a Ratisbona? Noi ti aiutiamo volentieri a trovare un&hellip; <a class=\"read-more\" href=\"https:\/\/www.sprachschule-aktiv-regensburg.de\/it\/corsi-di-tedesco\/corsi-tedesco-alloggio\/\" title=\"Read Corso di tedesco con alloggio a Ratisbona\">Read more &raquo;<\/a><\/p>\n","protected":false},"author":2,"featured_media":0,"parent":7598,"menu_order":0,"comment_status":"closed","ping_status":"closed","template":"","meta":{"footnotes":""},"class_list":["post-7686","page","type-page","status-publish","hentry"],"yoast_head":"<!-- This site is optimized with the Yoast SEO plugin v27.1.1 - https:\/\/yoast.com\/product\/yoast-seo-wordpress\/ -->\n<title>Corso di tedesco con alloggio a Ratisbona - Sprachschule Aktiv<\/title>\n<meta name=\"description\" content=\"Cerchi un alloggio a Ratisbona per il periodo in cui frequenterai il corso di tedesco? Vorresti prenotare un corso presso la Sprachschule Aktiv Regensburg, ma non hai ancora trovato un alloggio a Ratisbona?\" \/>\n<meta name=\"robots\" content=\"index, follow, max-snippet:-1, max-image-preview:large, max-video-preview:-1\" \/>\n<link rel=\"canonical\" href=\"https:\/\/www.sprachschule-aktiv-regensburg.de\/it\/corsi-di-tedesco\/corsi-tedesco-alloggio\/\" \/>\n<meta property=\"og:locale\" content=\"it_IT\" \/>\n<meta property=\"og:type\" content=\"article\" \/>\n<meta property=\"og:title\" content=\"Corso di tedesco con alloggio a Ratisbona - Sprachschule Aktiv\" \/>\n<meta property=\"og:description\" content=\"Cerchi un alloggio a Ratisbona per il periodo in cui frequenterai il corso di tedesco? Vorresti prenotare un corso presso la Sprachschule Aktiv Regensburg, ma non hai ancora trovato un alloggio a Ratisbona?\" \/>\n<meta property=\"og:url\" content=\"https:\/\/www.sprachschule-aktiv-regensburg.de\/it\/corsi-di-tedesco\/corsi-tedesco-alloggio\/\" \/>\n<meta property=\"og:site_name\" content=\"Sprachschule Aktiv Regensburg\" \/>\n<meta property=\"article:modified_time\" content=\"2026-03-15T08:43:31+00:00\" \/>\n<meta name=\"twitter:card\" content=\"summary_large_image\" \/>\n<meta name=\"twitter:label1\" content=\"Tempo di lettura stimato\" \/>\n\t<meta name=\"twitter:data1\" content=\"2 minuti\" \/>\n<script type=\"application\/ld+json\" class=\"yoast-schema-graph\">{\"@context\":\"https:\/\/schema.org\",\"@graph\":[{\"@type\":\"WebPage\",\"@id\":\"https:\/\/www.sprachschule-aktiv-regensburg.de\/it\/corsi-di-tedesco\/corsi-tedesco-alloggio\/\",\"url\":\"https:\/\/www.sprachschule-aktiv-regensburg.de\/it\/corsi-di-tedesco\/corsi-tedesco-alloggio\/\",\"name\":\"Corso di tedesco con alloggio a Ratisbona - Sprachschule Aktiv\",\"isPartOf\":{\"@id\":\"https:\/\/www.sprachschule-aktiv-regensburg.de\/#website\"},\"datePublished\":\"2016-04-30T05:10:43+00:00\",\"dateModified\":\"2026-03-15T08:43:31+00:00\",\"description\":\"Cerchi un alloggio a Ratisbona per il periodo in cui frequenterai il corso di tedesco? Vorresti prenotare un corso presso la Sprachschule Aktiv Regensburg, ma non hai ancora trovato un alloggio a Ratisbona?\",\"breadcrumb\":{\"@id\":\"https:\/\/www.sprachschule-aktiv-regensburg.de\/it\/corsi-di-tedesco\/corsi-tedesco-alloggio\/#breadcrumb\"},\"inLanguage\":\"it-IT\",\"potentialAction\":[{\"@type\":\"ReadAction\",\"target\":[\"https:\/\/www.sprachschule-aktiv-regensburg.de\/it\/corsi-di-tedesco\/corsi-tedesco-alloggio\/\"]}]},{\"@type\":\"BreadcrumbList\",\"@id\":\"https:\/\/www.sprachschule-aktiv-regensburg.de\/it\/corsi-di-tedesco\/corsi-tedesco-alloggio\/#breadcrumb\",\"itemListElement\":[{\"@type\":\"ListItem\",\"position\":1,\"name\":\"Home\",\"item\":\"https:\/\/www.sprachschule-aktiv-regensburg.de\/it\/\"},{\"@type\":\"ListItem\",\"position\":2,\"name\":\"Studiare il tedesco a Ratisbona \u2013 Corsi di tedesco \u2013 Scuola di lingue\",\"item\":\"https:\/\/www.sprachschule-aktiv-regensburg.de\/it\/corsi-di-tedesco\/\"},{\"@type\":\"ListItem\",\"position\":3,\"name\":\"Corso di tedesco con alloggio a Ratisbona\"}]},{\"@type\":\"WebSite\",\"@id\":\"https:\/\/www.sprachschule-aktiv-regensburg.de\/#website\",\"url\":\"https:\/\/www.sprachschule-aktiv-regensburg.de\/\",\"name\":\"Sprachschule Aktiv Regensburg\",\"description\":\"\",\"potentialAction\":[{\"@type\":\"SearchAction\",\"target\":{\"@type\":\"EntryPoint\",\"urlTemplate\":\"https:\/\/www.sprachschule-aktiv-regensburg.de\/?s={search_term_string}\"},\"query-input\":{\"@type\":\"PropertyValueSpecification\",\"valueRequired\":true,\"valueName\":\"search_term_string\"}}],\"inLanguage\":\"it-IT\"}]}<\/script>\n<!-- \/ Yoast SEO plugin. -->","yoast_head_json":{"title":"Corso di tedesco con alloggio a Ratisbona - Sprachschule Aktiv","description":"Cerchi un alloggio a Ratisbona per il periodo in cui frequenterai il corso di tedesco? Vorresti prenotare un corso presso la Sprachschule Aktiv Regensburg, ma non hai ancora trovato un alloggio a Ratisbona?","robots":{"index":"index","follow":"follow","max-snippet":"max-snippet:-1","max-image-preview":"max-image-preview:large","max-video-preview":"max-video-preview:-1"},"canonical":"https:\/\/www.sprachschule-aktiv-regensburg.de\/it\/corsi-di-tedesco\/corsi-tedesco-alloggio\/","og_locale":"it_IT","og_type":"article","og_title":"Corso di tedesco con alloggio a Ratisbona - Sprachschule Aktiv","og_description":"Cerchi un alloggio a Ratisbona per il periodo in cui frequenterai il corso di tedesco? Vorresti prenotare un corso presso la Sprachschule Aktiv Regensburg, ma non hai ancora trovato un alloggio a Ratisbona?","og_url":"https:\/\/www.sprachschule-aktiv-regensburg.de\/it\/corsi-di-tedesco\/corsi-tedesco-alloggio\/","og_site_name":"Sprachschule Aktiv Regensburg","article_modified_time":"2026-03-15T08:43:31+00:00","twitter_card":"summary_large_image","twitter_misc":{"Tempo di lettura stimato":"2 minuti"},"schema":{"@context":"https:\/\/schema.org","@graph":[{"@type":"WebPage","@id":"https:\/\/www.sprachschule-aktiv-regensburg.de\/it\/corsi-di-tedesco\/corsi-tedesco-alloggio\/","url":"https:\/\/www.sprachschule-aktiv-regensburg.de\/it\/corsi-di-tedesco\/corsi-tedesco-alloggio\/","name":"Corso di tedesco con alloggio a Ratisbona - Sprachschule Aktiv","isPartOf":{"@id":"https:\/\/www.sprachschule-aktiv-regensburg.de\/#website"},"datePublished":"2016-04-30T05:10:43+00:00","dateModified":"2026-03-15T08:43:31+00:00","description":"Cerchi un alloggio a Ratisbona per il periodo in cui frequenterai il corso di tedesco? Vorresti prenotare un corso presso la Sprachschule Aktiv Regensburg, ma non hai ancora trovato un alloggio a Ratisbona?","breadcrumb":{"@id":"https:\/\/www.sprachschule-aktiv-regensburg.de\/it\/corsi-di-tedesco\/corsi-tedesco-alloggio\/#breadcrumb"},"inLanguage":"it-IT","potentialAction":[{"@type":"ReadAction","target":["https:\/\/www.sprachschule-aktiv-regensburg.de\/it\/corsi-di-tedesco\/corsi-tedesco-alloggio\/"]}]},{"@type":"BreadcrumbList","@id":"https:\/\/www.sprachschule-aktiv-regensburg.de\/it\/corsi-di-tedesco\/corsi-tedesco-alloggio\/#breadcrumb","itemListElement":[{"@type":"ListItem","position":1,"name":"Home","item":"https:\/\/www.sprachschule-aktiv-regensburg.de\/it\/"},{"@type":"ListItem","position":2,"name":"Studiare il tedesco a Ratisbona \u2013 Corsi di tedesco \u2013 Scuola di lingue","item":"https:\/\/www.sprachschule-aktiv-regensburg.de\/it\/corsi-di-tedesco\/"},{"@type":"ListItem","position":3,"name":"Corso di tedesco con alloggio a Ratisbona"}]},{"@type":"WebSite","@id":"https:\/\/www.sprachschule-aktiv-regensburg.de\/#website","url":"https:\/\/www.sprachschule-aktiv-regensburg.de\/","name":"Sprachschule Aktiv Regensburg","description":"","potentialAction":[{"@type":"SearchAction","target":{"@type":"EntryPoint","urlTemplate":"https:\/\/www.sprachschule-aktiv-regensburg.de\/?s={search_term_string}"},"query-input":{"@type":"PropertyValueSpecification","valueRequired":true,"valueName":"search_term_string"}}],"inLanguage":"it-IT"}]}},"_links":{"self":[{"href":"https:\/\/www.sprachschule-aktiv-regensburg.de\/it\/wp-json\/wp\/v2\/pages\/7686","targetHints":{"allow":["GET"]}}],"collection":[{"href":"https:\/\/www.sprachschule-aktiv-regensburg.de\/it\/wp-json\/wp\/v2\/pages"}],"about":[{"href":"https:\/\/www.sprachschule-aktiv-regensburg.de\/it\/wp-json\/wp\/v2\/types\/page"}],"author":[{"embeddable":true,"href":"https:\/\/www.sprachschule-aktiv-regensburg.de\/it\/wp-json\/wp\/v2\/users\/2"}],"replies":[{"embeddable":true,"href":"https:\/\/www.sprachschule-aktiv-regensburg.de\/it\/wp-json\/wp\/v2\/comments?post=7686"}],"version-history":[{"count":6,"href":"https:\/\/www.sprachschule-aktiv-regensburg.de\/it\/wp-json\/wp\/v2\/pages\/7686\/revisions"}],"predecessor-version":[{"id":11607,"href":"https:\/\/www.sprachschule-aktiv-regensburg.de\/it\/wp-json\/wp\/v2\/pages\/7686\/revisions\/11607"}],"up":[{"embeddable":true,"href":"https:\/\/www.sprachschule-aktiv-regensburg.de\/it\/wp-json\/wp\/v2\/pages\/7598"}],"wp:attachment":[{"href":"https:\/\/www.sprachschule-aktiv-regensburg.de\/it\/wp-json\/wp\/v2\/media?parent=7686"}],"curies":[{"name":"wp","href":"https:\/\/api.w.org\/{rel}","templated":true}]}}