{"id":7648,"date":"2016-07-07T07:20:34","date_gmt":"2016-07-07T07:20:34","guid":{"rendered":"https:\/\/www.sprachschule-aktiv-regensburg.de\/corsi-di-tedesco\/testdaf-vorbereitungskurse\/"},"modified":"2026-03-15T08:45:56","modified_gmt":"2026-03-15T08:45:56","slug":"corsi-preparazione-al-testdaf","status":"publish","type":"page","link":"https:\/\/www.sprachschule-aktiv-regensburg.de\/it\/corsi-di-tedesco\/corsi-preparazione-al-testdaf\/","title":{"rendered":"Corsi di preparazione al TestDaF a Ratisbona"},"content":{"rendered":"<p>[vc_row css=&#8221;.vc_custom_1490177076327{padding-top: 40px !important;}&#8221;][vc_column][vc_column_text]<\/p>\n<h1>Corsi di preparazione al TestDaF a Ratisbona<\/h1>\n<p>[\/vc_column_text][\/vc_column][\/vc_row][vc_row css=&#8221;.vc_custom_1490177100269{padding-bottom: 40px !important;}&#8221;][vc_column][vc_column_text]Corsi di preparazione al TestDaf a Ratisbona \u2013 Esame TestDaF. Lavoratori e studenti stranieri che vogliono lavorare o studiare in Germania, non di rado devono studiare la lingua tedesca e dimostrare di padroneggiarla in maniera soddisfacente. Per definire standard univoci \u00e8 stato sviluppato un test chiamato TestDaF, ossia Test f\u00fcr Deutsch als Fremdsprache (Test di tedesco come lingua straniera).<\/p>\n<h2>TestDaF \u2013 Informazioni generali<\/h2>\n<p>Questo test standardizzato, con il quale vengono esaminate la comprensione della lingua tedesca e la capacit\u00e0 di esprimersi in tedesco, viene considerato impegnativo \u2013 tuttavia presenta grossi vantaggi: tutte le Universit\u00e4t (universit\u00e0) e le Fachhochschulen (Istituti superiori di formazione professionale o Universit\u00e0 di scienze applicate) in Germania riconoscono la certificazione TestDaF. Anche molti datori di lavoro richiedono questa certificazione quando assumono nuovi lavoratori. Il TestDaF \u00e8 quindi un biglietto d\u2019ingresso importante sia per il mondo dello studio che per quello del lavoro.[\/vc_column_text][vc_column_text]<a class=\"whyaweb-kontakt\" href=\"#\">Contattaci!<\/a>[\/vc_column_text][\/vc_column][\/vc_row][vc_row full_width=&#8221;stretch_row&#8221; css=&#8221;.vc_custom_1490177181439{padding-top: 40px !important;padding-bottom: 40px !important;background-color: #f9f9f9 !important;}&#8221;][vc_column width=&#8221;1\/2&#8243;][vc_column_text]<\/p>\n<h2>TestDaF \u2013 Informazioni sul corso, prezzi e date<\/h2>\n<p>Durata del corso: da 1 a 4 settimane<br \/>\nDate d\u2019inizio: Ogni primo luned\u00ec del mese<br \/>\nDate: Dal luned\u00ec al venerd\u00ec, dalle 9:00 alle 12:00<br \/>\nPrezzi:<br \/>\n1 settimana: 199,- \u20ac<br \/>\n2 settimane: 299,- \u20ac<br \/>\n3 settimane: 349,- \u20ac<br \/>\n4 settimane (un mese): 399,- \u20ac[\/vc_column_text][vc_column_text]<\/p>\n<h2>Nel test vengono esaminate, tra le altre, le seguenti capacit\u00e0:<\/h2>\n<ul>\n<li>Ricavare informazioni specifiche da brevi testi in lingua tedesca<\/li>\n<li>Comprensione di testi giornalistici e scientifici<\/li>\n<li>Padronanza della comunicazione quotidiana<\/li>\n<li>Comprensione di controversie scientifiche<\/li>\n<li>Scrittura di propri testi in lingua tedesca<\/li>\n<\/ul>\n<p>[\/vc_column_text][vc_column_text]Il test pu\u00f2 essere sostenuto in pi\u00f9 di 450 centri in 95 Paesi in tutto il mondo. Gli stranieri che vivono gi\u00e0 in Germania possono naturalmente svolgere il test anche in Germania.[\/vc_column_text][vc_column_text]<a class=\"whyaweb-anmeldung\" href=\"#\">Iscriviti ora!<\/a>[\/vc_column_text][\/vc_column][vc_column width=&#8221;1\/2&#8243;][vc_single_image image=&#8221;7666&#8243; img_size=&#8221;full&#8221; alignment=&#8221;center&#8221; style=&#8221;vc_box_outline&#8221;][\/vc_column][\/vc_row][vc_row css=&#8221;.vc_custom_1490177247889{padding-top: 40px !important;padding-bottom: 40px !important;}&#8221;][vc_column][vc_column_text]<\/p>\n<h2>Un test impegnativo richiede una buona preparazione<\/h2>\n<p>Per superare questo test impegnativo, coloro che l\u2019hanno creato consigliano di prepararsi in modo approfondito con insegnanti qualificati. In quest\u2019ottica, la Sprachschule Aktiv Regensburg offre un ampio programma per lo studio della lingua tedesca e aiuta a prepararsi al meglio a questo ambizioso test.<\/p>\n<p>Per imparare la lingua tedesca non serve alcun incantesimo. Nella Sprachschule Aktiv i docenti sono esperti di comprovata esperienza pluriennale nell\u2019insegnamento del tedesco come lingua straniera.<\/p>\n<p>I corsi presso la Sprachschule Aktiv a Ratisbona si svolgono dal luned\u00ec al venerd\u00ec dalle ore 9.00 alle ore 12.00. Entro quattro settimane i partecipanti acquisiscono le basi della lingua tedesca. Al termine del corso di quattro settimane, i partecipanti saranno gi\u00e0 in grado di farsi capire a sufficienza in Germania e di conversare con i tedeschi. Questo permette di creare i presupposti per una buona integrazione. Sulla base di questo corso intensivo, i partecipanti potranno continuare a perfezionare le loro competenze in lingua tedesca, in modo che, alla fine, non sia pi\u00f9 un problema superare il TestDaF. Nei nostri corsi, i partecipanti sono preparati specificamente per il TestDaF, affinch\u00e9 non incontrino ostacoli nel superare il test con successo. Questo apre molte opportunit\u00e0 nel mondo del lavoro e dello studio.[\/vc_column_text][vc_column_text]<a class=\"whyaweb-kontakt\" href=\"#\">Contattaci!<\/a>[\/vc_column_text][\/vc_column][\/vc_row][vc_row full_width=&#8221;stretch_row&#8221; css=&#8221;.vc_custom_1490177366148{padding-top: 40px !important;padding-bottom: 40px !important;background-color: #f9f9f9 !important;}&#8221;][vc_column][vc_column_text]<\/p>\n<h2>Un investimento per il futuro<\/h2>\n<p>I costi per il corso di preparazione presso la Sprachschule Aktiv a Ratisbona sono bassi se confrontati con le grandi opportunit\u00e0 di studio e di lavoro che si aprono dopo aver superato il TestDaF. Il corso intensivo con tre ore di lezione al giorno (lun-ven) costa solo 399,- euro al mese.<\/p>\n<p>Un nuovo corso inizia ogni primo luned\u00ec del mese. Se si desidera iniziare ancora pi\u00f9 velocemente, \u00e8 possibile farlo mentre il corso \u00e8 gi\u00e0 in svolgimento: naturalmente saranno addebitati solo i costi per le settimane in cui il partecipante \u00e8 iscritto al corso.[\/vc_column_text][\/vc_column][\/vc_row]<\/p>\n","protected":false},"excerpt":{"rendered":"<p>[vc_row css=&#8221;.vc_custom_1490177076327{padding-top: 40px !important;}&#8221;][vc_column][vc_column_text] Corsi di preparazione al TestDaF a Ratisbona [\/vc_column_text][\/vc_column][\/vc_row][vc_row css=&#8221;.vc_custom_1490177100269{padding-bottom: 40px !important;}&#8221;][vc_column][vc_column_text]Corsi di preparazione al TestDaf a Ratisbona \u2013 Esame TestDaF. Lavoratori e studenti stranieri che vogliono lavorare o studiare in Germania, non di rado devono studiare la lingua tedesca e dimostrare di padroneggiarla in maniera soddisfacente. Per definire standard univoci \u00e8&hellip; <a class=\"read-more\" href=\"https:\/\/www.sprachschule-aktiv-regensburg.de\/it\/corsi-di-tedesco\/corsi-preparazione-al-testdaf\/\" title=\"Read Corsi di preparazione al TestDaF a Ratisbona\">Read more &raquo;<\/a><\/p>\n","protected":false},"author":2,"featured_media":0,"parent":7598,"menu_order":0,"comment_status":"closed","ping_status":"closed","template":"","meta":{"footnotes":""},"class_list":["post-7648","page","type-page","status-publish","hentry"],"yoast_head":"<!-- This site is optimized with the Yoast SEO plugin v27.1.1 - https:\/\/yoast.com\/product\/yoast-seo-wordpress\/ -->\n<title>Corsi di preparazione al TestDaf a Ratisbona \u2013 Esame TestDaF<\/title>\n<meta name=\"description\" content=\"Lavoratori e studenti stranieri che vogliono lavorare o studiare in Germania, non di rado devono studiare la lingua tedesca e dimostrare di padroneggiarla in maniera soddisfacente.\" \/>\n<meta name=\"robots\" content=\"index, follow, max-snippet:-1, max-image-preview:large, max-video-preview:-1\" \/>\n<link rel=\"canonical\" href=\"https:\/\/www.sprachschule-aktiv-regensburg.de\/it\/corsi-di-tedesco\/corsi-preparazione-al-testdaf\/\" \/>\n<meta property=\"og:locale\" content=\"it_IT\" \/>\n<meta property=\"og:type\" content=\"article\" \/>\n<meta property=\"og:title\" content=\"Corsi di preparazione al TestDaf a Ratisbona \u2013 Esame TestDaF\" \/>\n<meta property=\"og:description\" content=\"Lavoratori e studenti stranieri che vogliono lavorare o studiare in Germania, non di rado devono studiare la lingua tedesca e dimostrare di padroneggiarla in maniera soddisfacente.\" \/>\n<meta property=\"og:url\" content=\"https:\/\/www.sprachschule-aktiv-regensburg.de\/it\/corsi-di-tedesco\/corsi-preparazione-al-testdaf\/\" \/>\n<meta property=\"og:site_name\" content=\"Sprachschule Aktiv Regensburg\" \/>\n<meta property=\"article:modified_time\" content=\"2026-03-15T08:45:56+00:00\" \/>\n<meta name=\"twitter:card\" content=\"summary_large_image\" \/>\n<meta name=\"twitter:label1\" content=\"Tempo di lettura stimato\" \/>\n\t<meta name=\"twitter:data1\" content=\"4 minuti\" \/>\n<script type=\"application\/ld+json\" class=\"yoast-schema-graph\">{\"@context\":\"https:\/\/schema.org\",\"@graph\":[{\"@type\":\"WebPage\",\"@id\":\"https:\/\/www.sprachschule-aktiv-regensburg.de\/it\/corsi-di-tedesco\/corsi-preparazione-al-testdaf\/\",\"url\":\"https:\/\/www.sprachschule-aktiv-regensburg.de\/it\/corsi-di-tedesco\/corsi-preparazione-al-testdaf\/\",\"name\":\"Corsi di preparazione al TestDaf a Ratisbona \u2013 Esame TestDaF\",\"isPartOf\":{\"@id\":\"https:\/\/www.sprachschule-aktiv-regensburg.de\/#website\"},\"datePublished\":\"2016-07-07T07:20:34+00:00\",\"dateModified\":\"2026-03-15T08:45:56+00:00\",\"description\":\"Lavoratori e studenti stranieri che vogliono lavorare o studiare in Germania, non di rado devono studiare la lingua tedesca e dimostrare di padroneggiarla in maniera soddisfacente.\",\"breadcrumb\":{\"@id\":\"https:\/\/www.sprachschule-aktiv-regensburg.de\/it\/corsi-di-tedesco\/corsi-preparazione-al-testdaf\/#breadcrumb\"},\"inLanguage\":\"it-IT\",\"potentialAction\":[{\"@type\":\"ReadAction\",\"target\":[\"https:\/\/www.sprachschule-aktiv-regensburg.de\/it\/corsi-di-tedesco\/corsi-preparazione-al-testdaf\/\"]}]},{\"@type\":\"BreadcrumbList\",\"@id\":\"https:\/\/www.sprachschule-aktiv-regensburg.de\/it\/corsi-di-tedesco\/corsi-preparazione-al-testdaf\/#breadcrumb\",\"itemListElement\":[{\"@type\":\"ListItem\",\"position\":1,\"name\":\"Home\",\"item\":\"https:\/\/www.sprachschule-aktiv-regensburg.de\/it\/\"},{\"@type\":\"ListItem\",\"position\":2,\"name\":\"Studiare il tedesco a Ratisbona \u2013 Corsi di tedesco \u2013 Scuola di lingue\",\"item\":\"https:\/\/www.sprachschule-aktiv-regensburg.de\/it\/corsi-di-tedesco\/\"},{\"@type\":\"ListItem\",\"position\":3,\"name\":\"Corsi di preparazione al TestDaF a Ratisbona\"}]},{\"@type\":\"WebSite\",\"@id\":\"https:\/\/www.sprachschule-aktiv-regensburg.de\/#website\",\"url\":\"https:\/\/www.sprachschule-aktiv-regensburg.de\/\",\"name\":\"Sprachschule Aktiv Regensburg\",\"description\":\"\",\"potentialAction\":[{\"@type\":\"SearchAction\",\"target\":{\"@type\":\"EntryPoint\",\"urlTemplate\":\"https:\/\/www.sprachschule-aktiv-regensburg.de\/?s={search_term_string}\"},\"query-input\":{\"@type\":\"PropertyValueSpecification\",\"valueRequired\":true,\"valueName\":\"search_term_string\"}}],\"inLanguage\":\"it-IT\"}]}<\/script>\n<!-- \/ Yoast SEO plugin. -->","yoast_head_json":{"title":"Corsi di preparazione al TestDaf a Ratisbona \u2013 Esame TestDaF","description":"Lavoratori e studenti stranieri che vogliono lavorare o studiare in Germania, non di rado devono studiare la lingua tedesca e dimostrare di padroneggiarla in maniera soddisfacente.","robots":{"index":"index","follow":"follow","max-snippet":"max-snippet:-1","max-image-preview":"max-image-preview:large","max-video-preview":"max-video-preview:-1"},"canonical":"https:\/\/www.sprachschule-aktiv-regensburg.de\/it\/corsi-di-tedesco\/corsi-preparazione-al-testdaf\/","og_locale":"it_IT","og_type":"article","og_title":"Corsi di preparazione al TestDaf a Ratisbona \u2013 Esame TestDaF","og_description":"Lavoratori e studenti stranieri che vogliono lavorare o studiare in Germania, non di rado devono studiare la lingua tedesca e dimostrare di padroneggiarla in maniera soddisfacente.","og_url":"https:\/\/www.sprachschule-aktiv-regensburg.de\/it\/corsi-di-tedesco\/corsi-preparazione-al-testdaf\/","og_site_name":"Sprachschule Aktiv Regensburg","article_modified_time":"2026-03-15T08:45:56+00:00","twitter_card":"summary_large_image","twitter_misc":{"Tempo di lettura stimato":"4 minuti"},"schema":{"@context":"https:\/\/schema.org","@graph":[{"@type":"WebPage","@id":"https:\/\/www.sprachschule-aktiv-regensburg.de\/it\/corsi-di-tedesco\/corsi-preparazione-al-testdaf\/","url":"https:\/\/www.sprachschule-aktiv-regensburg.de\/it\/corsi-di-tedesco\/corsi-preparazione-al-testdaf\/","name":"Corsi di preparazione al TestDaf a Ratisbona \u2013 Esame TestDaF","isPartOf":{"@id":"https:\/\/www.sprachschule-aktiv-regensburg.de\/#website"},"datePublished":"2016-07-07T07:20:34+00:00","dateModified":"2026-03-15T08:45:56+00:00","description":"Lavoratori e studenti stranieri che vogliono lavorare o studiare in Germania, non di rado devono studiare la lingua tedesca e dimostrare di padroneggiarla in maniera soddisfacente.","breadcrumb":{"@id":"https:\/\/www.sprachschule-aktiv-regensburg.de\/it\/corsi-di-tedesco\/corsi-preparazione-al-testdaf\/#breadcrumb"},"inLanguage":"it-IT","potentialAction":[{"@type":"ReadAction","target":["https:\/\/www.sprachschule-aktiv-regensburg.de\/it\/corsi-di-tedesco\/corsi-preparazione-al-testdaf\/"]}]},{"@type":"BreadcrumbList","@id":"https:\/\/www.sprachschule-aktiv-regensburg.de\/it\/corsi-di-tedesco\/corsi-preparazione-al-testdaf\/#breadcrumb","itemListElement":[{"@type":"ListItem","position":1,"name":"Home","item":"https:\/\/www.sprachschule-aktiv-regensburg.de\/it\/"},{"@type":"ListItem","position":2,"name":"Studiare il tedesco a Ratisbona \u2013 Corsi di tedesco \u2013 Scuola di lingue","item":"https:\/\/www.sprachschule-aktiv-regensburg.de\/it\/corsi-di-tedesco\/"},{"@type":"ListItem","position":3,"name":"Corsi di preparazione al TestDaF a Ratisbona"}]},{"@type":"WebSite","@id":"https:\/\/www.sprachschule-aktiv-regensburg.de\/#website","url":"https:\/\/www.sprachschule-aktiv-regensburg.de\/","name":"Sprachschule Aktiv Regensburg","description":"","potentialAction":[{"@type":"SearchAction","target":{"@type":"EntryPoint","urlTemplate":"https:\/\/www.sprachschule-aktiv-regensburg.de\/?s={search_term_string}"},"query-input":{"@type":"PropertyValueSpecification","valueRequired":true,"valueName":"search_term_string"}}],"inLanguage":"it-IT"}]}},"_links":{"self":[{"href":"https:\/\/www.sprachschule-aktiv-regensburg.de\/it\/wp-json\/wp\/v2\/pages\/7648","targetHints":{"allow":["GET"]}}],"collection":[{"href":"https:\/\/www.sprachschule-aktiv-regensburg.de\/it\/wp-json\/wp\/v2\/pages"}],"about":[{"href":"https:\/\/www.sprachschule-aktiv-regensburg.de\/it\/wp-json\/wp\/v2\/types\/page"}],"author":[{"embeddable":true,"href":"https:\/\/www.sprachschule-aktiv-regensburg.de\/it\/wp-json\/wp\/v2\/users\/2"}],"replies":[{"embeddable":true,"href":"https:\/\/www.sprachschule-aktiv-regensburg.de\/it\/wp-json\/wp\/v2\/comments?post=7648"}],"version-history":[{"count":6,"href":"https:\/\/www.sprachschule-aktiv-regensburg.de\/it\/wp-json\/wp\/v2\/pages\/7648\/revisions"}],"predecessor-version":[{"id":7649,"href":"https:\/\/www.sprachschule-aktiv-regensburg.de\/it\/wp-json\/wp\/v2\/pages\/7648\/revisions\/7649"}],"up":[{"embeddable":true,"href":"https:\/\/www.sprachschule-aktiv-regensburg.de\/it\/wp-json\/wp\/v2\/pages\/7598"}],"wp:attachment":[{"href":"https:\/\/www.sprachschule-aktiv-regensburg.de\/it\/wp-json\/wp\/v2\/media?parent=7648"}],"curies":[{"name":"wp","href":"https:\/\/api.w.org\/{rel}","templated":true}]}}