{"id":7622,"date":"2015-11-30T12:11:56","date_gmt":"2015-11-30T12:11:56","guid":{"rendered":"https:\/\/www.sprachschule-aktiv-regensburg.de\/corsi-di-tedesco\/deutsch-abendkurse\/"},"modified":"2026-03-15T08:44:39","modified_gmt":"2026-03-15T08:44:39","slug":"corsi-serali-tedesco","status":"publish","type":"page","link":"https:\/\/www.sprachschule-aktiv-regensburg.de\/it\/corsi-di-tedesco\/corsi-serali-tedesco\/","title":{"rendered":"Corsi serali di tedesco a Ratisbona. Corsi di lingua per principianti e studenti con livello avanzato: dall\u2019A1 al C2"},"content":{"rendered":"<p>[vc_row css=&#8221;.vc_custom_1490186906010{padding-top: 40px !important;}&#8221;][vc_column][vc_column_text]<\/p>\n<h1>Corsi serali di tedesco a Ratisbona<\/h1>\n<h2>Corsi di lingua per principianti e studenti con livello avanzato: dall\u2019A1 al C2<\/h2>\n<p>[\/vc_column_text][\/vc_column][\/vc_row][vc_row full_width=&#8221;stretch_row&#8221; css=&#8221;.vc_custom_1490187057605{padding-top: 40px !important;padding-bottom: 40px !important;background-color: #f9f9f9 !important;}&#8221;][vc_column][vc_column_text]<\/p>\n<h2>Informazioni generali sui nostri corsi serali per tutti i livelli linguistici:<\/h2>\n<p>Corsi di lingua per principianti e studenti che possiedono gi\u00e0 un livello avanzato.[\/vc_column_text][vc_column_text]<a class=\"whyaweb-kontakt\" href=\"#\">Contattaci!<\/a>[\/vc_column_text][vc_column_text css=&#8221;.vc_custom_1526653272234{padding-top: 30px !important;}&#8221;]<\/p>\n<h2>Corso 1:<\/h2>\n<p>Durata del corso: 4 settimane<\/p>\n<p>3 giorni alla settimana, 90 minuti ogni lezione serale<\/p>\n<p>Prezzo del corso 1: <strong>279 \u20ac<\/strong> per 4 settimane.<br \/>\nData di inizio: ogni primo luned\u00ec del mese. Le lezioni si svolgono sempre al luned\u00ec, al mercoled\u00ec e al gioved\u00ec.<\/p>\n<h2>Puoi trovare qui le date di inizio del Corso 1:<\/h2>\n<p>\n<table id=\"tablepress-45\" class=\"tablepress tablepress-id-45\">\n<thead>\n<tr class=\"row-1\">\n\t<th class=\"column-1\">Corso serale 3 volte alla settimana<\/th><th class=\"column-2\">Data d\u2019inizio<\/th><th class=\"column-3\">Lezioni<\/th><th class=\"column-4\">Orari<\/th>\n<\/tr>\n<\/thead>\n<tbody class=\"row-striping row-hover\">\n<tr class=\"row-2\">\n\t<td class=\"column-1\">April 2026<\/td><td class=\"column-2\">07.04.2026<\/td><td class=\"column-3\">jeden Dienstag und Donnerstag<\/td><td class=\"column-4\">18:00 - 20:15 Uhr<\/td>\n<\/tr>\n<tr class=\"row-3\">\n\t<td class=\"column-1\">Mai 2026<\/td><td class=\"column-2\">05.05.2026<\/td><td class=\"column-3\">jeden Dienstag und Donnerstag<\/td><td class=\"column-4\">18:00 - 20:15 Uhr<\/td>\n<\/tr>\n<tr class=\"row-4\">\n\t<td class=\"column-1\">Juni 2026<\/td><td class=\"column-2\">02.06.2026<\/td><td class=\"column-3\">jeden Dienstag und Donnerstag<\/td><td class=\"column-4\">18:00 - 20:15 Uhr<\/td>\n<\/tr>\n<tr class=\"row-5\">\n\t<td class=\"column-1\">Juli 2026<\/td><td class=\"column-2\">07.07.2026<\/td><td class=\"column-3\">jeden Dienstag und Donnerstag<\/td><td class=\"column-4\">18:00 - 20:15 Uhr<\/td>\n<\/tr>\n<tr class=\"row-6\">\n\t<td class=\"column-1\">August 2026<\/td><td class=\"column-2\">04.08.2026<\/td><td class=\"column-3\">jeden Dienstag und Donnerstag<\/td><td class=\"column-4\">18:00 - 20:15 Uhr<\/td>\n<\/tr>\n<tr class=\"row-7\">\n\t<td class=\"column-1\">September 2026<\/td><td class=\"column-2\">08.09.2026<\/td><td class=\"column-3\">jeden Dienstag und Donnerstag<\/td><td class=\"column-4\">18:00 - 20:15 Uhr<\/td>\n<\/tr>\n<tr class=\"row-8\">\n\t<td class=\"column-1\">Oktober 2026<\/td><td class=\"column-2\">06.10.2026<\/td><td class=\"column-3\">jeden Dienstag und Donnerstag<\/td><td class=\"column-4\">18:00 - 20:15 Uhr<\/td>\n<\/tr>\n<tr class=\"row-9\">\n\t<td class=\"column-1\">November 2026<\/td><td class=\"column-2\">03.11.2026<\/td><td class=\"column-3\">jeden Dienstag und Donnerstag<\/td><td class=\"column-4\">18:00 - 20:15 Uhr<\/td>\n<\/tr>\n<tr class=\"row-10\">\n\t<td class=\"column-1\">Dezember 2026<\/td><td class=\"column-2\">01.12.2026<\/td><td class=\"column-3\">jeden Dienstag und Donnerstag<\/td><td class=\"column-4\">18:00 - 20:15 Uhr<\/td>\n<\/tr>\n<tr class=\"row-11\">\n\t<td class=\"column-1\">Januar 2027<\/td><td class=\"column-2\">05.01.2027<\/td><td class=\"column-3\">jeden Dienstag und Donnerstag<\/td><td class=\"column-4\">18:00 - 20:15 Uhr<\/td>\n<\/tr>\n<tr class=\"row-12\">\n\t<td class=\"column-1\">Februar 2027<\/td><td class=\"column-2\">02.02.2027<\/td><td class=\"column-3\">jeden Dienstag und Donnerstag<\/td><td class=\"column-4\">18:00 - 20:15 Uhr<\/td>\n<\/tr>\n<tr class=\"row-13\">\n\t<td class=\"column-1\">M\u00e4rz 2027<\/td><td class=\"column-2\">02.03.2027<\/td><td class=\"column-3\">jeden Dienstag und Donnerstag<\/td><td class=\"column-4\">18:00 - 20:15 Uhr<\/td>\n<\/tr>\n<\/tbody>\n<\/table>\n<!-- #tablepress-45 from cache -->[\/vc_column_text][vc_column_text]<a class=\"whyaweb-anmeldung\" href=\"#\">Iscriviti ora!<\/a>[\/vc_column_text][\/vc_column][\/vc_row][vc_row css=&#8221;.vc_custom_1490187197195{padding-top: 40px !important;padding-bottom: 40px !important;}&#8221;][vc_column][vc_column_text]<\/p>\n<h2>Corso 2:<\/h2>\n<p>Durata del corso: 12 settimane<br \/>\nPrezzo del Corso 2: <strong>279\u20ac<\/strong><\/p>\n<p>Livello: A1, A2, B1, B2, C1, C2<\/p>\n<h2>Date di inizio del Corso 2:<\/h2>\n<p>[table \u201c46\u201d not found \/]<br \/>\n[\/vc_column_text][vc_column_text]<a class=\"whyaweb-anmeldung\" href=\"#\">Iscriviti ora!<\/a>[\/vc_column_text][\/vc_column][\/vc_row][vc_row full_width=&#8221;stretch_row&#8221; css=&#8221;.vc_custom_1490187325723{padding-top: 40px !important;padding-bottom: 40px !important;background-color: #f9f9f9 !important;}&#8221;][vc_column][vc_column_text]<\/p>\n<h2>I nostri corsi di gruppo nella Sprachschule Aktiv a Ratisbona<\/h2>\n<p>Studia in maniera rilassata e divertente nei nostri corsi di gruppo di tedesco convenienti! Questi corsi sono particolarmente adatti per te se lavori o se per altri motivi non hai molto tempo.<\/p>\n<p>I nostri corsi di gruppo vengono organizzati appositamente con un numero limitato di partecipanti e hanno luogo gi\u00e0 a partire da un numero minimo di 3 iscritti: in questo modo \u00e8 possibile infatti garantire uno studio efficace e personalizzato.<\/p>\n<h2>Trova con noi il corso serale di tedesco adatto<\/h2>\n<p>I nostri corsi di tedesco di gruppo hanno luogo regolarmente per tutti i livelli linguistici (secondo il Quadro Comune Europeo di Riferimento per le lingue).<\/p>\n<p>Nel caso tu abbia gi\u00e0 studiato il tedesco ma non conosca ancora il tuo livello esatto, puoi svolgere il nostro test di livello gratuito e senza impegno. Tra i nostri corsi flessibili troveremo quello che fa per te. Se lo desideri, puoi anche contattarci per una lezione di prova gratuita.[\/vc_column_text][\/vc_column][\/vc_row][vc_row full_width=&#8221;stretch_row&#8221; equal_height=&#8221;yes&#8221; content_placement=&#8221;middle&#8221; tc_enable_overlay=&#8221;true&#8221; css=&#8221;.vc_custom_1480401715002{padding-top: 30px !important;padding-bottom: 30px !important;}&#8221; el_class=&#8221;action-box m-b-none theme-bg-color&#8221;][vc_column width=&#8221;2\/3&#8243;][vc_column_text]<\/p>\n<h3 class=\"text-white\">Sei interessato ai nostri corsi serali di tedesco?<\/h3>\n<p class=\"text-white\">Iscriviti alla nostra scuola di lingue e impara il tedesco in modo semplice e veloce.<\/p>\n<p>[\/vc_column_text][\/vc_column][vc_column width=&#8221;1\/3&#8243; css=&#8221;.vc_custom_1481804430561{padding-top: 15px !important;}&#8221; el_class=&#8221;text-right&#8221;][vc_column_text]<a class=\"whyaweb-anmeldung\" href=\"#\">Studiare il tedesco ora!<\/a>[\/vc_column_text][\/vc_column][\/vc_row]<\/p>\n","protected":false},"excerpt":{"rendered":"<p>[vc_row css=&#8221;.vc_custom_1490186906010{padding-top: 40px !important;}&#8221;][vc_column][vc_column_text] Corsi serali di tedesco a Ratisbona Corsi di lingua per principianti e studenti con livello avanzato: dall\u2019A1 al C2 [\/vc_column_text][\/vc_column][\/vc_row][vc_row full_width=&#8221;stretch_row&#8221; css=&#8221;.vc_custom_1490187057605{padding-top: 40px !important;padding-bottom: 40px !important;background-color: #f9f9f9 !important;}&#8221;][vc_column][vc_column_text] Informazioni generali sui nostri corsi serali per tutti i livelli linguistici: Corsi di lingua per principianti e studenti che possiedono gi\u00e0 un livello&hellip; <a class=\"read-more\" href=\"https:\/\/www.sprachschule-aktiv-regensburg.de\/it\/corsi-di-tedesco\/corsi-serali-tedesco\/\" title=\"Read Corsi serali di tedesco a Ratisbona. Corsi di lingua per principianti e studenti con livello avanzato: dall\u2019A1 al C2\">Read more &raquo;<\/a><\/p>\n","protected":false},"author":2,"featured_media":0,"parent":7598,"menu_order":0,"comment_status":"closed","ping_status":"closed","template":"","meta":{"footnotes":""},"class_list":["post-7622","page","type-page","status-publish","hentry"],"yoast_head":"<!-- This site is optimized with the Yoast SEO plugin v27.1.1 - https:\/\/yoast.com\/product\/yoast-seo-wordpress\/ -->\n<title>Corsi serali di tedesco a Ratisbona<\/title>\n<meta name=\"description\" content=\"Corsi serali di tedesco a Ratisbona per principianti e avanzati da A1 a C2. 12 settimane di corso di tedesco a soli 279 \u20ac.\" \/>\n<meta name=\"robots\" content=\"index, follow, max-snippet:-1, max-image-preview:large, max-video-preview:-1\" \/>\n<link rel=\"canonical\" href=\"https:\/\/www.sprachschule-aktiv-regensburg.de\/it\/corsi-di-tedesco\/corsi-serali-tedesco\/\" \/>\n<meta property=\"og:locale\" content=\"it_IT\" \/>\n<meta property=\"og:type\" content=\"article\" \/>\n<meta property=\"og:title\" content=\"Corsi serali di tedesco a Ratisbona\" \/>\n<meta property=\"og:description\" content=\"Corsi serali di tedesco a Ratisbona per principianti e avanzati da A1 a C2. 12 settimane di corso di tedesco a soli 279 \u20ac.\" \/>\n<meta property=\"og:url\" content=\"https:\/\/www.sprachschule-aktiv-regensburg.de\/it\/corsi-di-tedesco\/corsi-serali-tedesco\/\" \/>\n<meta property=\"og:site_name\" content=\"Sprachschule Aktiv Regensburg\" \/>\n<meta property=\"article:modified_time\" content=\"2026-03-15T08:44:39+00:00\" \/>\n<meta name=\"twitter:card\" content=\"summary_large_image\" \/>\n<meta name=\"twitter:label1\" content=\"Tempo di lettura stimato\" \/>\n\t<meta name=\"twitter:data1\" content=\"3 minuti\" \/>\n<script type=\"application\/ld+json\" class=\"yoast-schema-graph\">{\"@context\":\"https:\/\/schema.org\",\"@graph\":[{\"@type\":\"WebPage\",\"@id\":\"https:\/\/www.sprachschule-aktiv-regensburg.de\/it\/corsi-di-tedesco\/corsi-serali-tedesco\/\",\"url\":\"https:\/\/www.sprachschule-aktiv-regensburg.de\/it\/corsi-di-tedesco\/corsi-serali-tedesco\/\",\"name\":\"Corsi serali di tedesco a Ratisbona\",\"isPartOf\":{\"@id\":\"https:\/\/www.sprachschule-aktiv-regensburg.de\/#website\"},\"datePublished\":\"2015-11-30T12:11:56+00:00\",\"dateModified\":\"2026-03-15T08:44:39+00:00\",\"description\":\"Corsi serali di tedesco a Ratisbona per principianti e avanzati da A1 a C2. 12 settimane di corso di tedesco a soli 279 \u20ac.\",\"breadcrumb\":{\"@id\":\"https:\/\/www.sprachschule-aktiv-regensburg.de\/it\/corsi-di-tedesco\/corsi-serali-tedesco\/#breadcrumb\"},\"inLanguage\":\"it-IT\",\"potentialAction\":[{\"@type\":\"ReadAction\",\"target\":[\"https:\/\/www.sprachschule-aktiv-regensburg.de\/it\/corsi-di-tedesco\/corsi-serali-tedesco\/\"]}]},{\"@type\":\"BreadcrumbList\",\"@id\":\"https:\/\/www.sprachschule-aktiv-regensburg.de\/it\/corsi-di-tedesco\/corsi-serali-tedesco\/#breadcrumb\",\"itemListElement\":[{\"@type\":\"ListItem\",\"position\":1,\"name\":\"Home\",\"item\":\"https:\/\/www.sprachschule-aktiv-regensburg.de\/it\/\"},{\"@type\":\"ListItem\",\"position\":2,\"name\":\"Studiare il tedesco a Ratisbona \u2013 Corsi di tedesco \u2013 Scuola di lingue\",\"item\":\"https:\/\/www.sprachschule-aktiv-regensburg.de\/it\/corsi-di-tedesco\/\"},{\"@type\":\"ListItem\",\"position\":3,\"name\":\"Corsi serali di tedesco a Ratisbona. Corsi di lingua per principianti e studenti con livello avanzato: dall\u2019A1 al C2\"}]},{\"@type\":\"WebSite\",\"@id\":\"https:\/\/www.sprachschule-aktiv-regensburg.de\/#website\",\"url\":\"https:\/\/www.sprachschule-aktiv-regensburg.de\/\",\"name\":\"Sprachschule Aktiv Regensburg\",\"description\":\"\",\"potentialAction\":[{\"@type\":\"SearchAction\",\"target\":{\"@type\":\"EntryPoint\",\"urlTemplate\":\"https:\/\/www.sprachschule-aktiv-regensburg.de\/?s={search_term_string}\"},\"query-input\":{\"@type\":\"PropertyValueSpecification\",\"valueRequired\":true,\"valueName\":\"search_term_string\"}}],\"inLanguage\":\"it-IT\"}]}<\/script>\n<!-- \/ Yoast SEO plugin. -->","yoast_head_json":{"title":"Corsi serali di tedesco a Ratisbona","description":"Corsi serali di tedesco a Ratisbona per principianti e avanzati da A1 a C2. 12 settimane di corso di tedesco a soli 279 \u20ac.","robots":{"index":"index","follow":"follow","max-snippet":"max-snippet:-1","max-image-preview":"max-image-preview:large","max-video-preview":"max-video-preview:-1"},"canonical":"https:\/\/www.sprachschule-aktiv-regensburg.de\/it\/corsi-di-tedesco\/corsi-serali-tedesco\/","og_locale":"it_IT","og_type":"article","og_title":"Corsi serali di tedesco a Ratisbona","og_description":"Corsi serali di tedesco a Ratisbona per principianti e avanzati da A1 a C2. 12 settimane di corso di tedesco a soli 279 \u20ac.","og_url":"https:\/\/www.sprachschule-aktiv-regensburg.de\/it\/corsi-di-tedesco\/corsi-serali-tedesco\/","og_site_name":"Sprachschule Aktiv Regensburg","article_modified_time":"2026-03-15T08:44:39+00:00","twitter_card":"summary_large_image","twitter_misc":{"Tempo di lettura stimato":"3 minuti"},"schema":{"@context":"https:\/\/schema.org","@graph":[{"@type":"WebPage","@id":"https:\/\/www.sprachschule-aktiv-regensburg.de\/it\/corsi-di-tedesco\/corsi-serali-tedesco\/","url":"https:\/\/www.sprachschule-aktiv-regensburg.de\/it\/corsi-di-tedesco\/corsi-serali-tedesco\/","name":"Corsi serali di tedesco a Ratisbona","isPartOf":{"@id":"https:\/\/www.sprachschule-aktiv-regensburg.de\/#website"},"datePublished":"2015-11-30T12:11:56+00:00","dateModified":"2026-03-15T08:44:39+00:00","description":"Corsi serali di tedesco a Ratisbona per principianti e avanzati da A1 a C2. 12 settimane di corso di tedesco a soli 279 \u20ac.","breadcrumb":{"@id":"https:\/\/www.sprachschule-aktiv-regensburg.de\/it\/corsi-di-tedesco\/corsi-serali-tedesco\/#breadcrumb"},"inLanguage":"it-IT","potentialAction":[{"@type":"ReadAction","target":["https:\/\/www.sprachschule-aktiv-regensburg.de\/it\/corsi-di-tedesco\/corsi-serali-tedesco\/"]}]},{"@type":"BreadcrumbList","@id":"https:\/\/www.sprachschule-aktiv-regensburg.de\/it\/corsi-di-tedesco\/corsi-serali-tedesco\/#breadcrumb","itemListElement":[{"@type":"ListItem","position":1,"name":"Home","item":"https:\/\/www.sprachschule-aktiv-regensburg.de\/it\/"},{"@type":"ListItem","position":2,"name":"Studiare il tedesco a Ratisbona \u2013 Corsi di tedesco \u2013 Scuola di lingue","item":"https:\/\/www.sprachschule-aktiv-regensburg.de\/it\/corsi-di-tedesco\/"},{"@type":"ListItem","position":3,"name":"Corsi serali di tedesco a Ratisbona. Corsi di lingua per principianti e studenti con livello avanzato: dall\u2019A1 al C2"}]},{"@type":"WebSite","@id":"https:\/\/www.sprachschule-aktiv-regensburg.de\/#website","url":"https:\/\/www.sprachschule-aktiv-regensburg.de\/","name":"Sprachschule Aktiv Regensburg","description":"","potentialAction":[{"@type":"SearchAction","target":{"@type":"EntryPoint","urlTemplate":"https:\/\/www.sprachschule-aktiv-regensburg.de\/?s={search_term_string}"},"query-input":{"@type":"PropertyValueSpecification","valueRequired":true,"valueName":"search_term_string"}}],"inLanguage":"it-IT"}]}},"_links":{"self":[{"href":"https:\/\/www.sprachschule-aktiv-regensburg.de\/it\/wp-json\/wp\/v2\/pages\/7622","targetHints":{"allow":["GET"]}}],"collection":[{"href":"https:\/\/www.sprachschule-aktiv-regensburg.de\/it\/wp-json\/wp\/v2\/pages"}],"about":[{"href":"https:\/\/www.sprachschule-aktiv-regensburg.de\/it\/wp-json\/wp\/v2\/types\/page"}],"author":[{"embeddable":true,"href":"https:\/\/www.sprachschule-aktiv-regensburg.de\/it\/wp-json\/wp\/v2\/users\/2"}],"replies":[{"embeddable":true,"href":"https:\/\/www.sprachschule-aktiv-regensburg.de\/it\/wp-json\/wp\/v2\/comments?post=7622"}],"version-history":[{"count":8,"href":"https:\/\/www.sprachschule-aktiv-regensburg.de\/it\/wp-json\/wp\/v2\/pages\/7622\/revisions"}],"predecessor-version":[{"id":11609,"href":"https:\/\/www.sprachschule-aktiv-regensburg.de\/it\/wp-json\/wp\/v2\/pages\/7622\/revisions\/11609"}],"up":[{"embeddable":true,"href":"https:\/\/www.sprachschule-aktiv-regensburg.de\/it\/wp-json\/wp\/v2\/pages\/7598"}],"wp:attachment":[{"href":"https:\/\/www.sprachschule-aktiv-regensburg.de\/it\/wp-json\/wp\/v2\/media?parent=7622"}],"curies":[{"name":"wp","href":"https:\/\/api.w.org\/{rel}","templated":true}]}}