{"id":7598,"date":"2015-11-30T11:45:22","date_gmt":"2015-11-30T11:45:22","guid":{"rendered":"https:\/\/www.sprachschule-aktiv-regensburg.de\/deutschkurse\/"},"modified":"2022-08-25T04:37:54","modified_gmt":"2022-08-25T04:37:54","slug":"corsi-di-tedesco","status":"publish","type":"page","link":"https:\/\/www.sprachschule-aktiv-regensburg.de\/it\/corsi-di-tedesco\/","title":{"rendered":"Studiare il tedesco a Ratisbona \u2013 Corsi di tedesco \u2013 Scuola di lingue"},"content":{"rendered":"<p>[vc_row css=&#8221;.vc_custom_1490187563164{padding-top: 40px !important;}&#8221;][vc_column][vc_column_text]<\/p>\n<h1>Studiare il tedesco a Ratisbona \u2013 Corsi di tedesco \u2013 Scuola di lingue<\/h1>\n<p>[\/vc_column_text][\/vc_column][\/vc_row][vc_row css=&#8221;.vc_custom_1490187587663{padding-bottom: 40px !important;}&#8221;][vc_column][vc_column_text]La nostra scuola di lingue a Ratisbona si impegna ad offrire una vasta gamma di corsi per principianti e studenti con livello linguistico avanzato provenienti da tutto il mondo. Non c\u2019\u00e8 modo migliore di imparare una lingua straniera se non nel Paese in cui viene parlata. Studiare il tedesco in Germania \u00e8 il metodo pi\u00f9 veloce ed efficace per acquisire delle nuove competenze linguistiche o per migliorare il proprio tedesco in poco tempo. Studia il tedesco a Ratisbona in piccoli gruppi. Offriamo corsi di tedesco dal livello A1 al livello C2 con una lezione di prova gratuita![\/vc_column_text][vc_btn title=&#8221;Contattaci ora!&#8221; shape=&#8221;square&#8221; color=&#8221;turquoise&#8221; size=&#8221;lg&#8221; link=&#8221;url:https%3A%2F%2Fwww.sprachschule-aktiv-regensburg.de%2Fit%2Fcontattaci%2F|||&#8221;][\/vc_column][\/vc_row][vc_row full_width=&#8221;stretch_row&#8221; css=&#8221;.vc_custom_1490187665933{padding-top: 40px !important;padding-bottom: 40px !important;background-color: #f9f9f9 !important;}&#8221;][vc_column][vc_column_text]<\/p>\n<h2>Corsi di tedesco a Ratisbona \u2013 la nostra offerta:<\/h2>\n<p>Corso serale, lezioni private o corso intensivo \u2013 da noi potrai trovare sicuramente il corso di tedesco adatto a te.<\/p>\n<p>Puoi scegliere tra diverse opzioni che offriamo:<\/p>\n<ul>\n<li><a href=\"https:\/\/www.sprachschule-aktiv-regensburg.de\/it\/corsi-di-tedesco\/corsi-intensivo-tedesco\/\">Corsi intensivi di tedesco: tutti i giorni dal luned\u00ec al venerd\u00ec<\/a><\/li>\n<li><a href=\"\/it\/corsi-serali-tedesco\/\">Corsi serali di tedesco: una volta alla settimana<\/a><\/li>\n<li>Lezioni private di tedesco<\/li>\n<li><a href=\"https:\/\/www.sprachschule-aktiv-regensburg.de\/it\/centro-esame-telc\/\">Centro d\u2019esame TELC e corsi di preparazione all\u2019esame<\/a><\/li>\n<li>Corso di tedesco con visto<\/li>\n<li><a href=\"https:\/\/www.sprachschule-aktiv-regensburg.de\/it\/corsi-di-tedesco\/corso-tedesco-e-tirocinio\/\">Corso di tedesco con tirocinio<\/a><\/li>\n<li><a href=\"https:\/\/www.sprachschule-aktiv-regensburg.de\/it\/corsi-di-tedesco\/corsi-tedesco-alloggio\/\">Corso di tedesco con alloggio<\/a><\/li>\n<li><a href=\"\/it\/tutto-su-ratisbona\/\">Tutto su Ratisbona<\/a><\/li>\n<\/ul>\n<h2>Corsi di tedesco in piccole classi con un numero massimo di 9 partecipanti<\/h2>\n<p>Chi vuole studiare il tedesco come lingua straniera pu\u00f2 trovare quello che fa al caso suo presso la nostra scuola di lingue. La nostra esperienza pluriennale e il nostro personale particolarmente esperto ci hanno permesso di sviluppare un sistema grazie al quale chiunque sia pronto ad imparare riesce ad orientarsi molto velocemente nella giungla della grammatica tedesca, dei vocaboli, dei tempi, e delle regole. Garantiamo ai nostri studenti che non solo riceveranno lezioni senza eccezione da insegnanti di tedesco qualificati, ma anche che a queste lezioni parteciper\u00e0 naturalmente solo un numero ridotto di studenti. In un piccolo gruppo, infatti, \u00e8 pi\u00f9 semplice l\u2019interazione tra i partecipanti, e solo cos\u00ec \u00e8 possibile imparare in modo intensivo e allo stesso tempo divertente. Questo vale sia per i corsi rivolti ai principianti, sia per quelli destinati agli studenti di tedesco che hanno gi\u00e0 raggiunto un livello pi\u00f9 avanzato.<\/p>\n<p><img decoding=\"async\" class=\"alignnone wp-image-6311 size-medium\" title=\"Corsi di tedesco in piccole classi con un numero massimo di 9 partecipanti\" src=\"https:\/\/www.sprachschule-aktiv-regensburg.de\/wp-content\/uploads\/2016\/01\/niederlendisch-lernen-in-regensburg-300x200.jpg\" alt=\"Corsi di tedesco in piccole classi con un numero massimo di 9 partecipanti\" width=\"300\" height=\"200\" srcset=\"https:\/\/www.sprachschule-aktiv-regensburg.de\/wp-content\/uploads\/2016\/01\/niederlendisch-lernen-in-regensburg-300x200.jpg 300w, https:\/\/www.sprachschule-aktiv-regensburg.de\/wp-content\/uploads\/2016\/01\/niederlendisch-lernen-in-regensburg.jpg 700w\" sizes=\"(max-width: 300px) 100vw, 300px\" \/>[\/vc_column_text][\/vc_column][\/vc_row][vc_row css=&#8221;.vc_custom_1490187982828{padding-top: 40px !important;padding-bottom: 40px !important;}&#8221;][vc_column][vc_column_text]<\/p>\n<h2>Corsi di tedesco per principianti e studenti di livello linguistico avanzato: A1, A2, B1, B2, C1 e C2<\/h2>\n<p>I corsi che offriamo partono dal livello A1 per principianti, passano per il livello intermedio B1, e arrivano fino al livello avanzato C2. Puoi trovare il corso del livello pi\u00f9 adatto a te e, oltre a questo, puoi scegliere tra diverse tematiche, come ad esempio un corso di lingua tedesca per l\u2019impresa, un corso di tedesco per l\u2019ambito economico o un corso di preparazione per un esame di lingua tedesca.<\/p>\n<p>Nella Sprachschule Aktiv Regensburg troverai sempre il corso di tedesco adatto, sia che tu debba iniziare da zero, sia che tu conosca gi\u00e0 un po\u2019 di tedesco, sia che tu voglia solamente perfezionare le tue competenze linguistiche. Se non conosci con sicurezza il tuo livello linguistico, puoi svolgere un test di livello completamente gratuito, in modo da permetterci di consigliarti poi il corso adeguato per te.<\/p>\n<p>Da noi \u00e8 possibile studiare il tedesco focalizzandosi su determinate tematiche senza problemi: offriamo infatti corsi di tedesco per l\u2019impresa (Business Deutsch), di tedesco per l\u2019ambito economico o di tedesco per l\u2019ambito medico. Inoltre organizziamo anche dei corsi di tedesco che preparano a vari esami, per esempio per conseguire il \u201cDeutsche Sprachdiplom\u201d, le certificazioni TELC, DTZ o ancora il TestDaf o il DSH.<\/p>\n<p>Nella nostra scuola di lingue potrai quindi trovare l\u2019offerta adatta a te, qualsiasi sia lo scopo che tu vuoi perseguire frequentando un corso di tedesco!<\/p>\n<h2>Studiare il tedesco a Ratisbona con alloggio e tempo libero<\/h2>\n<p>Un viaggio studio per imparare una lingua straniera ti permette di studiare il tedesco in Germania e comprende le lezioni di tedesco e l\u2019alloggio. Se desideri frequentare un corso di tedesco a Ratisbona, noi ti aiutiamo volentieri a trovare un alloggio. Siamo in contatto con molte famiglie ospitanti che saranno felici di ospitarti. Questa \u00e8 la migliore opportunit\u00e0 per vivere a diretto contatto con la lingua e le abitudini tedesche. Se tuttavia desideri vivere da solo, ti aiutiamo a trovare alloggio presso un ostello o un hotel \u2013 saremo sempre al tuo fianco durante il viaggio studio.<\/p>\n<p>Nell\u2019ambito di un simile viaggio studio a Ratisbona, la nostra scuola organizza molte gite e offre un ampio spettro di attivit\u00e0 per il tempo libero. In questo modo potrai comodamente studiare la lingua tedesca e scoprire la citt\u00e0 di Ratisbona, senza dover preoccuparti dei dettagli di organizzazione. Visitaci nella nostra Sprachschule Aktiv Regensburg e vivi un\u2019indimenticabile esperienza![\/vc_column_text][\/vc_column][\/vc_row][vc_row full_width=&#8221;stretch_row&#8221; equal_height=&#8221;yes&#8221; content_placement=&#8221;middle&#8221; tc_enable_overlay=&#8221;true&#8221; css=&#8221;.vc_custom_1480401715002{padding-top: 30px !important;padding-bottom: 30px !important;}&#8221; el_class=&#8221;action-box m-b-none theme-bg-color&#8221;][vc_column width=&#8221;2\/3&#8243;][vc_column_text]<\/p>\n<h3 class=\"text-white\">Sei interessato ai nostri corsi di tedesco?<\/h3>\n<p class=\"text-white\">Iscriviti alla nostra scuola di lingue e impara il tedesco in modo semplice e veloce.<\/p>\n<p>[\/vc_column_text][\/vc_column][vc_column width=&#8221;1\/3&#8243; css=&#8221;.vc_custom_1481804430561{padding-top: 15px !important;}&#8221; el_class=&#8221;text-right&#8221;]\t<div class=\"vc_btn3-container vc_btn3-inline\">\n\t\t<a href=\"http:\/\/www.sprachschule-aktiv-regensburg.de\/it\/modulo-di-registrazione\/\" class=\"pgs_btn pgs_btn_style_2 pgs_btn_lg\">\n\t\t\t<span>\n\t\t\t\tStudiare il tedesco ora!\t\t\t<\/span>\n\t\t\t\t\t\t<i class=\"fa fa-chevron-right\"><\/i>\n\t\t\t\t\t<\/a>\n\t<\/div>\n\t[\/vc_column][\/vc_row]<\/p>\n","protected":false},"excerpt":{"rendered":"<p>[vc_row css=&#8221;.vc_custom_1490187563164{padding-top: 40px !important;}&#8221;][vc_column][vc_column_text] Studiare il tedesco a Ratisbona \u2013 Corsi di tedesco \u2013 Scuola di lingue [\/vc_column_text][\/vc_column][\/vc_row][vc_row css=&#8221;.vc_custom_1490187587663{padding-bottom: 40px !important;}&#8221;][vc_column][vc_column_text]La nostra scuola di lingue a Ratisbona si impegna ad offrire una vasta gamma di corsi per principianti e studenti con livello linguistico avanzato provenienti da tutto il mondo. Non c\u2019\u00e8 modo migliore di imparare&hellip; <a class=\"read-more\" href=\"https:\/\/www.sprachschule-aktiv-regensburg.de\/it\/corsi-di-tedesco\/\" title=\"Read Studiare il tedesco a Ratisbona \u2013 Corsi di tedesco \u2013 Scuola di lingue\">Read more &raquo;<\/a><\/p>\n","protected":false},"author":2,"featured_media":0,"parent":0,"menu_order":0,"comment_status":"closed","ping_status":"closed","template":"","meta":{"footnotes":""},"class_list":["post-7598","page","type-page","status-publish","hentry"],"yoast_head":"<!-- This site is optimized with the Yoast SEO plugin v27.1.1 - https:\/\/yoast.com\/product\/yoast-seo-wordpress\/ -->\n<title>Impara il tedesco a Ratisbona - da A1 a C2<\/title>\n<meta name=\"description\" content=\"Impara il tedesco a Ratisbona in corsi privati, online, serali e intensivi. Corsi di tedesco da A1 a C2. Scuola di lingue per il tedesco.\" \/>\n<meta name=\"robots\" content=\"index, follow, max-snippet:-1, max-image-preview:large, max-video-preview:-1\" \/>\n<link rel=\"canonical\" href=\"https:\/\/www.sprachschule-aktiv-regensburg.de\/it\/corsi-di-tedesco\/\" \/>\n<meta property=\"og:locale\" content=\"it_IT\" \/>\n<meta property=\"og:type\" content=\"article\" \/>\n<meta property=\"og:title\" content=\"Impara il tedesco a Ratisbona - da A1 a C2\" \/>\n<meta property=\"og:description\" content=\"Impara il tedesco a Ratisbona in corsi privati, online, serali e intensivi. Corsi di tedesco da A1 a C2. Scuola di lingue per il tedesco.\" \/>\n<meta property=\"og:url\" content=\"https:\/\/www.sprachschule-aktiv-regensburg.de\/it\/corsi-di-tedesco\/\" \/>\n<meta property=\"og:site_name\" content=\"Sprachschule Aktiv Regensburg\" \/>\n<meta property=\"article:modified_time\" content=\"2022-08-25T04:37:54+00:00\" \/>\n<meta property=\"og:image\" content=\"https:\/\/www.sprachschule-aktiv-regensburg.de\/wp-content\/uploads\/2016\/01\/niederlendisch-lernen-in-regensburg-300x200.jpg\" \/>\n<meta name=\"twitter:card\" content=\"summary_large_image\" \/>\n<meta name=\"twitter:label1\" content=\"Tempo di lettura stimato\" \/>\n\t<meta name=\"twitter:data1\" content=\"5 minuti\" \/>\n<script type=\"application\/ld+json\" class=\"yoast-schema-graph\">{\"@context\":\"https:\/\/schema.org\",\"@graph\":[{\"@type\":\"WebPage\",\"@id\":\"https:\/\/www.sprachschule-aktiv-regensburg.de\/it\/corsi-di-tedesco\/\",\"url\":\"https:\/\/www.sprachschule-aktiv-regensburg.de\/it\/corsi-di-tedesco\/\",\"name\":\"Impara il tedesco a Ratisbona - da A1 a C2\",\"isPartOf\":{\"@id\":\"https:\/\/www.sprachschule-aktiv-regensburg.de\/#website\"},\"primaryImageOfPage\":{\"@id\":\"https:\/\/www.sprachschule-aktiv-regensburg.de\/it\/corsi-di-tedesco\/#primaryimage\"},\"image\":{\"@id\":\"https:\/\/www.sprachschule-aktiv-regensburg.de\/it\/corsi-di-tedesco\/#primaryimage\"},\"thumbnailUrl\":\"https:\/\/www.sprachschule-aktiv-regensburg.de\/wp-content\/uploads\/2016\/01\/niederlendisch-lernen-in-regensburg-300x200.jpg\",\"datePublished\":\"2015-11-30T11:45:22+00:00\",\"dateModified\":\"2022-08-25T04:37:54+00:00\",\"description\":\"Impara il tedesco a Ratisbona in corsi privati, online, serali e intensivi. Corsi di tedesco da A1 a C2. Scuola di lingue per il tedesco.\",\"breadcrumb\":{\"@id\":\"https:\/\/www.sprachschule-aktiv-regensburg.de\/it\/corsi-di-tedesco\/#breadcrumb\"},\"inLanguage\":\"it-IT\",\"potentialAction\":[{\"@type\":\"ReadAction\",\"target\":[\"https:\/\/www.sprachschule-aktiv-regensburg.de\/it\/corsi-di-tedesco\/\"]}]},{\"@type\":\"ImageObject\",\"inLanguage\":\"it-IT\",\"@id\":\"https:\/\/www.sprachschule-aktiv-regensburg.de\/it\/corsi-di-tedesco\/#primaryimage\",\"url\":\"https:\/\/www.sprachschule-aktiv-regensburg.de\/wp-content\/uploads\/2016\/01\/niederlendisch-lernen-in-regensburg-300x200.jpg\",\"contentUrl\":\"https:\/\/www.sprachschule-aktiv-regensburg.de\/wp-content\/uploads\/2016\/01\/niederlendisch-lernen-in-regensburg-300x200.jpg\"},{\"@type\":\"BreadcrumbList\",\"@id\":\"https:\/\/www.sprachschule-aktiv-regensburg.de\/it\/corsi-di-tedesco\/#breadcrumb\",\"itemListElement\":[{\"@type\":\"ListItem\",\"position\":1,\"name\":\"Home\",\"item\":\"https:\/\/www.sprachschule-aktiv-regensburg.de\/it\/\"},{\"@type\":\"ListItem\",\"position\":2,\"name\":\"Studiare il tedesco a Ratisbona \u2013 Corsi di tedesco \u2013 Scuola di lingue\"}]},{\"@type\":\"WebSite\",\"@id\":\"https:\/\/www.sprachschule-aktiv-regensburg.de\/#website\",\"url\":\"https:\/\/www.sprachschule-aktiv-regensburg.de\/\",\"name\":\"Sprachschule Aktiv Regensburg\",\"description\":\"\",\"potentialAction\":[{\"@type\":\"SearchAction\",\"target\":{\"@type\":\"EntryPoint\",\"urlTemplate\":\"https:\/\/www.sprachschule-aktiv-regensburg.de\/?s={search_term_string}\"},\"query-input\":{\"@type\":\"PropertyValueSpecification\",\"valueRequired\":true,\"valueName\":\"search_term_string\"}}],\"inLanguage\":\"it-IT\"}]}<\/script>\n<!-- \/ Yoast SEO plugin. -->","yoast_head_json":{"title":"Impara il tedesco a Ratisbona - da A1 a C2","description":"Impara il tedesco a Ratisbona in corsi privati, online, serali e intensivi. Corsi di tedesco da A1 a C2. Scuola di lingue per il tedesco.","robots":{"index":"index","follow":"follow","max-snippet":"max-snippet:-1","max-image-preview":"max-image-preview:large","max-video-preview":"max-video-preview:-1"},"canonical":"https:\/\/www.sprachschule-aktiv-regensburg.de\/it\/corsi-di-tedesco\/","og_locale":"it_IT","og_type":"article","og_title":"Impara il tedesco a Ratisbona - da A1 a C2","og_description":"Impara il tedesco a Ratisbona in corsi privati, online, serali e intensivi. Corsi di tedesco da A1 a C2. Scuola di lingue per il tedesco.","og_url":"https:\/\/www.sprachschule-aktiv-regensburg.de\/it\/corsi-di-tedesco\/","og_site_name":"Sprachschule Aktiv Regensburg","article_modified_time":"2022-08-25T04:37:54+00:00","og_image":[{"url":"https:\/\/www.sprachschule-aktiv-regensburg.de\/wp-content\/uploads\/2016\/01\/niederlendisch-lernen-in-regensburg-300x200.jpg","type":"","width":"","height":""}],"twitter_card":"summary_large_image","twitter_misc":{"Tempo di lettura stimato":"5 minuti"},"schema":{"@context":"https:\/\/schema.org","@graph":[{"@type":"WebPage","@id":"https:\/\/www.sprachschule-aktiv-regensburg.de\/it\/corsi-di-tedesco\/","url":"https:\/\/www.sprachschule-aktiv-regensburg.de\/it\/corsi-di-tedesco\/","name":"Impara il tedesco a Ratisbona - da A1 a C2","isPartOf":{"@id":"https:\/\/www.sprachschule-aktiv-regensburg.de\/#website"},"primaryImageOfPage":{"@id":"https:\/\/www.sprachschule-aktiv-regensburg.de\/it\/corsi-di-tedesco\/#primaryimage"},"image":{"@id":"https:\/\/www.sprachschule-aktiv-regensburg.de\/it\/corsi-di-tedesco\/#primaryimage"},"thumbnailUrl":"https:\/\/www.sprachschule-aktiv-regensburg.de\/wp-content\/uploads\/2016\/01\/niederlendisch-lernen-in-regensburg-300x200.jpg","datePublished":"2015-11-30T11:45:22+00:00","dateModified":"2022-08-25T04:37:54+00:00","description":"Impara il tedesco a Ratisbona in corsi privati, online, serali e intensivi. Corsi di tedesco da A1 a C2. Scuola di lingue per il tedesco.","breadcrumb":{"@id":"https:\/\/www.sprachschule-aktiv-regensburg.de\/it\/corsi-di-tedesco\/#breadcrumb"},"inLanguage":"it-IT","potentialAction":[{"@type":"ReadAction","target":["https:\/\/www.sprachschule-aktiv-regensburg.de\/it\/corsi-di-tedesco\/"]}]},{"@type":"ImageObject","inLanguage":"it-IT","@id":"https:\/\/www.sprachschule-aktiv-regensburg.de\/it\/corsi-di-tedesco\/#primaryimage","url":"https:\/\/www.sprachschule-aktiv-regensburg.de\/wp-content\/uploads\/2016\/01\/niederlendisch-lernen-in-regensburg-300x200.jpg","contentUrl":"https:\/\/www.sprachschule-aktiv-regensburg.de\/wp-content\/uploads\/2016\/01\/niederlendisch-lernen-in-regensburg-300x200.jpg"},{"@type":"BreadcrumbList","@id":"https:\/\/www.sprachschule-aktiv-regensburg.de\/it\/corsi-di-tedesco\/#breadcrumb","itemListElement":[{"@type":"ListItem","position":1,"name":"Home","item":"https:\/\/www.sprachschule-aktiv-regensburg.de\/it\/"},{"@type":"ListItem","position":2,"name":"Studiare il tedesco a Ratisbona \u2013 Corsi di tedesco \u2013 Scuola di lingue"}]},{"@type":"WebSite","@id":"https:\/\/www.sprachschule-aktiv-regensburg.de\/#website","url":"https:\/\/www.sprachschule-aktiv-regensburg.de\/","name":"Sprachschule Aktiv Regensburg","description":"","potentialAction":[{"@type":"SearchAction","target":{"@type":"EntryPoint","urlTemplate":"https:\/\/www.sprachschule-aktiv-regensburg.de\/?s={search_term_string}"},"query-input":{"@type":"PropertyValueSpecification","valueRequired":true,"valueName":"search_term_string"}}],"inLanguage":"it-IT"}]}},"_links":{"self":[{"href":"https:\/\/www.sprachschule-aktiv-regensburg.de\/it\/wp-json\/wp\/v2\/pages\/7598","targetHints":{"allow":["GET"]}}],"collection":[{"href":"https:\/\/www.sprachschule-aktiv-regensburg.de\/it\/wp-json\/wp\/v2\/pages"}],"about":[{"href":"https:\/\/www.sprachschule-aktiv-regensburg.de\/it\/wp-json\/wp\/v2\/types\/page"}],"author":[{"embeddable":true,"href":"https:\/\/www.sprachschule-aktiv-regensburg.de\/it\/wp-json\/wp\/v2\/users\/2"}],"replies":[{"embeddable":true,"href":"https:\/\/www.sprachschule-aktiv-regensburg.de\/it\/wp-json\/wp\/v2\/comments?post=7598"}],"version-history":[{"count":5,"href":"https:\/\/www.sprachschule-aktiv-regensburg.de\/it\/wp-json\/wp\/v2\/pages\/7598\/revisions"}],"predecessor-version":[{"id":7599,"href":"https:\/\/www.sprachschule-aktiv-regensburg.de\/it\/wp-json\/wp\/v2\/pages\/7598\/revisions\/7599"}],"wp:attachment":[{"href":"https:\/\/www.sprachschule-aktiv-regensburg.de\/it\/wp-json\/wp\/v2\/media?parent=7598"}],"curies":[{"name":"wp","href":"https:\/\/api.w.org\/{rel}","templated":true}]}}