{"id":5641,"date":"2013-05-31T08:44:43","date_gmt":"2013-05-31T08:44:43","guid":{"rendered":"https:\/\/www.sprachschule-aktiv-regensburg.de\/it\/home\/"},"modified":"2026-03-15T08:49:06","modified_gmt":"2026-03-15T08:49:06","slug":"home","status":"publish","type":"page","link":"https:\/\/www.sprachschule-aktiv-regensburg.de\/it\/","title":{"rendered":"Home"},"content":{"rendered":"<p>[vc_row full_width=&#8221;stretch_row_content_no_spaces&#8221;][vc_column][vc_single_image image=&#8221;9214&#8243; img_size=&#8221;full&#8221; alignment=&#8221;center&#8221;][\/vc_column][\/vc_row][vc_row css=&#8221;.vc_custom_1489569322649{padding-top: 30px !important;padding-bottom: 20px !important;}&#8221;][vc_column][vc_column_text]<\/p>\n<h1>Imparare tedesco a Ratisbona: corsi di tedesco per principianti ed esperti<\/h1>\n<p>La nostra scuola di lingue di tedesco a Ratisbona ha il compito di offrire a studenti di tutto il mondo una svariata offerta di corsi di tedesco per principianti ed esperti. Il modo migliore per imparare una lingua straniera \u00e8 stare nel Pese in cui viene parlata. Imparare tedesco a Ratisbona \u00e8 il metodo pi\u00f9 veloce ed efficace per acquisire nuove conoscenze linguistiche o migliorare il vostro tedesco in poco tempo.[\/vc_column_text][\/vc_column][\/vc_row][vc_row full_width=&#8221;stretch_row&#8221; css=&#8221;.vc_custom_1489569295748{padding-top: 40px !important;padding-bottom: 40px !important;background-color: #f9f9f9 !important;}&#8221;][vc_column][vc_column_text]<\/p>\n<h2>I nostri corsi di tedesco per A1, A2, B1, B2, C1<\/h2>\n<p>[\/vc_column_text][vc_row_inner][vc_column_inner width=&#8221;1\/2&#8243;][vc_video link=&#8221;https:\/\/www.youtube.com\/embed\/xOuc5QMA6iM&#8221;][\/vc_column_inner][vc_column_inner width=&#8221;1\/2&#8243;][vc_column_text]Orario delle lezioni, prezzi e inizio dei corsi:<\/p>\n<p>Corso intensivo di tedesco:<br \/>\n<strong>Date:<\/strong> da luned\u00ec a venerd\u00ec dalle 9,00 alle 12,00<br \/>\n<strong>Inizio del corso per principianti:<\/strong> sempre il primo luned\u00ec del mese<br \/>\n<strong>Inizio del corso avanzato:<\/strong> ogni luned\u00ec disponibile<br \/>\n<strong>Prezzi<\/strong>:<\/p>\n<ul>\n<li>1 settimana: 199.- \u20ac<\/li>\n<li>2 settimane: 349,- \u20ac<\/li>\n<li>3 settimane: 449,- \u20ac<\/li>\n<li>4 settimane ((al mese): 499,- \u20ac<\/li>\n<li>Se prenoti due mesi o pi\u00f9, paghi 449 \u20ac al mese.<\/li>\n<\/ul>\n<p>[\/vc_column_text][\/vc_column_inner][\/vc_row_inner][\/vc_column][\/vc_row][vc_row full_width=&#8221;stretch_row&#8221; equal_height=&#8221;yes&#8221; content_placement=&#8221;middle&#8221; tc_enable_overlay=&#8221;true&#8221; css=&#8221;.vc_custom_1489569764739{padding-top: 30px !important;padding-bottom: 30px !important;}&#8221; el_class=&#8221;action-box m-b-none theme-bg-color&#8221;][vc_column width=&#8221;2\/3&#8243; css=&#8221;.vc_custom_1489228440142{padding-right: 20px !important;}&#8221;][vc_column_text]<\/p>\n<h3 class=\"text-white\">Ti possiamo aiutare?<\/h3>\n<p class=\"text-white\">La nostra scuola di lingue di tedesco a Ratisbona ha il compito di offrire a studenti di tutto il mondo una svariata offerta di corsi di tedesco per principianti ed esperti.<\/p>\n<p>[\/vc_column_text][\/vc_column][vc_column width=&#8221;1\/3&#8243;][vc_column_text]<a class=\"whyaweb-kontakt\" href=\"#\">Contattaci!<\/a>[\/vc_column_text][\/vc_column][\/vc_row][vc_row css=&#8221;.vc_custom_1489569850167{padding-top: 40px !important;padding-bottom: 40px !important;}&#8221;][vc_column][vc_column_text]<\/p>\n<h2>Corsi di tedesco in piccoli gruppi massimo 7 partecipanti<\/h2>\n<p>Chi desidera imparare tedesco come lingua straniera, nella nostra scuola di lingue \u00e8 in buone mani. I nostri anni di esperienza e il nostro personale esperto hanno sviluppato un sistema, con cui chiunque \u00e8 disposto ad imparare, che \u00e8 la giungla della grammatica tedesca, il vocabolario, i tempi e le regole particolari.<br \/>\nNon solo garantiamo ai nostri studenti di apprendere, senza eccezione, da insegnanti formati, ma anche che queste lezioni si svolgano naturalmente solo in piccole classi, perch\u00e9 in un piccolo gruppo lo scambio \u00e8 pi\u00f9 semplice, solo cos\u00ec si pu\u00f2 apprendere in modo intensivo e giocoso allo stesso tempo.<br \/>\nQuesto vale per i corsi per principianti cos\u00ec come per gli studenti di tedesco a livello avanzato.<\/p>\n<h2>La nostra scuola di lingue di tedesco a Ratisbona<\/h2>\n<p>La nostra scuola di lingue di tedesco a Ratisbona si trova in una posizione molto centrale. Ci trovate a St. -Georgen-Platz 10 93047 Ratisbona. La nostra scuola di lingue di tedesco offre corsi A1 per i principianti, livello intermedio B1 fino al livello avanzato C2. Inoltre, potete scegliere diverse tematiche come per esempio un corso di tedesco commerciale, economico o un corso di tedesco in preparazione all\u2019esame.<\/p>\n<p>Non importa se incominciate da zero, se sapete dire qualcosa in tedesco o se desiderate solamente perfezionare le vostre conoscenze linguistiche. Presso la Sprachschule Aktiv Ratisbona trovate sempre il costo di tedesco adatto alle vostre esigenze. Se non siete sicuri del vostro livello linguistico, potete fare un test di valutazione completamente gratuito e noi vi consigliamo il corso adatto a voi.<\/p>\n<p>Se volete studiare tedesco approfondendo particolari temi, per noi non \u00e8 naturalmente un problema. Abbiamo corsi in cui per esempio potete imparare il tedesco commerciale (tedesco del business), tedesco economico o tedesco medico. Inoltre, organizziamo corsi di tedesco in preparazione agli esami, per esempio per raggiungere il \u201cDeutsche Sprachdiplom\u201d, i certificati TELC, DTZ o TestDaf\/DSH.<\/p>\n<p>Qualunque obiettivo vogliate raggiungere con un corso di tedesco \u2013 nella nostra scuola di lingue trovate sempre il corso di tedesco adatto alle vostre esigenze![\/vc_column_text][\/vc_column][\/vc_row][vc_row full_width=&#8221;stretch_row&#8221; css=&#8221;.vc_custom_1489569924832{padding-top: 40px !important;padding-bottom: 40px !important;background-color: #f9f9f9 !important;}&#8221;][vc_column][vc_column_text]<\/p>\n<h2>Imparare tedesco a Ratisbona con alloggio e tempo libero<\/h2>\n<p>Un viaggio linguistico significa che potete imparare tedesco direttamente in Germania e comprende le lezioni di tedesco e l\u2019alloggio. Se desiderate frequentare un corso di tedesco a Ratisbona presso di noi, vi aiutiamo volentieri a trovare un alloggio a Ratisbona. Abbiamo contatti con molte famiglie ospitanti che sono liete di ospitarvi. Questa \u00e8 la possibilit\u00e0 migliore per vivere a diretto contatto con la lingua e con le abitudini tedesche.<br \/>\nMa se desiderate vivere da soli, vi aiutiamo a trovare alloggio in un ostello \u2013 possiamo assistervi sempre durante il vostro soggiorno linguistico.<br \/>\nNel contesto di tale un corso di lingua a Ratisbona, organizziamo molte escursioni e offriamo una vasta gamma di attivit\u00e0 ricreative. Cos\u00ec, senza curarvi degli aspetti organizzativi, potete imparare comodamente tedesco e vivere a Ratisbona. Frequentate la nostra Sprachschule Aktiv a Ratisbona e fate un\u2019esperienza indimenticabile!<\/p>\n<h2>Dove siamo?<\/h2>\n<p>[\/vc_column_text][vc_gmaps link=&#8221;#E-8_JTNDaWZyYW1lJTIwc3R5bGUlM0QlMjJib3JkZXIlM0ElMjAwJTNCJTIyJTIwc3JjJTNEJTIyaHR0cHMlM0ElMkYlMkZ3d3cuZ29vZ2xlLmNvbSUyRm1hcHMlMkZlbWJlZCUzRnBiJTNEJTIxMW0xNCUyMTFtOCUyMTFtMyUyMTFkMTA0NjYuNzY4NzI0NzMwMTElMjEyZDEyLjA5NjQzMjIlMjEzZDQ5LjAxNjQ0MDklMjEzbTIlMjExaTEwMjQlMjEyaTc2OCUyMTRmMTMuMSUyMTNtMyUyMTFtMiUyMTFzMHgwJTI1M0EweDlkMDY4NmI0MzRiYjI2Y2YlMjEyc1NwcmFjaHNjaHVsZSUyQkFrdGl2JTJCUmVnZW5zYnVyZyUyMTVlMCUyMTNtMiUyMTFzZGUlMjEyc2RlJTIxNHYxNDUzODc5MDkzMDIxJTIyJTIwd2lkdGglM0QlMjIxMDAlMjUlMjIlMjBoZWlnaHQlM0QlMjIzMDAlMjIlMjBmcmFtZWJvcmRlciUzRCUyMjAlMjIlMjBhbGxvd2Z1bGxzY3JlZW4lM0QlMjJhbGxvd2Z1bGxzY3JlZW4lMjIlM0UlM0MlMkZpZnJhbWUlM0U=&#8221;][\/vc_column][\/vc_row]<\/p>\n","protected":false},"excerpt":{"rendered":"<p>[vc_row full_width=&#8221;stretch_row_content_no_spaces&#8221;][vc_column][vc_single_image image=&#8221;9214&#8243; img_size=&#8221;full&#8221; alignment=&#8221;center&#8221;][\/vc_column][\/vc_row][vc_row css=&#8221;.vc_custom_1489569322649{padding-top: 30px !important;padding-bottom: 20px !important;}&#8221;][vc_column][vc_column_text] Imparare tedesco a Ratisbona: corsi di tedesco per principianti ed esperti La nostra scuola di lingue di tedesco a Ratisbona ha il compito di offrire a studenti di tutto il mondo una svariata offerta di corsi di tedesco per principianti ed esperti. Il modo migliore&hellip; <a class=\"read-more\" href=\"https:\/\/www.sprachschule-aktiv-regensburg.de\/it\/\" title=\"Read Home\">Read more &raquo;<\/a><\/p>\n","protected":false},"author":2,"featured_media":0,"parent":0,"menu_order":0,"comment_status":"closed","ping_status":"closed","template":"templates\/page-vc_compatible.php","meta":{"footnotes":""},"class_list":["post-5641","page","type-page","status-publish","hentry"],"yoast_head":"<!-- This site is optimized with the Yoast SEO plugin v27.1.1 - https:\/\/yoast.com\/product\/yoast-seo-wordpress\/ -->\n<title>Imparare tedesco a Ratisbona: corsi di tedesco<\/title>\n<meta name=\"description\" content=\"La nostra scuola di lingue di tedesco a Ratisbona ha il compito di offrire a studenti di tutto il mondo una svariata offerta di corsi di tedesco.\" \/>\n<meta name=\"robots\" content=\"index, follow, max-snippet:-1, max-image-preview:large, max-video-preview:-1\" \/>\n<link rel=\"canonical\" href=\"https:\/\/www.sprachschule-aktiv-regensburg.de\/it\/\" \/>\n<meta property=\"og:locale\" content=\"it_IT\" \/>\n<meta property=\"og:type\" content=\"article\" \/>\n<meta property=\"og:title\" content=\"Imparare tedesco a Ratisbona: corsi di tedesco\" \/>\n<meta property=\"og:description\" content=\"La nostra scuola di lingue di tedesco a Ratisbona ha il compito di offrire a studenti di tutto il mondo una svariata offerta di corsi di tedesco.\" \/>\n<meta property=\"og:url\" content=\"https:\/\/www.sprachschule-aktiv-regensburg.de\/it\/\" \/>\n<meta property=\"og:site_name\" content=\"Sprachschule Aktiv Regensburg\" \/>\n<meta property=\"article:modified_time\" content=\"2026-03-15T08:49:06+00:00\" \/>\n<meta name=\"twitter:card\" content=\"summary_large_image\" \/>\n<meta name=\"twitter:label1\" content=\"Tempo di lettura stimato\" \/>\n\t<meta name=\"twitter:data1\" content=\"5 minuti\" \/>\n<script type=\"application\/ld+json\" class=\"yoast-schema-graph\">{\"@context\":\"https:\/\/schema.org\",\"@graph\":[{\"@type\":\"WebPage\",\"@id\":\"https:\/\/www.sprachschule-aktiv-regensburg.de\/it\/\",\"url\":\"https:\/\/www.sprachschule-aktiv-regensburg.de\/it\/\",\"name\":\"Imparare tedesco a Ratisbona: corsi di tedesco\",\"isPartOf\":{\"@id\":\"https:\/\/www.sprachschule-aktiv-regensburg.de\/#website\"},\"datePublished\":\"2013-05-31T08:44:43+00:00\",\"dateModified\":\"2026-03-15T08:49:06+00:00\",\"description\":\"La nostra scuola di lingue di tedesco a Ratisbona ha il compito di offrire a studenti di tutto il mondo una svariata offerta di corsi di tedesco.\",\"breadcrumb\":{\"@id\":\"https:\/\/www.sprachschule-aktiv-regensburg.de\/it\/#breadcrumb\"},\"inLanguage\":\"it-IT\",\"potentialAction\":[{\"@type\":\"ReadAction\",\"target\":[\"https:\/\/www.sprachschule-aktiv-regensburg.de\/it\/\"]}]},{\"@type\":\"BreadcrumbList\",\"@id\":\"https:\/\/www.sprachschule-aktiv-regensburg.de\/it\/#breadcrumb\",\"itemListElement\":[{\"@type\":\"ListItem\",\"position\":1,\"name\":\"Home\",\"item\":\"https:\/\/www.sprachschule-aktiv-regensburg.de\/it\/\"},{\"@type\":\"ListItem\",\"position\":2,\"name\":\"Home\"}]},{\"@type\":\"WebSite\",\"@id\":\"https:\/\/www.sprachschule-aktiv-regensburg.de\/#website\",\"url\":\"https:\/\/www.sprachschule-aktiv-regensburg.de\/\",\"name\":\"Sprachschule Aktiv Regensburg\",\"description\":\"\",\"potentialAction\":[{\"@type\":\"SearchAction\",\"target\":{\"@type\":\"EntryPoint\",\"urlTemplate\":\"https:\/\/www.sprachschule-aktiv-regensburg.de\/?s={search_term_string}\"},\"query-input\":{\"@type\":\"PropertyValueSpecification\",\"valueRequired\":true,\"valueName\":\"search_term_string\"}}],\"inLanguage\":\"it-IT\"}]}<\/script>\n<!-- \/ Yoast SEO plugin. -->","yoast_head_json":{"title":"Imparare tedesco a Ratisbona: corsi di tedesco","description":"La nostra scuola di lingue di tedesco a Ratisbona ha il compito di offrire a studenti di tutto il mondo una svariata offerta di corsi di tedesco.","robots":{"index":"index","follow":"follow","max-snippet":"max-snippet:-1","max-image-preview":"max-image-preview:large","max-video-preview":"max-video-preview:-1"},"canonical":"https:\/\/www.sprachschule-aktiv-regensburg.de\/it\/","og_locale":"it_IT","og_type":"article","og_title":"Imparare tedesco a Ratisbona: corsi di tedesco","og_description":"La nostra scuola di lingue di tedesco a Ratisbona ha il compito di offrire a studenti di tutto il mondo una svariata offerta di corsi di tedesco.","og_url":"https:\/\/www.sprachschule-aktiv-regensburg.de\/it\/","og_site_name":"Sprachschule Aktiv Regensburg","article_modified_time":"2026-03-15T08:49:06+00:00","twitter_card":"summary_large_image","twitter_misc":{"Tempo di lettura stimato":"5 minuti"},"schema":{"@context":"https:\/\/schema.org","@graph":[{"@type":"WebPage","@id":"https:\/\/www.sprachschule-aktiv-regensburg.de\/it\/","url":"https:\/\/www.sprachschule-aktiv-regensburg.de\/it\/","name":"Imparare tedesco a Ratisbona: corsi di tedesco","isPartOf":{"@id":"https:\/\/www.sprachschule-aktiv-regensburg.de\/#website"},"datePublished":"2013-05-31T08:44:43+00:00","dateModified":"2026-03-15T08:49:06+00:00","description":"La nostra scuola di lingue di tedesco a Ratisbona ha il compito di offrire a studenti di tutto il mondo una svariata offerta di corsi di tedesco.","breadcrumb":{"@id":"https:\/\/www.sprachschule-aktiv-regensburg.de\/it\/#breadcrumb"},"inLanguage":"it-IT","potentialAction":[{"@type":"ReadAction","target":["https:\/\/www.sprachschule-aktiv-regensburg.de\/it\/"]}]},{"@type":"BreadcrumbList","@id":"https:\/\/www.sprachschule-aktiv-regensburg.de\/it\/#breadcrumb","itemListElement":[{"@type":"ListItem","position":1,"name":"Home","item":"https:\/\/www.sprachschule-aktiv-regensburg.de\/it\/"},{"@type":"ListItem","position":2,"name":"Home"}]},{"@type":"WebSite","@id":"https:\/\/www.sprachschule-aktiv-regensburg.de\/#website","url":"https:\/\/www.sprachschule-aktiv-regensburg.de\/","name":"Sprachschule Aktiv Regensburg","description":"","potentialAction":[{"@type":"SearchAction","target":{"@type":"EntryPoint","urlTemplate":"https:\/\/www.sprachschule-aktiv-regensburg.de\/?s={search_term_string}"},"query-input":{"@type":"PropertyValueSpecification","valueRequired":true,"valueName":"search_term_string"}}],"inLanguage":"it-IT"}]}},"_links":{"self":[{"href":"https:\/\/www.sprachschule-aktiv-regensburg.de\/it\/wp-json\/wp\/v2\/pages\/5641","targetHints":{"allow":["GET"]}}],"collection":[{"href":"https:\/\/www.sprachschule-aktiv-regensburg.de\/it\/wp-json\/wp\/v2\/pages"}],"about":[{"href":"https:\/\/www.sprachschule-aktiv-regensburg.de\/it\/wp-json\/wp\/v2\/types\/page"}],"author":[{"embeddable":true,"href":"https:\/\/www.sprachschule-aktiv-regensburg.de\/it\/wp-json\/wp\/v2\/users\/2"}],"replies":[{"embeddable":true,"href":"https:\/\/www.sprachschule-aktiv-regensburg.de\/it\/wp-json\/wp\/v2\/comments?post=5641"}],"version-history":[{"count":17,"href":"https:\/\/www.sprachschule-aktiv-regensburg.de\/it\/wp-json\/wp\/v2\/pages\/5641\/revisions"}],"predecessor-version":[{"id":6145,"href":"https:\/\/www.sprachschule-aktiv-regensburg.de\/it\/wp-json\/wp\/v2\/pages\/5641\/revisions\/6145"}],"wp:attachment":[{"href":"https:\/\/www.sprachschule-aktiv-regensburg.de\/it\/wp-json\/wp\/v2\/media?parent=5641"}],"curies":[{"name":"wp","href":"https:\/\/api.w.org\/{rel}","templated":true}]}}