{"id":5695,"date":"2013-05-31T08:44:43","date_gmt":"2013-05-31T08:44:43","guid":{"rendered":"https:\/\/www.sprachschule-aktiv-regensburg.de\/es\/home\/"},"modified":"2026-03-15T09:00:32","modified_gmt":"2026-03-15T09:00:32","slug":"home","status":"publish","type":"page","link":"https:\/\/www.sprachschule-aktiv-regensburg.de\/es\/","title":{"rendered":"Home"},"content":{"rendered":"<p>[vc_row full_width=&#8221;stretch_row_content_no_spaces&#8221;][vc_column][vc_single_image image=&#8221;9220&#8243; img_size=&#8221;full&#8221; alignment=&#8221;center&#8221;][\/vc_column][\/vc_row][vc_row css=&#8221;.vc_custom_1489569322649{padding-top: 30px !important;padding-bottom: 20px !important;}&#8221;][vc_column][vc_column_text]<\/p>\n<h1>Aprender alem\u00e1n en Ratisbona: Cursos de alem\u00e1n para principiantes y avanzados en Regensburg<\/h1>\n<p>[\/vc_column_text][vc_row_inner][vc_column_inner width=&#8221;1\/2&#8243;][vc_video link=&#8221;https:\/\/www.youtube.com\/embed\/xOuc5QMA6iM&#8221;][\/vc_column_inner][vc_column_inner width=&#8221;1\/2&#8243;][vc_column_text]Nuestra escuela de alem\u00e1n en Ratisbona, tiene como objetivo ofrecer din\u00e1micas clases de alem\u00e1n para principiantes y avanzados, contando con alumnos de todo el mundo. Es sabido que la mejor manera de aprender un idioma es en el pa\u00eds donde se habla. Por lo tanto, aprender alem\u00e1n en Alemania es el m\u00e9todo m\u00e1s r\u00e1pido y eficaz para adquirir nuevos conocimientos de la lengua, o para mejorar su alem\u00e1n en muy poco tiempo.[\/vc_column_text][\/vc_column_inner][\/vc_row_inner][\/vc_column][\/vc_row][vc_row full_width=&#8221;stretch_row&#8221; css=&#8221;.vc_custom_1489569295748{padding-top: 40px !important;padding-bottom: 40px !important;background-color: #f9f9f9 !important;}&#8221;][vc_column][vc_column_text]<\/p>\n<h2>Nuestro curso intensivo de alem\u00e1n A1 \/ A2 \/ B1\/ B2 \/ C1\/ C2<\/h2>\n<p>[\/vc_column_text][vc_column_text]Plan de estudio, Precio e Inicio del Curso.<\/p>\n<p><strong>Curso Intensivo<\/strong><br \/>\n<strong>Horario<\/strong>: Lunes a Viernes de 9:00 a 12:00<br \/>\n<strong>Fecha de inicio para curso nivel principiante<\/strong>: Primer lunes de cada mes.<br \/>\n<strong>Fecha de inicio para curso nivel avanzado<\/strong>: Es posible ingresar todos los lunes.<br \/>\n<strong><br \/>\nPrecios:<\/strong><\/p>\n<ul>\n<li>1 semana: 199 \u20ac<\/li>\n<li>2 semanas: 349 \u20ac<\/li>\n<li>3 semanas: 449 \u20ac<\/li>\n<li>4 semanas (por mes): 499 \u20ac<\/li>\n<li>Si reservas dos meses o m\u00e1s, pagas 449 \u20ac al mes.<\/li>\n<\/ul>\n<p>[\/vc_column_text][\/vc_column][\/vc_row][vc_row full_width=&#8221;stretch_row&#8221; equal_height=&#8221;yes&#8221; content_placement=&#8221;middle&#8221; tc_enable_overlay=&#8221;true&#8221; css=&#8221;.vc_custom_1773556943336{padding-top: 30px !important;padding-bottom: 30px !important;}&#8221; el_class=&#8221;action-box m-b-none theme-bg-color&#8221;][vc_column width=&#8221;2\/3&#8243; css=&#8221;.vc_custom_1489228440142{padding-right: 20px !important;}&#8221;][vc_column_text]<\/p>\n<h3>\u00bfNecesitas m\u00e1s informaci\u00f3n? Cont\u00e1ctanos<\/h3>\n<p>Nuestra escuela de alem\u00e1n en Regensburg, tiene como objetivo ofrecer din\u00e1micas clases de alem\u00e1n para principiantes y avanzados.<\/p>\n<p>[\/vc_column_text][\/vc_column][vc_column width=&#8221;1\/3&#8243;][vc_column_text]<a class=\"whyaweb-kontakt\" href=\"#\">Contacta con nosotros<\/a>[\/vc_column_text][\/vc_column][\/vc_row][vc_row css=&#8221;.vc_custom_1489569850167{padding-top: 40px !important;padding-bottom: 40px !important;}&#8221;][vc_column][vc_column_text]<\/p>\n<h2>Curso de alem\u00e1n en un peque\u00f1o grupo de m\u00e1ximo 7 participantes<\/h2>\n<p>Si te gustar\u00eda aprender alem\u00e1n como segunda lengua, en nuestra escuela estar\u00e1s en buenas manos. Tenemos a\u00f1os de experiencia y nuestro personal est\u00e1 especialmente capacitado para ense\u00f1ar la complicada gram\u00e1tica alemana, su vocabulario, los tiempos y las normas especiales, a quien est\u00e9 dispuesto a aprenderlas.<\/p>\n<p>No solamente garantizamos aprender el idioma, sino tambi\u00e9n profesores capacitados y cursos peque\u00f1os. Porque un grupo reducido asegura una mejor interacci\u00f3n, siendo esta la forma m\u00e1s f\u00e1cil para aprender intensivamente y tambi\u00e9n disfrutando (Esto se aplica tanto para los cursos principiantes como para los niveles avanzados).<\/p>\n<h2>Nuestra escuela de alem\u00e1n en Regensburg \/ Ratisbona<\/h2>\n<p>Nuestra escuela de alem\u00e1n en Regensburg se encuentra ubicada en el centro. Nos puede encontrar en St.Georgen Platz 10, 93047 Regensburg. Ofrecemos diversos cursos: A1 para principiantes, B1 para nivel intermedio y C2 para nivel avanzado. Adem\u00e1s, contamos con distintos cursos especializados, por ejemplo; un curso de alem\u00e1n especializado en negocios, en empresas o tambi\u00e9n un curso de alem\u00e1n para preparar un examen.<\/p>\n<p>Independiente si est\u00e1s empezando de cero, si es que ya sabes algo o si solamente quieres perfeccionar tus habilidades en el idioma, en la Sprachschule Aktiv de Regensburg siempre podr\u00e1s encontrar un curso de alem\u00e1n adecuado para ti. Si es que no est\u00e1s seguro del nivel que tienes, puedes rendir una prueba de nivelaci\u00f3n totalmente gratis y junto a \u00e9sta te recomendamos los cursos adecuados para tu nivel.<\/p>\n<p>Aprender alem\u00e1n seg\u00fan temas espec\u00edficos no es un problema en nuestra escuela, contamos con diversos cursos especializados en distintas tem\u00e1ticas; si te interesa aprender por ejemplo, alem\u00e1n de negocios o de empresas as\u00ed tambi\u00e9n alem\u00e1n para medicina. Tambi\u00e9n organizamos cursos de alem\u00e1n para preparar ex\u00e1menes tales como el \u201cDeutsches Sprachdiplom\u201d o los certificados TELC DTZ o TestDaf\/DSH.<\/p>\n<p>\u00a1En nuestra escuela, podr\u00e1s encontrar el curso adecuado para las metas que quieras cumplir con el idioma alem\u00e1n![\/vc_column_text][\/vc_column][\/vc_row][vc_row full_width=&#8221;stretch_row&#8221; css=&#8221;.vc_custom_1489569924832{padding-top: 40px !important;padding-bottom: 40px !important;background-color: #f9f9f9 !important;}&#8221;][vc_column][vc_column_text]<\/p>\n<h2>Aprender alem\u00e1n en Regensburg con alojamiento y actividades recreativas<\/h2>\n<p>Si quieres aprender alem\u00e1n en Alemania, contamos con clases de alem\u00e1n y alojamiento. Si deseas realizar el curso de alem\u00e1n en Regensburg, puedes visitar nuestro sitio web y te podemos ayudar a encontrar alojamiento. Contamos con varios contactos de familias que est\u00e1n esperando recibirte. Deseamos ofrecerte la mejor manera de experimentar el contacto directo con el idioma y las costumbres alemanas. Sin embargo, si deseas permanecer solo, te ayudamos a encontrar alojamiento en un hostal u hotel, adem\u00e1s de las clases de alem\u00e1n.<\/p>\n<p>Dado a las clases de alem\u00e1n realizadas en Regensburg, organizamos excursiones y una amplia gama de actividades recreativas. Es por esto, que ofrecemos este curso d\u00f3nde puedes f\u00e1cilmente aprender alem\u00e1n sin tener que preocuparte por la organizaci\u00f3n de actividades permiti\u00e9ndote as\u00ed solo disfrutar de tu experiencia en Regensburg.<\/p>\n<p>\u00a1Visita nuestra Spachschule Aktiv en Regensburg y ven a vivir una experiencia inolvidable!<\/p>\n<p>\u00bfD\u00f3nde estamos?[\/vc_column_text][vc_gmaps link=&#8221;#E-8_JTNDaWZyYW1lJTIwc3R5bGUlM0QlMjJib3JkZXIlM0ElMjAwJTNCJTIyJTIwc3JjJTNEJTIyaHR0cHMlM0ElMkYlMkZ3d3cuZ29vZ2xlLmNvbSUyRm1hcHMlMkZlbWJlZCUzRnBiJTNEJTIxMW0xNCUyMTFtOCUyMTFtMyUyMTFkMTA0NjYuNzY4NzI0NzMwMTElMjEyZDEyLjA5NjQzMjIlMjEzZDQ5LjAxNjQ0MDklMjEzbTIlMjExaTEwMjQlMjEyaTc2OCUyMTRmMTMuMSUyMTNtMyUyMTFtMiUyMTFzMHgwJTI1M0EweDlkMDY4NmI0MzRiYjI2Y2YlMjEyc1NwcmFjaHNjaHVsZSUyQkFrdGl2JTJCUmVnZW5zYnVyZyUyMTVlMCUyMTNtMiUyMTFzZGUlMjEyc2RlJTIxNHYxNDUzODc5MDkzMDIxJTIyJTIwd2lkdGglM0QlMjIxMDAlMjUlMjIlMjBoZWlnaHQlM0QlMjIzMDAlMjIlMjBmcmFtZWJvcmRlciUzRCUyMjAlMjIlMjBhbGxvd2Z1bGxzY3JlZW4lM0QlMjJhbGxvd2Z1bGxzY3JlZW4lMjIlM0UlM0MlMkZpZnJhbWUlM0U=&#8221;][\/vc_column][\/vc_row]<\/p>\n","protected":false},"excerpt":{"rendered":"<p>[vc_row full_width=&#8221;stretch_row_content_no_spaces&#8221;][vc_column][vc_single_image image=&#8221;9220&#8243; img_size=&#8221;full&#8221; alignment=&#8221;center&#8221;][\/vc_column][\/vc_row][vc_row css=&#8221;.vc_custom_1489569322649{padding-top: 30px !important;padding-bottom: 20px !important;}&#8221;][vc_column][vc_column_text] Aprender alem\u00e1n en Ratisbona: Cursos de alem\u00e1n para principiantes y avanzados en Regensburg [\/vc_column_text][vc_row_inner][vc_column_inner width=&#8221;1\/2&#8243;][vc_video link=&#8221;https:\/\/www.youtube.com\/embed\/xOuc5QMA6iM&#8221;][\/vc_column_inner][vc_column_inner width=&#8221;1\/2&#8243;][vc_column_text]Nuestra escuela de alem\u00e1n en Ratisbona, tiene como objetivo ofrecer din\u00e1micas clases de alem\u00e1n para principiantes y avanzados, contando con alumnos de todo el mundo. Es sabido que la&hellip; <a class=\"read-more\" href=\"https:\/\/www.sprachschule-aktiv-regensburg.de\/es\/\" title=\"Read Home\">Read more &raquo;<\/a><\/p>\n","protected":false},"author":2,"featured_media":0,"parent":0,"menu_order":0,"comment_status":"closed","ping_status":"closed","template":"templates\/page-vc_compatible.php","meta":{"footnotes":""},"class_list":["post-5695","page","type-page","status-publish","hentry"],"yoast_head":"<!-- This site is optimized with the Yoast SEO plugin v27.1.1 - https:\/\/yoast.com\/product\/yoast-seo-wordpress\/ -->\n<title>Aprender alem\u00e1n en Ratisbona. Cursos de alem\u00e1n Regensburg<\/title>\n<meta name=\"description\" content=\"Aprender alem\u00e1n en Ratisbona. Cursos de alem\u00e1n en Regensburg para principiantes y avanzados. Escuela de alem\u00e1n (A1-C2).\" \/>\n<meta name=\"robots\" content=\"index, follow, max-snippet:-1, max-image-preview:large, max-video-preview:-1\" \/>\n<link rel=\"canonical\" href=\"https:\/\/www.sprachschule-aktiv-regensburg.de\/es\/\" \/>\n<meta property=\"og:locale\" content=\"es_ES\" \/>\n<meta property=\"og:type\" content=\"article\" \/>\n<meta property=\"og:title\" content=\"Aprender alem\u00e1n en Ratisbona. Cursos de alem\u00e1n Regensburg\" \/>\n<meta property=\"og:description\" content=\"Aprender alem\u00e1n en Ratisbona. Cursos de alem\u00e1n en Regensburg para principiantes y avanzados. Escuela de alem\u00e1n (A1-C2).\" \/>\n<meta property=\"og:url\" content=\"https:\/\/www.sprachschule-aktiv-regensburg.de\/es\/\" \/>\n<meta property=\"og:site_name\" content=\"Sprachschule Aktiv Regensburg\" \/>\n<meta property=\"article:modified_time\" content=\"2026-03-15T09:00:32+00:00\" \/>\n<meta name=\"twitter:card\" content=\"summary_large_image\" \/>\n<meta name=\"twitter:label1\" content=\"Tiempo de lectura\" \/>\n\t<meta name=\"twitter:data1\" content=\"5 minutos\" \/>\n<script type=\"application\/ld+json\" class=\"yoast-schema-graph\">{\"@context\":\"https:\/\/schema.org\",\"@graph\":[{\"@type\":\"WebPage\",\"@id\":\"https:\/\/www.sprachschule-aktiv-regensburg.de\/es\/\",\"url\":\"https:\/\/www.sprachschule-aktiv-regensburg.de\/es\/\",\"name\":\"Aprender alem\u00e1n en Ratisbona. Cursos de alem\u00e1n Regensburg\",\"isPartOf\":{\"@id\":\"https:\/\/www.sprachschule-aktiv-regensburg.de\/#website\"},\"datePublished\":\"2013-05-31T08:44:43+00:00\",\"dateModified\":\"2026-03-15T09:00:32+00:00\",\"description\":\"Aprender alem\u00e1n en Ratisbona. Cursos de alem\u00e1n en Regensburg para principiantes y avanzados. Escuela de alem\u00e1n (A1-C2).\",\"breadcrumb\":{\"@id\":\"https:\/\/www.sprachschule-aktiv-regensburg.de\/es\/#breadcrumb\"},\"inLanguage\":\"es\",\"potentialAction\":[{\"@type\":\"ReadAction\",\"target\":[\"https:\/\/www.sprachschule-aktiv-regensburg.de\/es\/\"]}]},{\"@type\":\"BreadcrumbList\",\"@id\":\"https:\/\/www.sprachschule-aktiv-regensburg.de\/es\/#breadcrumb\",\"itemListElement\":[{\"@type\":\"ListItem\",\"position\":1,\"name\":\"Home\",\"item\":\"https:\/\/www.sprachschule-aktiv-regensburg.de\/es\/\"},{\"@type\":\"ListItem\",\"position\":2,\"name\":\"Home\"}]},{\"@type\":\"WebSite\",\"@id\":\"https:\/\/www.sprachschule-aktiv-regensburg.de\/#website\",\"url\":\"https:\/\/www.sprachschule-aktiv-regensburg.de\/\",\"name\":\"Sprachschule Aktiv Regensburg\",\"description\":\"\",\"potentialAction\":[{\"@type\":\"SearchAction\",\"target\":{\"@type\":\"EntryPoint\",\"urlTemplate\":\"https:\/\/www.sprachschule-aktiv-regensburg.de\/?s={search_term_string}\"},\"query-input\":{\"@type\":\"PropertyValueSpecification\",\"valueRequired\":true,\"valueName\":\"search_term_string\"}}],\"inLanguage\":\"es\"}]}<\/script>\n<!-- \/ Yoast SEO plugin. -->","yoast_head_json":{"title":"Aprender alem\u00e1n en Ratisbona. Cursos de alem\u00e1n Regensburg","description":"Aprender alem\u00e1n en Ratisbona. Cursos de alem\u00e1n en Regensburg para principiantes y avanzados. Escuela de alem\u00e1n (A1-C2).","robots":{"index":"index","follow":"follow","max-snippet":"max-snippet:-1","max-image-preview":"max-image-preview:large","max-video-preview":"max-video-preview:-1"},"canonical":"https:\/\/www.sprachschule-aktiv-regensburg.de\/es\/","og_locale":"es_ES","og_type":"article","og_title":"Aprender alem\u00e1n en Ratisbona. Cursos de alem\u00e1n Regensburg","og_description":"Aprender alem\u00e1n en Ratisbona. Cursos de alem\u00e1n en Regensburg para principiantes y avanzados. Escuela de alem\u00e1n (A1-C2).","og_url":"https:\/\/www.sprachschule-aktiv-regensburg.de\/es\/","og_site_name":"Sprachschule Aktiv Regensburg","article_modified_time":"2026-03-15T09:00:32+00:00","twitter_card":"summary_large_image","twitter_misc":{"Tiempo de lectura":"5 minutos"},"schema":{"@context":"https:\/\/schema.org","@graph":[{"@type":"WebPage","@id":"https:\/\/www.sprachschule-aktiv-regensburg.de\/es\/","url":"https:\/\/www.sprachschule-aktiv-regensburg.de\/es\/","name":"Aprender alem\u00e1n en Ratisbona. Cursos de alem\u00e1n Regensburg","isPartOf":{"@id":"https:\/\/www.sprachschule-aktiv-regensburg.de\/#website"},"datePublished":"2013-05-31T08:44:43+00:00","dateModified":"2026-03-15T09:00:32+00:00","description":"Aprender alem\u00e1n en Ratisbona. Cursos de alem\u00e1n en Regensburg para principiantes y avanzados. Escuela de alem\u00e1n (A1-C2).","breadcrumb":{"@id":"https:\/\/www.sprachschule-aktiv-regensburg.de\/es\/#breadcrumb"},"inLanguage":"es","potentialAction":[{"@type":"ReadAction","target":["https:\/\/www.sprachschule-aktiv-regensburg.de\/es\/"]}]},{"@type":"BreadcrumbList","@id":"https:\/\/www.sprachschule-aktiv-regensburg.de\/es\/#breadcrumb","itemListElement":[{"@type":"ListItem","position":1,"name":"Home","item":"https:\/\/www.sprachschule-aktiv-regensburg.de\/es\/"},{"@type":"ListItem","position":2,"name":"Home"}]},{"@type":"WebSite","@id":"https:\/\/www.sprachschule-aktiv-regensburg.de\/#website","url":"https:\/\/www.sprachschule-aktiv-regensburg.de\/","name":"Sprachschule Aktiv Regensburg","description":"","potentialAction":[{"@type":"SearchAction","target":{"@type":"EntryPoint","urlTemplate":"https:\/\/www.sprachschule-aktiv-regensburg.de\/?s={search_term_string}"},"query-input":{"@type":"PropertyValueSpecification","valueRequired":true,"valueName":"search_term_string"}}],"inLanguage":"es"}]}},"_links":{"self":[{"href":"https:\/\/www.sprachschule-aktiv-regensburg.de\/es\/wp-json\/wp\/v2\/pages\/5695","targetHints":{"allow":["GET"]}}],"collection":[{"href":"https:\/\/www.sprachschule-aktiv-regensburg.de\/es\/wp-json\/wp\/v2\/pages"}],"about":[{"href":"https:\/\/www.sprachschule-aktiv-regensburg.de\/es\/wp-json\/wp\/v2\/types\/page"}],"author":[{"embeddable":true,"href":"https:\/\/www.sprachschule-aktiv-regensburg.de\/es\/wp-json\/wp\/v2\/users\/2"}],"replies":[{"embeddable":true,"href":"https:\/\/www.sprachschule-aktiv-regensburg.de\/es\/wp-json\/wp\/v2\/comments?post=5695"}],"version-history":[{"count":20,"href":"https:\/\/www.sprachschule-aktiv-regensburg.de\/es\/wp-json\/wp\/v2\/pages\/5695\/revisions"}],"predecessor-version":[{"id":8195,"href":"https:\/\/www.sprachschule-aktiv-regensburg.de\/es\/wp-json\/wp\/v2\/pages\/5695\/revisions\/8195"}],"wp:attachment":[{"href":"https:\/\/www.sprachschule-aktiv-regensburg.de\/es\/wp-json\/wp\/v2\/media?parent=5695"}],"curies":[{"name":"wp","href":"https:\/\/api.w.org\/{rel}","templated":true}]}}